{"id":735929,"date":"2025-08-27T22:57:45","date_gmt":"2025-08-27T19:57:45","guid":{"rendered":"https:\/\/roveyayinevi.com.tr\/index.php\/urun\/kalbimdeki-uzak-dogu\/"},"modified":"2026-04-16T02:44:39","modified_gmt":"2026-04-15T23:44:39","slug":"kalbimdeki-uzak-dogu","status":"publish","type":"product","link":"https:\/\/roveyayinevi.com.tr\/index.php\/urun\/kalbimdeki-uzak-dogu\/","title":{"rendered":"Kalbimdeki Uzak Do\u011fu"},"content":{"rendered":"<p>G\u00fcneydo\u011fu Asya\u2019n\u0131n bende \u00e7ok \u00f6zel bir yeri var. Sanki t\u00fcm h\u00fccrelerim bana oraya ait oldu\u011fumu f\u0131s\u0131ld\u0131yor. Nereye gidersem gideyim akl\u0131m\u0131n bir k\u00f6\u015fesi hep G\u00fcneydo\u011fu Asya\u2019da tak\u0131l\u0131 kal\u0131yor. Adeta kara sevdaya tutulmu\u015f gibiyim.Bu kitapta Uzak Do\u011fu\u2019da gitti\u011fim Tayland, Kambo\u00e7ya, Laos, Vietnam, Myanmar, Endonezya, Filipinler, Tayvan, Brunei, Singapur\u2019u birlikte gezece\u011fiz. Haydi, siz de i\u00e7inizdeki m\u00fczi\u011fin sesine kulak verin, ad\u0131mlar\u0131n\u0131z\u0131 ritme b\u0131rak\u0131n, ser\u00fcvenimde bana e\u015flik edin. \u201cD\u00fcn \u00e7oktan gitti, gelecek hen\u00fcz burada de\u011fil. Sahip oldu\u011fumuz tek \u015fey bug\u00fcn ve bu da ya\u015fayabilece\u011fimiz en g\u00fczel g\u00fcn.TH\u0130CH NHAT HANH\u2018KALB\u0130MDEK\u0130 UZAK DO\u011eU\u2019Bu kitapta gezmek kadar yazmay\u0131 ve gezip yazd\u0131klar\u0131n\u0131 \u00e7ok sevdi\u011fi okurlar\u0131yla payla\u015fmay\u0131 tutku haline getirmi\u015f bir yazar\u0131n keyif, heyecan, mutluluk i\u00e7inde yaz\u0131lm\u0131\u015f notlar\u0131n\u0131 bulacaks\u0131n\u0131z. Kitab\u0131n gelirinin tamam\u0131 \u00c7a\u011fda\u015f Ya\u015fam\u0131 Destekleme Derne\u011fine ba\u011f\u0131\u015flanacakt\u0131r.<\/p>\n","protected":false},"excerpt":{"rendered":"<p>G\u00fcneydo\u011fu Asya\u2019n\u0131n bende \u00e7ok \u00f6zel bir yeri var. Sanki t\u00fcm h\u00fccrelerim bana oraya ait oldu\u011fumu f\u0131s\u0131ld\u0131yor. Nereye gidersem gideyim akl\u0131m\u0131n bir k\u00f6\u015fesi hep G\u00fcneydo\u011fu Asya\u2019da tak\u0131l\u0131<span class=\"excerpt-hellip\"> [\u2026]<\/span><\/p>\n","protected":false},"featured_media":0,"template":"","meta":{"_monsterinsights_skip_tracking":false,"_monsterinsights_sitenote_active":false,"_monsterinsights_sitenote_note":"","_monsterinsights_sitenote_category":0},"product_brand":[],"product_cat":[13055,13054],"product_tag":[],"class_list":{"0":"post-735929","1":"product","2":"type-product","3":"status-publish","5":"product_cat-gezi-rehberi","6":"product_cat-gezi-ve-rehber-kitaplari","7":"pa_cilt-ciltsiz","8":"pa_tur-kitap","9":"pa_yayinevi-atayurt-yayinlari","10":"pa_yazar-yaprak-gurdal","12":"first","13":"instock","14":"sale","15":"shipping-taxable","16":"purchasable","17":"product-type-simple"},"_links":{"self":[{"href":"https:\/\/roveyayinevi.com.tr\/index.php\/wp-json\/wp\/v2\/product\/735929","targetHints":{"allow":["GET"]}}],"collection":[{"href":"https:\/\/roveyayinevi.com.tr\/index.php\/wp-json\/wp\/v2\/product"}],"about":[{"href":"https:\/\/roveyayinevi.com.tr\/index.php\/wp-json\/wp\/v2\/types\/product"}],"wp:attachment":[{"href":"https:\/\/roveyayinevi.com.tr\/index.php\/wp-json\/wp\/v2\/media?parent=735929"}],"wp:term":[{"taxonomy":"product_brand","embeddable":true,"href":"https:\/\/roveyayinevi.com.tr\/index.php\/wp-json\/wp\/v2\/product_brand?post=735929"},{"taxonomy":"product_cat","embeddable":true,"href":"https:\/\/roveyayinevi.com.tr\/index.php\/wp-json\/wp\/v2\/product_cat?post=735929"},{"taxonomy":"product_tag","embeddable":true,"href":"https:\/\/roveyayinevi.com.tr\/index.php\/wp-json\/wp\/v2\/product_tag?post=735929"}],"curies":[{"name":"wp","href":"https:\/\/api.w.org\/{rel}","templated":true}]}}