{"id":735927,"date":"2025-08-27T22:57:42","date_gmt":"2025-08-27T19:57:42","guid":{"rendered":"https:\/\/roveyayinevi.com.tr\/index.php\/urun\/cocuk-kostebek-tilki-ve-at-ciltli\/"},"modified":"2026-03-24T23:25:09","modified_gmt":"2026-03-24T20:25:09","slug":"cocuk-kostebek-tilki-ve-at-ciltli","status":"publish","type":"product","link":"https:\/\/roveyayinevi.com.tr\/index.php\/urun\/cocuk-kostebek-tilki-ve-at-ciltli\/","title":{"rendered":"\u00c7ocuk, K\u00f6stebek, Tilki ve At (Ciltli)"},"content":{"rendered":"<p>\u201cYA\u015eAMAM GEREKEN D\u00dcNYA BURASI AMA KE\u015eKE ORADA YA\u015eASAM DED\u0130\u011e\u0130M D\u00dcNYA, MACKESY\u2019N\u0130N YARATTI\u011eI D\u00dcNYA.\u201d\u2013 ELIZABETH GILBERT   \u201cSEVG\u0130, DOSTLUK VE \u0130Y\u0130 KALPL\u0130L\u0130K \u2013 BU K\u0130TAP EVRENSEL B\u0130R D\u0130L KONU\u015eUYOR.\u201d \u2013 BEAR GRYLLS   \u201cHAR\u0130KA B\u0130R SANAT ESER\u0130 VE \u0130NSAN KALB\u0130NE A\u00c7ILAN HAR\u0130KA B\u0130R PENCERE.\u201d \u2013 RICHARD CURTIS   \u201cA\u00c7IK\u00c7ASI D\u00dcNYANIN \u015eU ANDA CHARLIE\u2019N\u0130N YAPITINA \u0130HT\u0130YACI VAR.\u201d \u2013 MIRANDA HART <\/p>\n","protected":false},"excerpt":{"rendered":"<p>\u201cYA\u015eAMAM GEREKEN D\u00dcNYA BURASI AMA KE\u015eKE ORADA YA\u015eASAM DED\u0130\u011e\u0130M D\u00dcNYA, MACKESY\u2019N\u0130N YARATTI\u011eI D\u00dcNYA.\u201d\u2013 ELIZABETH GILBERT \u201cSEVG\u0130, DOSTLUK VE \u0130Y\u0130 KALPL\u0130L\u0130K \u2013 BU K\u0130TAP EVRENSEL B\u0130R D\u0130L<span class=\"excerpt-hellip\"> [\u2026]<\/span><\/p>\n","protected":false},"featured_media":0,"template":"","meta":{"_monsterinsights_skip_tracking":false,"_monsterinsights_sitenote_active":false,"_monsterinsights_sitenote_note":"","_monsterinsights_sitenote_category":0},"product_brand":[],"product_cat":[12291,12711],"product_tag":[],"class_list":{"0":"post-735927","1":"product","2":"type-product","3":"status-publish","5":"product_cat-edebiyat","6":"product_cat-roman-oyku","7":"pa_cilt-ciltli","8":"pa_tur-kitap","9":"pa_yayinevi-mundi","10":"pa_yazar-charlie-mackesy","12":"first","13":"outofstock","14":"sale","15":"shipping-taxable","16":"purchasable","17":"product-type-simple"},"_links":{"self":[{"href":"https:\/\/roveyayinevi.com.tr\/index.php\/wp-json\/wp\/v2\/product\/735927","targetHints":{"allow":["GET"]}}],"collection":[{"href":"https:\/\/roveyayinevi.com.tr\/index.php\/wp-json\/wp\/v2\/product"}],"about":[{"href":"https:\/\/roveyayinevi.com.tr\/index.php\/wp-json\/wp\/v2\/types\/product"}],"wp:attachment":[{"href":"https:\/\/roveyayinevi.com.tr\/index.php\/wp-json\/wp\/v2\/media?parent=735927"}],"wp:term":[{"taxonomy":"product_brand","embeddable":true,"href":"https:\/\/roveyayinevi.com.tr\/index.php\/wp-json\/wp\/v2\/product_brand?post=735927"},{"taxonomy":"product_cat","embeddable":true,"href":"https:\/\/roveyayinevi.com.tr\/index.php\/wp-json\/wp\/v2\/product_cat?post=735927"},{"taxonomy":"product_tag","embeddable":true,"href":"https:\/\/roveyayinevi.com.tr\/index.php\/wp-json\/wp\/v2\/product_tag?post=735927"}],"curies":[{"name":"wp","href":"https:\/\/api.w.org\/{rel}","templated":true}]}}