{"id":735926,"date":"2025-08-27T22:57:41","date_gmt":"2025-08-27T19:57:41","guid":{"rendered":"https:\/\/roveyayinevi.com.tr\/index.php\/urun\/dr-airanin-mucizevi-tedavileri\/"},"modified":"2026-04-12T02:50:51","modified_gmt":"2026-04-11T23:50:51","slug":"dr-airanin-mucizevi-tedavileri","status":"publish","type":"product","link":"https:\/\/roveyayinevi.com.tr\/index.php\/urun\/dr-airanin-mucizevi-tedavileri\/","title":{"rendered":"Dr. Aira&#8217;n\u0131n Mucizevi Tedavileri"},"content":{"rendered":"<p>Bir g\u00fcn, \u015fafak s\u00f6kerken, Dr. AIra kendini Buenos AIres\u2019in mahallelerinden birindeki a\u011fa\u00e7l\u0131 bir sokakta y\u00fcr\u00fcrken buldu. Bir t\u00fcr uyurgezerlikten mustaripti ve asl\u0131nda hepsi birbirinin ayn\u0131 oldu\u011fundan gayet iyi tan\u0131sa da kendisine o s\u0131rada yabanc\u0131 gelen sokaklarda ay\u0131ld\u0131\u011f\u0131 nadir de\u011fildi. Kimilerinin deha, kimilerinin ise \u015farlatan olarak g\u00f6rd\u00fc\u011f\u00fc Dr. AIra \u00fcn\u00fcn\u00fcn temelindeki mucizelere art\u0131k katlanam\u0131yor. En b\u00fcy\u00fck arzusu Mucizevi Tedaviler projesini yaz\u0131ya d\u00f6kerek somutla\u015ft\u0131rmak. Ama \u00f6nce ba\u015f d\u00fc\u015fman\u0131 Dr. Actyn\u2019in tertipledi\u011fi tuzaklardan s\u0131yr\u0131lmas\u0131 gerek. Dr. Aira\u2019n\u0131n Mucizevi Tedavileri C\u00e9sar AIra\u2019n\u0131n kendine has edebiyat, d\u00fc\u015f\u00fcnce ve ger\u00e7eklik sisteminin yarat\u0131c\u0131 bir yans\u0131mas\u0131. <\/p>\n","protected":false},"excerpt":{"rendered":"<p>Bir g\u00fcn, \u015fafak s\u00f6kerken, Dr. AIra kendini Buenos AIres\u2019in mahallelerinden birindeki a\u011fa\u00e7l\u0131 bir sokakta y\u00fcr\u00fcrken buldu. Bir t\u00fcr uyurgezerlikten mustaripti ve asl\u0131nda hepsi birbirinin ayn\u0131 oldu\u011fundan<span class=\"excerpt-hellip\"> [\u2026]<\/span><\/p>\n","protected":false},"featured_media":0,"template":"","meta":{"_monsterinsights_skip_tracking":false,"_monsterinsights_sitenote_active":false,"_monsterinsights_sitenote_note":"","_monsterinsights_sitenote_category":0},"product_brand":[],"product_cat":[12291,12711],"product_tag":[],"class_list":{"0":"post-735926","1":"product","2":"type-product","3":"status-publish","5":"product_cat-edebiyat","6":"product_cat-roman-oyku","7":"pa_cilt-ciltsiz","8":"pa_tur-kitap","9":"pa_yayinevi-can-yayinlari","10":"pa_yazar-cesar-aira","12":"first","13":"instock","14":"sale","15":"shipping-taxable","16":"purchasable","17":"product-type-simple"},"_links":{"self":[{"href":"https:\/\/roveyayinevi.com.tr\/index.php\/wp-json\/wp\/v2\/product\/735926","targetHints":{"allow":["GET"]}}],"collection":[{"href":"https:\/\/roveyayinevi.com.tr\/index.php\/wp-json\/wp\/v2\/product"}],"about":[{"href":"https:\/\/roveyayinevi.com.tr\/index.php\/wp-json\/wp\/v2\/types\/product"}],"wp:attachment":[{"href":"https:\/\/roveyayinevi.com.tr\/index.php\/wp-json\/wp\/v2\/media?parent=735926"}],"wp:term":[{"taxonomy":"product_brand","embeddable":true,"href":"https:\/\/roveyayinevi.com.tr\/index.php\/wp-json\/wp\/v2\/product_brand?post=735926"},{"taxonomy":"product_cat","embeddable":true,"href":"https:\/\/roveyayinevi.com.tr\/index.php\/wp-json\/wp\/v2\/product_cat?post=735926"},{"taxonomy":"product_tag","embeddable":true,"href":"https:\/\/roveyayinevi.com.tr\/index.php\/wp-json\/wp\/v2\/product_tag?post=735926"}],"curies":[{"name":"wp","href":"https:\/\/api.w.org\/{rel}","templated":true}]}}