{"id":735925,"date":"2025-08-27T22:57:39","date_gmt":"2025-08-27T19:57:39","guid":{"rendered":"https:\/\/roveyayinevi.com.tr\/index.php\/urun\/kirmizi-perde\/"},"modified":"2026-04-16T02:44:39","modified_gmt":"2026-04-15T23:44:39","slug":"kirmizi-perde","status":"publish","type":"product","link":"https:\/\/roveyayinevi.com.tr\/index.php\/urun\/kirmizi-perde\/","title":{"rendered":"K\u0131rm\u0131z\u0131 Perde"},"content":{"rendered":"<p>K\u0131rm\u0131z\u0131 Perde, D\u2019Aurevilly\u2019nin ilk yay\u0131mland\u0131\u011f\u0131nda b\u00fcy\u00fck edeb\u00ee ve ahlaki tart\u0131\u015fmalara yol a\u00e7m\u0131\u015f \u015eeytani \u00d6yk\u00fcler\u2019inde toplad\u0131\u011f\u0131 alt\u0131 \u00f6yk\u00fcden biri. Bu k\u0131sa yolculuk \u00f6yk\u00fcs\u00fc, Parisli bir beyefendi ile ad\u0131 d\u00f6nemin dedikodular\u0131na s\u0131k\u00e7a kar\u0131\u015fan, etkileyici ve kendini modaya ve sosyal ya\u015fama kapt\u0131rm\u0131\u015f Brassard vikontunun sohbetiyle \u015fekillenir. D\u2019Aurevilly K\u0131rm\u0131z\u0131 Perde\u2019de bir yandan bu yolculukta anlat\u0131lan bir ya\u015fam hik\u00e2yesiyle okuru \u00f6yk\u00fc i\u00e7inde yeni bir \u00f6yk\u00fcyle tan\u0131\u015ft\u0131r\u0131rken, bir yandan da g\u00fcndelik ya\u015fam\u0131n basit objelerinin kimi zaman en derinlerde g\u00f6m\u00fcl\u00fc ge\u00e7mi\u015f an\u0131lar\u0131 ne denli ac\u0131mas\u0131zca g\u00fcn y\u00fcz\u00fcne \u00e7\u0131karabildi\u011fini g\u00f6sterir. <\/p>\n","protected":false},"excerpt":{"rendered":"<p>K\u0131rm\u0131z\u0131 Perde, D\u2019Aurevilly\u2019nin ilk yay\u0131mland\u0131\u011f\u0131nda b\u00fcy\u00fck edeb\u00ee ve ahlaki tart\u0131\u015fmalara yol a\u00e7m\u0131\u015f \u015eeytani \u00d6yk\u00fcler\u2019inde toplad\u0131\u011f\u0131 alt\u0131 \u00f6yk\u00fcden biri. Bu k\u0131sa yolculuk \u00f6yk\u00fcs\u00fc, Parisli bir beyefendi ile<span class=\"excerpt-hellip\"> [\u2026]<\/span><\/p>\n","protected":false},"featured_media":0,"template":"","meta":{"_monsterinsights_skip_tracking":false,"_monsterinsights_sitenote_active":false,"_monsterinsights_sitenote_note":"","_monsterinsights_sitenote_category":0},"product_brand":[],"product_cat":[12291,12711],"product_tag":[],"class_list":{"0":"post-735925","1":"product","2":"type-product","3":"status-publish","5":"product_cat-edebiyat","6":"product_cat-roman-oyku","7":"pa_cilt-ciltsiz","8":"pa_tur-kitap","9":"pa_yayinevi-can-yayinlari","10":"pa_yazar-jules-barbey-daurevilly","12":"first","13":"instock","14":"sale","15":"shipping-taxable","16":"purchasable","17":"product-type-simple"},"_links":{"self":[{"href":"https:\/\/roveyayinevi.com.tr\/index.php\/wp-json\/wp\/v2\/product\/735925","targetHints":{"allow":["GET"]}}],"collection":[{"href":"https:\/\/roveyayinevi.com.tr\/index.php\/wp-json\/wp\/v2\/product"}],"about":[{"href":"https:\/\/roveyayinevi.com.tr\/index.php\/wp-json\/wp\/v2\/types\/product"}],"wp:attachment":[{"href":"https:\/\/roveyayinevi.com.tr\/index.php\/wp-json\/wp\/v2\/media?parent=735925"}],"wp:term":[{"taxonomy":"product_brand","embeddable":true,"href":"https:\/\/roveyayinevi.com.tr\/index.php\/wp-json\/wp\/v2\/product_brand?post=735925"},{"taxonomy":"product_cat","embeddable":true,"href":"https:\/\/roveyayinevi.com.tr\/index.php\/wp-json\/wp\/v2\/product_cat?post=735925"},{"taxonomy":"product_tag","embeddable":true,"href":"https:\/\/roveyayinevi.com.tr\/index.php\/wp-json\/wp\/v2\/product_tag?post=735925"}],"curies":[{"name":"wp","href":"https:\/\/api.w.org\/{rel}","templated":true}]}}