{"id":735924,"date":"2025-08-27T22:57:38","date_gmt":"2025-08-27T19:57:38","guid":{"rendered":"https:\/\/roveyayinevi.com.tr\/index.php\/urun\/yedi-ses\/"},"modified":"2026-04-16T02:44:39","modified_gmt":"2026-04-15T23:44:39","slug":"yedi-ses","status":"publish","type":"product","link":"https:\/\/roveyayinevi.com.tr\/index.php\/urun\/yedi-ses\/","title":{"rendered":"Yedi Ses"},"content":{"rendered":"<p>\u201cYedi Ses, kendi k\u00f6klerinden yola \u00e7\u0131karak evrensel bir edebiyat\u0131n pe\u015fine d\u00fc\u015fen, kendi uygarl\u0131klar\u0131n\u0131n derin geleneklerinde gezinmekle yetinmeyip insan ruhunun kuytular\u0131na uzanan, ama hi\u00e7biri birbirine benzemeyen yedi b\u00fcy\u00fck yazar ve \u015fairi, bizi yer yer \u015fa\u015f\u0131rtan en sak\u0131nmas\u0131z d\u00fc\u015f\u00fcnceleri, ele\u015ftirileri, itiraflar\u0131 ve su\u00e7lamalar\u0131yla bir kitapta bulu\u015fturuyor: Yaln\u0131zca ya\u015fama, d\u00fcnyaya, insanl\u0131\u011fa, edebiyata, d\u00f6nemin edeb\u00ee tart\u0131\u015fmalar\u0131na de\u011fil, sosyalizme, kapitalizme, d\u00f6nemin siyasal olaylar\u0131na da yedi ayr\u0131 bak\u0131\u015f. Uzaktan bak\u0131ld\u0131\u011f\u0131nda \u2018yedi benzer\u2019 gibi g\u00f6r\u00fcnen \u2018yedi benzemez\u2019.\u201d Cel\u00e2l \u00dcster   Rita Guibert, kendi deyi\u015fiyle bir b\u0131kk\u0131nl\u0131ktan, \u201cbir k\u0131tan\u0131n b\u0131kk\u0131nl\u0131\u011f\u0131\u201dndan do\u011fan Yedi Ses\u2019te, edebiyat\u0131 k\u00f6kl\u00fc bir d\u00f6n\u00fc\u015f\u00fcme u\u011fratan Latin Amerika\u2019n\u0131n \u00e7\u0131kard\u0131\u011f\u0131 yedi b\u00fcy\u00fck yazarla s\u00f6yle\u015filerine yer veriyor. Miguel Angel Asturias\u2019\u0131n Frans\u0131z meslekta\u015flar\u0131 \u00fczerinden d\u00fcnyaya seslendi\u011fi, \u201cArt\u0131k siz bir oturun bakal\u0131m, \u015fimdi biz size bir \u015feyler anlataca\u011f\u0131z,\u201d s\u00f6z\u00fcnden yola \u00e7\u0131kan kitapta yedi ustan\u0131n yazarl\u0131\u011fa, edebiyata ve d\u00fcnyaya dair d\u00fc\u015f\u00fcnceleri, bu b\u00fcy\u00fck k\u0131tan\u0131n tek bir renkten ibaret olmad\u0131\u011f\u0131n\u0131 ortaya koyuyor ve yazarlar\u0131 ki\u015fisel olarak besleyen iklimleri, k\u00fclt\u00fcrleri ve olaylar\u0131 da portrelerine detay olarak ekliyor. Yedi Ses, her bir kelimesini dinlemek isteyece\u011finiz bir edebiyat \u015f\u00f6leni. <\/p>\n","protected":false},"excerpt":{"rendered":"<p>\u201cYedi Ses, kendi k\u00f6klerinden yola \u00e7\u0131karak evrensel bir edebiyat\u0131n pe\u015fine d\u00fc\u015fen, kendi uygarl\u0131klar\u0131n\u0131n derin geleneklerinde gezinmekle yetinmeyip insan ruhunun kuytular\u0131na uzanan, ama hi\u00e7biri birbirine benzemeyen yedi<span class=\"excerpt-hellip\"> [\u2026]<\/span><\/p>\n","protected":false},"featured_media":0,"template":"","meta":{"_monsterinsights_skip_tracking":false,"_monsterinsights_sitenote_active":false,"_monsterinsights_sitenote_note":"","_monsterinsights_sitenote_category":0},"product_brand":[],"product_cat":[12291,30969],"product_tag":[],"class_list":{"0":"post-735924","1":"product","2":"type-product","3":"status-publish","5":"product_cat-edebiyat","6":"product_cat-soylesi-edebiyat","7":"pa_cilt-ciltsiz","8":"pa_tur-kitap","9":"pa_yayinevi-can-yayinlari","10":"pa_yazar-rita-guilbert","12":"first","13":"instock","14":"sale","15":"shipping-taxable","16":"purchasable","17":"product-type-simple"},"_links":{"self":[{"href":"https:\/\/roveyayinevi.com.tr\/index.php\/wp-json\/wp\/v2\/product\/735924","targetHints":{"allow":["GET"]}}],"collection":[{"href":"https:\/\/roveyayinevi.com.tr\/index.php\/wp-json\/wp\/v2\/product"}],"about":[{"href":"https:\/\/roveyayinevi.com.tr\/index.php\/wp-json\/wp\/v2\/types\/product"}],"wp:attachment":[{"href":"https:\/\/roveyayinevi.com.tr\/index.php\/wp-json\/wp\/v2\/media?parent=735924"}],"wp:term":[{"taxonomy":"product_brand","embeddable":true,"href":"https:\/\/roveyayinevi.com.tr\/index.php\/wp-json\/wp\/v2\/product_brand?post=735924"},{"taxonomy":"product_cat","embeddable":true,"href":"https:\/\/roveyayinevi.com.tr\/index.php\/wp-json\/wp\/v2\/product_cat?post=735924"},{"taxonomy":"product_tag","embeddable":true,"href":"https:\/\/roveyayinevi.com.tr\/index.php\/wp-json\/wp\/v2\/product_tag?post=735924"}],"curies":[{"name":"wp","href":"https:\/\/api.w.org\/{rel}","templated":true}]}}