{"id":735923,"date":"2025-08-27T22:57:37","date_gmt":"2025-08-27T19:57:37","guid":{"rendered":"https:\/\/roveyayinevi.com.tr\/index.php\/urun\/schopenhauer-kimdir\/"},"modified":"2026-04-16T02:44:39","modified_gmt":"2026-04-15T23:44:39","slug":"schopenhauer-kimdir","status":"publish","type":"product","link":"https:\/\/roveyayinevi.com.tr\/index.php\/urun\/schopenhauer-kimdir\/","title":{"rendered":"Schopenhauer Kimdir?"},"content":{"rendered":"<p>Schopenhauer kimdir? Belki de kendi \u00e7a\u011f\u0131n\u0131n en b\u00fcy\u00fck felsefe yazar\u0131d\u0131r; Kant ile birlikte bir metafizik\u00e7i olarak rakipsizdir. Platon ve Buda\u2019n\u0131n \u00f6\u011frencisi, Goethe\u2019nin dostu, Nietzsche, Freud ve Wittgenstein\u2019\u0131n manevi hocas\u0131d\u0131r. Varolu\u015fun s\u0131k\u0131nt\u0131s\u0131n\u0131 ilk elden duyumsayan birisi olarak, do\u011fu\u015ftan gelen bir k\u00f6t\u00fcmserli\u011fe sahipti. D\u00fcnyada hi\u00e7bir kal\u0131c\u0131 tatmin sa\u011flamayan arzu nesnelerinin pe\u015finden ko\u015fmay\u0131 beyhude bir gayret olarak g\u00f6r\u00fcrd\u00fc; ve bu g\u00f6r\u00fc\u015f bize bir \u2018kurtulu\u015f felsefesi\u2019 olarak miras kald\u0131. Bu kitap Schopenhauer felsefesine \u00f6zce bir giri\u015f yapmaktad\u0131r. Etik, estetik ve bilgi teorisinin temellerini, ya\u015fam\u0131n\u0131n d\u00f6n\u00fcm noktalar\u0131yla beraber a\u00e7\u0131k ve anla\u015f\u0131l\u0131r bir dille sunmaktad\u0131r. <\/p>\n","protected":false},"excerpt":{"rendered":"<p>Schopenhauer kimdir? Belki de kendi \u00e7a\u011f\u0131n\u0131n en b\u00fcy\u00fck felsefe yazar\u0131d\u0131r; Kant ile birlikte bir metafizik\u00e7i olarak rakipsizdir. Platon ve Buda\u2019n\u0131n \u00f6\u011frencisi, Goethe\u2019nin dostu, Nietzsche, Freud ve<span class=\"excerpt-hellip\"> [\u2026]<\/span><\/p>\n","protected":false},"featured_media":0,"template":"","meta":{"_monsterinsights_skip_tracking":false,"_monsterinsights_sitenote_active":false,"_monsterinsights_sitenote_note":"","_monsterinsights_sitenote_category":0},"product_brand":[],"product_cat":[12388,26788],"product_tag":[],"class_list":{"0":"post-735923","1":"product","2":"type-product","3":"status-publish","5":"product_cat-felsefe","6":"product_cat-filozoflar","7":"pa_cilt-ciltsiz","8":"pa_tur-kitap","9":"pa_yayinevi-fol-kitap","10":"pa_yazar-thomas-whittaker","12":"first","13":"instock","14":"sale","15":"shipping-taxable","16":"purchasable","17":"product-type-simple"},"_links":{"self":[{"href":"https:\/\/roveyayinevi.com.tr\/index.php\/wp-json\/wp\/v2\/product\/735923","targetHints":{"allow":["GET"]}}],"collection":[{"href":"https:\/\/roveyayinevi.com.tr\/index.php\/wp-json\/wp\/v2\/product"}],"about":[{"href":"https:\/\/roveyayinevi.com.tr\/index.php\/wp-json\/wp\/v2\/types\/product"}],"wp:attachment":[{"href":"https:\/\/roveyayinevi.com.tr\/index.php\/wp-json\/wp\/v2\/media?parent=735923"}],"wp:term":[{"taxonomy":"product_brand","embeddable":true,"href":"https:\/\/roveyayinevi.com.tr\/index.php\/wp-json\/wp\/v2\/product_brand?post=735923"},{"taxonomy":"product_cat","embeddable":true,"href":"https:\/\/roveyayinevi.com.tr\/index.php\/wp-json\/wp\/v2\/product_cat?post=735923"},{"taxonomy":"product_tag","embeddable":true,"href":"https:\/\/roveyayinevi.com.tr\/index.php\/wp-json\/wp\/v2\/product_tag?post=735923"}],"curies":[{"name":"wp","href":"https:\/\/api.w.org\/{rel}","templated":true}]}}