{"id":735922,"date":"2025-08-27T22:57:37","date_gmt":"2025-08-27T19:57:37","guid":{"rendered":"https:\/\/roveyayinevi.com.tr\/index.php\/urun\/yazarlik-atolyesi\/"},"modified":"2026-04-06T13:06:44","modified_gmt":"2026-04-06T10:06:44","slug":"yazarlik-atolyesi","status":"publish","type":"product","link":"https:\/\/roveyayinevi.com.tr\/index.php\/urun\/yazarlik-atolyesi\/","title":{"rendered":"Yazarl\u0131k At\u00f6lyesi"},"content":{"rendered":"<p>De\u011ferli yazar aday\u0131 merhaba! Kelimelerin b\u00fcy\u00fcl\u00fc d\u00fcnyas\u0131n\u0131 gezmek, edeb\u00ee t\u00fcrlerin keyfini ya\u015famak ister misin? E\u011fer kendine inan\u0131r ve \u00e7ok \u00e7al\u0131\u015f\u0131rsan sen de bir g\u00fcn yazar olabilirsin. As\u0131rlar sonras\u0131na kalan bir roman yazmak ya da herkesin g\u00f6nl\u00fcne giren \u00f6yk\u00fc kitaplar\u0131ndan birini kaleme almak ne muhte\u015fem olurdu \u00f6yle de\u011fil mi? Ad\u0131n\u0131 b\u00fcy\u00fck yazarlar\u0131n yan\u0131na yazd\u0131rmak senin elinde. Bu kitapla yazman\u0131n t\u00fcm s\u0131rlar\u0131n\u0131 beraber ke\u015ffedece\u011fiz. Kavramlar\u0131, teknikleri, yazarlar\u0131 tan\u0131y\u0131p \u00f6\u011frendiklerimizi \u00f6rneklerle peki\u015ftirece\u011fiz. Haydi, yazarl\u0131k maceram\u0131z\u0131n ilk ad\u0131mlar\u0131n\u0131 beraber atal\u0131m. Yazmak san\u0131ld\u0131\u011f\u0131 gibi zor de\u011fil. Yapman gereken tek \u015fey, daktilonun ba\u015f\u0131na oturup yazmak.   Ernest Hemingway <\/p>\n","protected":false},"excerpt":{"rendered":"<p>De\u011ferli yazar aday\u0131 merhaba! Kelimelerin b\u00fcy\u00fcl\u00fc d\u00fcnyas\u0131n\u0131 gezmek, edeb\u00ee t\u00fcrlerin keyfini ya\u015famak ister misin? E\u011fer kendine inan\u0131r ve \u00e7ok \u00e7al\u0131\u015f\u0131rsan sen de bir g\u00fcn yazar olabilirsin.<span class=\"excerpt-hellip\"> [\u2026]<\/span><\/p>\n","protected":false},"featured_media":0,"template":"","meta":{"_monsterinsights_skip_tracking":false,"_monsterinsights_sitenote_active":false,"_monsterinsights_sitenote_note":"","_monsterinsights_sitenote_category":0},"product_brand":[],"product_cat":[12567,12566],"product_tag":[],"class_list":{"0":"post-735922","1":"product","2":"type-product","3":"status-publish","5":"product_cat-diger-egitim","6":"product_cat-egitim","7":"pa_cilt-ciltsiz","8":"pa_tur-kitap","9":"pa_yayinevi-bilge-kultur-sanat","10":"pa_yazar-suleyman-karadag","12":"first","13":"instock","14":"sale","15":"shipping-taxable","16":"purchasable","17":"product-type-simple"},"_links":{"self":[{"href":"https:\/\/roveyayinevi.com.tr\/index.php\/wp-json\/wp\/v2\/product\/735922","targetHints":{"allow":["GET"]}}],"collection":[{"href":"https:\/\/roveyayinevi.com.tr\/index.php\/wp-json\/wp\/v2\/product"}],"about":[{"href":"https:\/\/roveyayinevi.com.tr\/index.php\/wp-json\/wp\/v2\/types\/product"}],"wp:attachment":[{"href":"https:\/\/roveyayinevi.com.tr\/index.php\/wp-json\/wp\/v2\/media?parent=735922"}],"wp:term":[{"taxonomy":"product_brand","embeddable":true,"href":"https:\/\/roveyayinevi.com.tr\/index.php\/wp-json\/wp\/v2\/product_brand?post=735922"},{"taxonomy":"product_cat","embeddable":true,"href":"https:\/\/roveyayinevi.com.tr\/index.php\/wp-json\/wp\/v2\/product_cat?post=735922"},{"taxonomy":"product_tag","embeddable":true,"href":"https:\/\/roveyayinevi.com.tr\/index.php\/wp-json\/wp\/v2\/product_tag?post=735922"}],"curies":[{"name":"wp","href":"https:\/\/api.w.org\/{rel}","templated":true}]}}