{"id":735921,"date":"2025-08-27T22:57:36","date_gmt":"2025-08-27T19:57:36","guid":{"rendered":"https:\/\/roveyayinevi.com.tr\/index.php\/urun\/oguz-bitig-modern-ve-tarihsel-oguzca-uzerine-arastirmalar\/"},"modified":"2026-04-16T02:44:39","modified_gmt":"2026-04-15T23:44:39","slug":"oguz-bitig-modern-ve-tarihsel-oguzca-uzerine-arastirmalar","status":"publish","type":"product","link":"https:\/\/roveyayinevi.com.tr\/index.php\/urun\/oguz-bitig-modern-ve-tarihsel-oguzca-uzerine-arastirmalar\/","title":{"rendered":"Oguz Bitig &#8211; Modern ve Tarihsel O\u011fuzca \u00dczerine Ara\u015ft\u0131rmalar"},"content":{"rendered":"<p>O\u011fuzlar\u0131n tarih sahnesindeki g\u00f6rkemli mevcudiyetlerine ra\u011fmen, O\u011fuzca \u00fczerine \u00e7al\u0131\u015fman\u0131n baz\u0131 g\u00fc\u00e7l\u00fckleri vard\u0131r. Bu g\u00fc\u00e7l\u00fckler, uzun zamand\u0131r T\u00fcrkoloji sahas\u0131n\u0131 me\u015fgul etmektedir. Gerek bunlar\u0131 gidermek, gerekse O\u011fuzcan\u0131n bir\u00e7ok y\u00f6n\u00fcn\u00fc ele almak hedefiyle yola \u00e7\u0131kan Oguz Bitig, T\u00fcrkler aras\u0131nda en kalabal\u0131k n\u00fcfusa sahip boy olan O\u011fuzlar\u0131n dil ve k\u00fclt\u00fcrlerini incelemektedir. Bu \u00e7al\u0131\u015fma ile, tarihsel ve modern zamanlarda konu\u015fulan O\u011fuzca, \u00f6nde gelen alan uzmanlar\u0131 taraf\u0131ndan \u00e7e\u015fitli y\u00f6nlerden de\u011ferlendirilmektedir. Elinizdeki kitap, O\u011fuzcan\u0131n sadece belirli bir d\u00f6nemini de\u011fil, yaz\u0131l\u0131 olmayan evrelerinden g\u00fcn\u00fcm\u00fcze kadar ge\u00e7irdi\u011fi b\u00fct\u00fcn ser\u00fcvenine \u0131\u015f\u0131k tutmaktad\u0131r. B\u00f6ylece, O\u011fuzcan\u0131n tarih sayfalar\u0131nda ge\u00e7irdi\u011fi de\u011fi\u015fim ve geli\u015fimler bir b\u00fct\u00fcnl\u00fck h\u00e2linde okuyucuya sunulmaktad\u0131r. \u00c7al\u0131\u015fma bu y\u00f6n\u00fcyle, alan yaz\u0131n\u0131nda tipolojik bir kayg\u0131 g\u00fctmektedir.  <\/p>\n","protected":false},"excerpt":{"rendered":"<p>O\u011fuzlar\u0131n tarih sahnesindeki g\u00f6rkemli mevcudiyetlerine ra\u011fmen, O\u011fuzca \u00fczerine \u00e7al\u0131\u015fman\u0131n baz\u0131 g\u00fc\u00e7l\u00fckleri vard\u0131r. Bu g\u00fc\u00e7l\u00fckler, uzun zamand\u0131r T\u00fcrkoloji sahas\u0131n\u0131 me\u015fgul etmektedir. Gerek bunlar\u0131 gidermek, gerekse O\u011fuzcan\u0131n bir\u00e7ok<span class=\"excerpt-hellip\"> [\u2026]<\/span><\/p>\n","protected":false},"featured_media":0,"template":"","meta":{"_monsterinsights_skip_tracking":false,"_monsterinsights_sitenote_active":false,"_monsterinsights_sitenote_note":"","_monsterinsights_sitenote_category":0},"product_brand":[],"product_cat":[12370,12304],"product_tag":[],"class_list":{"0":"post-735921","1":"product","2":"type-product","3":"status-publish","5":"product_cat-arastirma-inceleme","6":"product_cat-tarih","7":"pa_cilt-ciltsiz","8":"pa_tur-kitap","9":"pa_yayinevi-bilge-kultur-sanat","10":"pa_yazar-bilge-kultur-sanat-kolektif","12":"first","13":"instock","14":"sale","15":"shipping-taxable","16":"purchasable","17":"product-type-simple"},"_links":{"self":[{"href":"https:\/\/roveyayinevi.com.tr\/index.php\/wp-json\/wp\/v2\/product\/735921","targetHints":{"allow":["GET"]}}],"collection":[{"href":"https:\/\/roveyayinevi.com.tr\/index.php\/wp-json\/wp\/v2\/product"}],"about":[{"href":"https:\/\/roveyayinevi.com.tr\/index.php\/wp-json\/wp\/v2\/types\/product"}],"wp:attachment":[{"href":"https:\/\/roveyayinevi.com.tr\/index.php\/wp-json\/wp\/v2\/media?parent=735921"}],"wp:term":[{"taxonomy":"product_brand","embeddable":true,"href":"https:\/\/roveyayinevi.com.tr\/index.php\/wp-json\/wp\/v2\/product_brand?post=735921"},{"taxonomy":"product_cat","embeddable":true,"href":"https:\/\/roveyayinevi.com.tr\/index.php\/wp-json\/wp\/v2\/product_cat?post=735921"},{"taxonomy":"product_tag","embeddable":true,"href":"https:\/\/roveyayinevi.com.tr\/index.php\/wp-json\/wp\/v2\/product_tag?post=735921"}],"curies":[{"name":"wp","href":"https:\/\/api.w.org\/{rel}","templated":true}]}}