{"id":735918,"date":"2025-08-27T22:57:32","date_gmt":"2025-08-27T19:57:32","guid":{"rendered":"https:\/\/roveyayinevi.com.tr\/index.php\/urun\/cikriklar-durunca\/"},"modified":"2026-04-16T02:44:39","modified_gmt":"2026-04-15T23:44:39","slug":"cikriklar-durunca","status":"publish","type":"product","link":"https:\/\/roveyayinevi.com.tr\/index.php\/urun\/cikriklar-durunca\/","title":{"rendered":"\u00c7\u0131kr\u0131klar Durunca"},"content":{"rendered":"<p>\u201cEsasen i\u015fadamlar\u0131 i\u00e7in geni\u015f da\u011flar\u0131n surlar\u0131yla \u00f6rt\u00fclen Anadolu\u2019daki bu hazin ak\u0131n\u0131, bu a\u00e7l\u0131\u011f\u0131n, sefaletin dalgalan\u0131\u015f\u0131n\u0131, \u00e7\u0131kr\u0131klar \u00fczerine basarak y\u00fcr\u00fcyen ve g\u00f6vdesi her g\u00fcn birka\u00e7 ovay\u0131 yutarak \u015fi\u015fen hayvan\u0131n seyrini g\u00f6rmek m\u00fcmk\u00fcn de\u011fildi.\u201d   Edebiyat\u0131m\u0131z\u0131n ilk toplumsal ger\u00e7ek\u00e7i romanlar\u0131ndan \u00c7\u0131kr\u0131klar Durunca sanayile\u015fmenin farkl\u0131 etkilerle cereyan etti\u011fi Anadolu k\u00f6ylerinde pek tabii dinle i\u00e7 i\u00e7e ge\u00e7en, geli\u015fen bir isyan\u0131n portresi. Anadolu\u2019yu iyi tan\u0131yan yazar Sadri Ertem k\u00f6yl\u00fclerin a\u00e7l\u0131\u011f\u0131n k\u0131y\u0131s\u0131ndaki ya\u015famlar\u0131n\u0131, \u00fctopik isyanlar\u0131n\u0131 ve t\u00fcm m\u00fccadelenin \u00fczerine odakland\u0131\u011f\u0131 nokta olan \u00fcretim ko\u015fullar\u0131n\u0131 hassas bir betimle okura sunuyor.   K\u0131tl\u0131k ve a\u011f\u0131r vergiler alt\u0131nda takatsiz kalan Adak\u00f6y sakinleri bir sabah i\u00e7lerinden birinin peygamberlik iddias\u0131yla uyan\u0131r. A\u00e7l\u0131k ve zulm\u00fcn ola\u011fanla\u015ft\u0131\u011f\u0131 hayatlar\u0131 her t\u00fcrl\u00fc iddiay\u0131 kabul edecek k\u0131vama getirmi\u015ftir onlar\u0131. Ali\u2019nin makam\u0131 oldu\u011funa inand\u0131klar\u0131 t\u00fcrbenin etraf\u0131nda kendilerince bir cennet in\u015fa etmeye koyulurlar. Ancak cennete giden yolda onlar\u0131 birtak\u0131m engeller beklemektedir. K\u00f6yl\u00fclerin her \u015feyini eline ge\u00e7irmekte \u0131srarc\u0131 olan efendi s\u0131n\u0131f\u0131ndan S\u0131dd\u0131kzade ise bu isyan\u0131 mezhep kavgas\u0131 olarak g\u00f6stermeye niyetlidir.   Toplumsal ger\u00e7ek\u00e7ili\u011fin \u00f6nc\u00fclerinden Sadri Ertem\u2019in ilk roman\u0131 \u00c7\u0131kr\u0131klar Durunca, Anadolu\u2019nun b\u00fcy\u00fck elemlerinin, \u00e7\u00f6kmekte olan bir toplumsal sistemin son \u00e7\u0131rp\u0131n\u0131\u015f\u0131n\u0131n anlat\u0131s\u0131. <\/p>\n","protected":false},"excerpt":{"rendered":"<p>\u201cEsasen i\u015fadamlar\u0131 i\u00e7in geni\u015f da\u011flar\u0131n surlar\u0131yla \u00f6rt\u00fclen Anadolu\u2019daki bu hazin ak\u0131n\u0131, bu a\u00e7l\u0131\u011f\u0131n, sefaletin dalgalan\u0131\u015f\u0131n\u0131, \u00e7\u0131kr\u0131klar \u00fczerine basarak y\u00fcr\u00fcyen ve g\u00f6vdesi her g\u00fcn birka\u00e7 ovay\u0131 yutarak<span class=\"excerpt-hellip\"> [\u2026]<\/span><\/p>\n","protected":false},"featured_media":0,"template":"","meta":{"_monsterinsights_skip_tracking":false,"_monsterinsights_sitenote_active":false,"_monsterinsights_sitenote_note":"","_monsterinsights_sitenote_category":0},"product_brand":[],"product_cat":[12291,12292],"product_tag":[],"class_list":{"0":"post-735918","1":"product","2":"type-product","3":"status-publish","5":"product_cat-edebiyat","6":"product_cat-turk-edebiyati","7":"pa_cilt-ciltsiz","8":"pa_tur-kitap","9":"pa_yayinevi-ithaki-yayinlari","10":"pa_yazar-sadri-ertem","12":"first","13":"instock","14":"sale","15":"shipping-taxable","16":"purchasable","17":"product-type-simple"},"_links":{"self":[{"href":"https:\/\/roveyayinevi.com.tr\/index.php\/wp-json\/wp\/v2\/product\/735918","targetHints":{"allow":["GET"]}}],"collection":[{"href":"https:\/\/roveyayinevi.com.tr\/index.php\/wp-json\/wp\/v2\/product"}],"about":[{"href":"https:\/\/roveyayinevi.com.tr\/index.php\/wp-json\/wp\/v2\/types\/product"}],"wp:attachment":[{"href":"https:\/\/roveyayinevi.com.tr\/index.php\/wp-json\/wp\/v2\/media?parent=735918"}],"wp:term":[{"taxonomy":"product_brand","embeddable":true,"href":"https:\/\/roveyayinevi.com.tr\/index.php\/wp-json\/wp\/v2\/product_brand?post=735918"},{"taxonomy":"product_cat","embeddable":true,"href":"https:\/\/roveyayinevi.com.tr\/index.php\/wp-json\/wp\/v2\/product_cat?post=735918"},{"taxonomy":"product_tag","embeddable":true,"href":"https:\/\/roveyayinevi.com.tr\/index.php\/wp-json\/wp\/v2\/product_tag?post=735918"}],"curies":[{"name":"wp","href":"https:\/\/api.w.org\/{rel}","templated":true}]}}