{"id":735914,"date":"2025-08-27T22:57:27","date_gmt":"2025-08-27T19:57:27","guid":{"rendered":"https:\/\/roveyayinevi.com.tr\/index.php\/urun\/ciplak-gunes-robot-serisi-2-kitap\/"},"modified":"2026-04-16T02:44:38","modified_gmt":"2026-04-15T23:44:38","slug":"ciplak-gunes-robot-serisi-2-kitap","status":"publish","type":"product","link":"https:\/\/roveyayinevi.com.tr\/index.php\/urun\/ciplak-gunes-robot-serisi-2-kitap\/","title":{"rendered":"\u00c7\u0131plak G\u00fcne\u015f &#8211; Robot Serisi 2. Kitap"},"content":{"rendered":"<p>D\u0131\u015f Gezegenler\u2019den birinde, Solaria\u2019da daha \u00f6nce hi\u00e7 olmayan bir \u015fey olmu\u015ftu; bir cinayet i\u015flenmi\u015fti. D\u00fcnya\u2019daki Uzayc\u0131 cinayetini ba\u015far\u0131yla \u00e7\u00f6zen dedektif Elijah Baley ve Auroral\u0131 orta\u011f\u0131 R. Daneel Olivaw bu vakay\u0131 ayd\u0131nlatmak \u00fczere Solaria\u2019ya gidecekti. \u0130nsanlar\u0131n birbirini g\u00f6rmeden ya\u015fad\u0131\u011f\u0131 bu d\u00fcnyada akla gelen ilk \u015f\u00fcpheliler robotlard\u0131. \u00dc\u00e7 Robot Kanunu\u2019na ra\u011fmen cinayeti bir robot i\u015flemi\u015f olabilir miydi? Dahas\u0131, bu cinayetin hem D\u00fcnya\u2019y\u0131 hem de D\u0131\u015f Gezegenler\u2019i bekleyen b\u00fcy\u00fck bir tehlikeyle nas\u0131l bir ba\u011flant\u0131s\u0131 vard\u0131? <\/p>\n","protected":false},"excerpt":{"rendered":"<p>D\u0131\u015f Gezegenler\u2019den birinde, Solaria\u2019da daha \u00f6nce hi\u00e7 olmayan bir \u015fey olmu\u015ftu; bir cinayet i\u015flenmi\u015fti. D\u00fcnya\u2019daki Uzayc\u0131 cinayetini ba\u015far\u0131yla \u00e7\u00f6zen dedektif Elijah Baley ve Auroral\u0131 orta\u011f\u0131 R.<span class=\"excerpt-hellip\"> [\u2026]<\/span><\/p>\n","protected":false},"featured_media":0,"template":"","meta":{"_monsterinsights_skip_tracking":false,"_monsterinsights_sitenote_active":false,"_monsterinsights_sitenote_note":"","_monsterinsights_sitenote_category":0},"product_brand":[],"product_cat":[12540,12291],"product_tag":[],"class_list":{"0":"post-735914","1":"product","2":"type-product","3":"status-publish","5":"product_cat-bilim-kurgu","6":"product_cat-edebiyat","7":"pa_cilt-ciltsiz","8":"pa_tur-kitap","9":"pa_yayinevi-ithaki-yayinlari","10":"pa_yazar-isaac-asimov","12":"first","13":"instock","14":"sale","15":"shipping-taxable","16":"purchasable","17":"product-type-simple"},"_links":{"self":[{"href":"https:\/\/roveyayinevi.com.tr\/index.php\/wp-json\/wp\/v2\/product\/735914","targetHints":{"allow":["GET"]}}],"collection":[{"href":"https:\/\/roveyayinevi.com.tr\/index.php\/wp-json\/wp\/v2\/product"}],"about":[{"href":"https:\/\/roveyayinevi.com.tr\/index.php\/wp-json\/wp\/v2\/types\/product"}],"wp:attachment":[{"href":"https:\/\/roveyayinevi.com.tr\/index.php\/wp-json\/wp\/v2\/media?parent=735914"}],"wp:term":[{"taxonomy":"product_brand","embeddable":true,"href":"https:\/\/roveyayinevi.com.tr\/index.php\/wp-json\/wp\/v2\/product_brand?post=735914"},{"taxonomy":"product_cat","embeddable":true,"href":"https:\/\/roveyayinevi.com.tr\/index.php\/wp-json\/wp\/v2\/product_cat?post=735914"},{"taxonomy":"product_tag","embeddable":true,"href":"https:\/\/roveyayinevi.com.tr\/index.php\/wp-json\/wp\/v2\/product_tag?post=735914"}],"curies":[{"name":"wp","href":"https:\/\/api.w.org\/{rel}","templated":true}]}}