{"id":735913,"date":"2025-08-27T22:57:27","date_gmt":"2025-08-27T19:57:27","guid":{"rendered":"https:\/\/roveyayinevi.com.tr\/index.php\/urun\/ithaki-korku-ajandasi-2022-ciltli\/"},"modified":"2026-04-16T02:44:38","modified_gmt":"2026-04-15T23:44:38","slug":"ithaki-korku-ajandasi-2022-ciltli","status":"publish","type":"product","link":"https:\/\/roveyayinevi.com.tr\/index.php\/urun\/ithaki-korku-ajandasi-2022-ciltli\/","title":{"rendered":"\u0130thaki Korku Ajandas\u0131 2022 (Ciltli)"},"content":{"rendered":"<p>\u201c2020\u2019nin ba\u015flar\u0131nda hayat\u0131m\u0131za giren viru\u0308su\u0308n \u015fekillendirdi\u011fi \u015fartlar\u0131n pek de iyiye gitti\u011fi s\u00f6ylenemez. 2022 bu ba\u011flamda yeni bir umut \u0131\u015f\u0131\u011f\u0131 yans\u0131t\u0131yor ama bir yandan da son iki y\u0131l\u0131n o karanl\u0131k korku birikimini yu\u0308klenmi\u015f oluyor. Biz ise 2022\u2019nin korku a\u011f\u0131n\u0131 kurgu alan\u0131na at\u0131p ger\u00e7ek hayat\u0131n canl\u0131l\u0131\u011f\u0131na tutunmaya devam etmek istiyoruz.   Bu fikir do\u011frultusunda korkunun hem klasik ve \u00f6ncu\u0308 isimlerinden hem de \u00e7a\u011fda\u015f ve yeni yeni ke\u015ffetti\u011fimiz kalemlerinden korku edebiyat\u0131na dair fikirlerini belirttikleri kaynaklardan baz\u0131 k\u0131s\u0131mlar\u0131 derledik. Ebrahel Lurci\u2019nin bu ajanda i\u00e7in \u00f6zel olarak imza att\u0131\u011f\u0131 illu\u0308strasyonlar, korkunun davetk\u00e2r du\u0308nyas\u0131n\u0131n kap\u0131lar\u0131n\u0131 aralad\u0131.   Korku, karanl\u0131k bir \u00e7er\u00e7eveyle de olsa ayd\u0131nlatan bir edebiyat; yu\u0308zle\u015ftiren, hesapla\u015ft\u0131ran, hat\u0131rlatan, fark ettiren, i\u015faret eden ve nihayetinde d\u00f6nu\u0308\u015ftu\u0308ren\u2026 Umuyoruz ki 2022, kendimizi ve du\u0308nyam\u0131z\u0131 iyiye ve gu\u0308zele d\u00f6nu\u0308\u015ftu\u0308rme yolunda ilerledi\u011fimiz bir y\u0131l olur.\u201d <\/p>\n","protected":false},"excerpt":{"rendered":"<p>\u201c2020\u2019nin ba\u015flar\u0131nda hayat\u0131m\u0131za giren viru\u0308su\u0308n \u015fekillendirdi\u011fi \u015fartlar\u0131n pek de iyiye gitti\u011fi s\u00f6ylenemez. 2022 bu ba\u011flamda yeni bir umut \u0131\u015f\u0131\u011f\u0131 yans\u0131t\u0131yor ama bir yandan da son iki<span class=\"excerpt-hellip\"> [\u2026]<\/span><\/p>\n","protected":false},"featured_media":0,"template":"","meta":{"_monsterinsights_skip_tracking":false,"_monsterinsights_sitenote_active":false,"_monsterinsights_sitenote_note":"","_monsterinsights_sitenote_category":0},"product_brand":[],"product_cat":[28265,15563],"product_tag":[],"class_list":{"0":"post-735913","1":"product","2":"type-product","3":"status-publish","5":"product_cat-diger-hobi","6":"product_cat-hobi","7":"pa_cilt-ciltli","8":"pa_tur-kitap","9":"pa_yayinevi-ithaki-yayinlari","10":"pa_yazar-yanki-enki-alican-saygi-ortanca","12":"first","13":"instock","14":"sale","15":"shipping-taxable","16":"purchasable","17":"product-type-simple"},"_links":{"self":[{"href":"https:\/\/roveyayinevi.com.tr\/index.php\/wp-json\/wp\/v2\/product\/735913","targetHints":{"allow":["GET"]}}],"collection":[{"href":"https:\/\/roveyayinevi.com.tr\/index.php\/wp-json\/wp\/v2\/product"}],"about":[{"href":"https:\/\/roveyayinevi.com.tr\/index.php\/wp-json\/wp\/v2\/types\/product"}],"wp:attachment":[{"href":"https:\/\/roveyayinevi.com.tr\/index.php\/wp-json\/wp\/v2\/media?parent=735913"}],"wp:term":[{"taxonomy":"product_brand","embeddable":true,"href":"https:\/\/roveyayinevi.com.tr\/index.php\/wp-json\/wp\/v2\/product_brand?post=735913"},{"taxonomy":"product_cat","embeddable":true,"href":"https:\/\/roveyayinevi.com.tr\/index.php\/wp-json\/wp\/v2\/product_cat?post=735913"},{"taxonomy":"product_tag","embeddable":true,"href":"https:\/\/roveyayinevi.com.tr\/index.php\/wp-json\/wp\/v2\/product_tag?post=735913"}],"curies":[{"name":"wp","href":"https:\/\/api.w.org\/{rel}","templated":true}]}}