{"id":735911,"date":"2025-08-27T22:57:25","date_gmt":"2025-08-27T19:57:25","guid":{"rendered":"https:\/\/roveyayinevi.com.tr\/index.php\/urun\/john-locke-kimdir\/"},"modified":"2026-04-16T02:44:38","modified_gmt":"2026-04-15T23:44:38","slug":"john-locke-kimdir","status":"publish","type":"product","link":"https:\/\/roveyayinevi.com.tr\/index.php\/urun\/john-locke-kimdir\/","title":{"rendered":"John Locke Kimdir?"},"content":{"rendered":"<p>\u0130ngiliz filozof Samuel Alexander\u2019\u0131n bu kitab\u0131, John Locke\u2019un hayat\u0131 ve felsefesine giri\u015f yapmaktad\u0131r. Locke\u2019un etik, siyaset ve din felsefesi yan\u0131nda, bilgi teorisini sade ve anla\u015f\u0131l\u0131r bir dille sunmaktad\u0131r. Zihin bo\u015f bir levha m\u0131d\u0131r?  Birincil ve ikincil nitelikler ne anlama gelir? \u0130yi ve k\u00f6t\u00fcn\u00fcn, haz ve ac\u0131 ile ba\u011flant\u0131s\u0131 nedir? Sivil toplum, h\u00fck\u00fcmet ve din\u00ee kurumlar\u0131n s\u0131n\u0131rlar\u0131n\u0131 nas\u0131l \u00e7izmeliyiz? Vahyi ak\u0131l kar\u015f\u0131s\u0131nda nas\u0131l konumland\u0131rmal\u0131y\u0131z? Entelekt\u00fcel bir biyografi niteli\u011finde olan bu k\u0131sa giri\u015f, ayn\u0131 zamanda Locke\u2019un, Descartes, Berkeley, Hume ve Kant felsefeleriyle kesi\u015fim noktalar\u0131na da de\u011finmektedir.<\/p>\n","protected":false},"excerpt":{"rendered":"<p>\u0130ngiliz filozof Samuel Alexander\u2019\u0131n bu kitab\u0131, John Locke\u2019un hayat\u0131 ve felsefesine giri\u015f yapmaktad\u0131r. Locke\u2019un etik, siyaset ve din felsefesi yan\u0131nda, bilgi teorisini sade ve anla\u015f\u0131l\u0131r bir<span class=\"excerpt-hellip\"> [\u2026]<\/span><\/p>\n","protected":false},"featured_media":0,"template":"","meta":{"_monsterinsights_skip_tracking":false,"_monsterinsights_sitenote_active":false,"_monsterinsights_sitenote_note":"","_monsterinsights_sitenote_category":0},"product_brand":[],"product_cat":[12388,26788],"product_tag":[],"class_list":{"0":"post-735911","1":"product","2":"type-product","3":"status-publish","5":"product_cat-felsefe","6":"product_cat-filozoflar","7":"pa_cilt-ciltsiz","8":"pa_tur-kitap","9":"pa_yayinevi-fol-kitap","10":"pa_yazar-samuel-alexander","12":"first","13":"instock","14":"sale","15":"shipping-taxable","16":"purchasable","17":"product-type-simple"},"_links":{"self":[{"href":"https:\/\/roveyayinevi.com.tr\/index.php\/wp-json\/wp\/v2\/product\/735911","targetHints":{"allow":["GET"]}}],"collection":[{"href":"https:\/\/roveyayinevi.com.tr\/index.php\/wp-json\/wp\/v2\/product"}],"about":[{"href":"https:\/\/roveyayinevi.com.tr\/index.php\/wp-json\/wp\/v2\/types\/product"}],"wp:attachment":[{"href":"https:\/\/roveyayinevi.com.tr\/index.php\/wp-json\/wp\/v2\/media?parent=735911"}],"wp:term":[{"taxonomy":"product_brand","embeddable":true,"href":"https:\/\/roveyayinevi.com.tr\/index.php\/wp-json\/wp\/v2\/product_brand?post=735911"},{"taxonomy":"product_cat","embeddable":true,"href":"https:\/\/roveyayinevi.com.tr\/index.php\/wp-json\/wp\/v2\/product_cat?post=735911"},{"taxonomy":"product_tag","embeddable":true,"href":"https:\/\/roveyayinevi.com.tr\/index.php\/wp-json\/wp\/v2\/product_tag?post=735911"}],"curies":[{"name":"wp","href":"https:\/\/api.w.org\/{rel}","templated":true}]}}