{"id":735910,"date":"2025-08-27T22:57:23","date_gmt":"2025-08-27T19:57:23","guid":{"rendered":"https:\/\/roveyayinevi.com.tr\/index.php\/urun\/ayrilik-yaman-kelime\/"},"modified":"2026-04-16T02:44:38","modified_gmt":"2026-04-15T23:44:38","slug":"ayrilik-yaman-kelime","status":"publish","type":"product","link":"https:\/\/roveyayinevi.com.tr\/index.php\/urun\/ayrilik-yaman-kelime\/","title":{"rendered":"Ayr\u0131l\u0131k Yaman Kelime"},"content":{"rendered":"<p>\u201cDu\u0308s\u0327e kalka yas\u0327ad\u0131k, du\u0308s\u0327tu\u0308g\u0306u\u0308mu\u0308z yerden kalkt\u0131k, kald\u0131rd\u0131lar hamdolsun. C\u0327u\u0308nku\u0308 bu\u0308tu\u0308n ruhumla biliyorum ki say\u0131s\u0131z afetlerin yag\u0306mur gibi yag\u0306d\u0131g\u0306\u0131 o s\u0327as\u0327aal\u0131 s\u0327o\u0308hret yolunda c\u0327amura saplan\u0131p kalmad\u0131ysak gayretle deg\u0306il, himmetle olmus\u0327tur. Allah\u2019\u0131n lu\u0308tf u keremi, bu\u0308yu\u0308klerin himmetleri ile olmus\u0327tur. O\u0308yle bir o\u0308mu\u0308r yas\u0327and\u0131 ise s\u0327ayet, sadece bir kis\u0327i bile olsun o o\u0308mu\u0308rden c\u0327\u0131kar\u0131lmas\u0131 gereken dersi al\u0131p istikamet bulur u\u0308midinden ibarettir bu hika\u0302ye. O hika\u0302yeyi bir Ahmet S\u0327u\u0308kru\u0308 Kat\u0131o\u0308z hika\u0302yesinden c\u0327\u0131kar\u0131p gerc\u0327ek manada bir as\u0327k hika\u0302yesine do\u0308nu\u0308s\u0327tu\u0308recek olan da o u\u0308mittir.\u201d   Bu bir Ahmet \u00d6zhan kitab\u0131\u2026 Gen\u00e7 ya\u015fta \u015f\u00f6hreti yakalayan, bir magazin fig\u00fcr\u00fc olarak konumland\u0131r\u0131lan ve se\u00e7ti\u011fi tasavvuf yoluyla yine \u00e7ok konu\u015fulan bir sanat\u00e7\u0131n\u0131n Ahmet \u015e\u00fckr\u00fc Kat\u0131\u00f6z olarak do\u011fup Ahmet \u00d6zhan\u2019a d\u00f6n\u00fc\u015fmesinin hik\u00e2yesi\u2026 Gazeteci Ahmet Tezcan\u2019\u0131n sordu\u011fu sorulara samimiyetle cevap veren sanat\u00e7\u0131n\u0131n hayat\u0131n\u0131 okurken onu \u00e7ok daha yak\u0131ndan tan\u0131yacaks\u0131n\u0131z.   Kitab\u0131n ba\u015frol\u00fcnde a\u015fk var: Ahmet \u00d6zhan\u2019\u0131n musiki e\u011fitimi ald\u0131\u011f\u0131 ve birlikte \u00e7al\u0131\u015ft\u0131\u011f\u0131 20. y\u00fczy\u0131l\u0131n klasik T\u00fcrk musikisinin en b\u00fcy\u00fck m\u00fczisyenleri, Maksim Gazinosu d\u00f6nemi ve sinema tarihi de bu a\u015fk hik\u00e2yesine e\u015flik ediyor ve ge\u00e7mi\u015f y\u0131llar\u0131n yaz\u0131lm\u0131\u015f tarihine \u00f6nemli bir katk\u0131da bulunuyor. <\/p>\n","protected":false},"excerpt":{"rendered":"<p>\u201cDu\u0308s\u0327e kalka yas\u0327ad\u0131k, du\u0308s\u0327tu\u0308g\u0306u\u0308mu\u0308z yerden kalkt\u0131k, kald\u0131rd\u0131lar hamdolsun. C\u0327u\u0308nku\u0308 bu\u0308tu\u0308n ruhumla biliyorum ki say\u0131s\u0131z afetlerin yag\u0306mur gibi yag\u0306d\u0131g\u0306\u0131 o s\u0327as\u0327aal\u0131 s\u0327o\u0308hret yolunda c\u0327amura saplan\u0131p kalmad\u0131ysak gayretle<span class=\"excerpt-hellip\"> [\u2026]<\/span><\/p>\n","protected":false},"featured_media":0,"template":"","meta":{"_monsterinsights_skip_tracking":false,"_monsterinsights_sitenote_active":false,"_monsterinsights_sitenote_note":"","_monsterinsights_sitenote_category":0},"product_brand":[],"product_cat":[12291,30969],"product_tag":[],"class_list":{"0":"post-735910","1":"product","2":"type-product","3":"status-publish","5":"product_cat-edebiyat","6":"product_cat-soylesi-edebiyat","7":"pa_cilt-ciltsiz","8":"pa_tur-kitap","9":"pa_yayinevi-turkuvaz-kitap","10":"pa_yazar-ahmet-ozhan","12":"first","13":"instock","14":"sale","15":"shipping-taxable","16":"purchasable","17":"product-type-simple"},"_links":{"self":[{"href":"https:\/\/roveyayinevi.com.tr\/index.php\/wp-json\/wp\/v2\/product\/735910","targetHints":{"allow":["GET"]}}],"collection":[{"href":"https:\/\/roveyayinevi.com.tr\/index.php\/wp-json\/wp\/v2\/product"}],"about":[{"href":"https:\/\/roveyayinevi.com.tr\/index.php\/wp-json\/wp\/v2\/types\/product"}],"wp:attachment":[{"href":"https:\/\/roveyayinevi.com.tr\/index.php\/wp-json\/wp\/v2\/media?parent=735910"}],"wp:term":[{"taxonomy":"product_brand","embeddable":true,"href":"https:\/\/roveyayinevi.com.tr\/index.php\/wp-json\/wp\/v2\/product_brand?post=735910"},{"taxonomy":"product_cat","embeddable":true,"href":"https:\/\/roveyayinevi.com.tr\/index.php\/wp-json\/wp\/v2\/product_cat?post=735910"},{"taxonomy":"product_tag","embeddable":true,"href":"https:\/\/roveyayinevi.com.tr\/index.php\/wp-json\/wp\/v2\/product_tag?post=735910"}],"curies":[{"name":"wp","href":"https:\/\/api.w.org\/{rel}","templated":true}]}}