{"id":735909,"date":"2025-08-27T22:57:22","date_gmt":"2025-08-27T19:57:22","guid":{"rendered":"https:\/\/roveyayinevi.com.tr\/index.php\/urun\/buyuk-ressam-leonardonun-paleti\/"},"modified":"2025-11-06T07:22:23","modified_gmt":"2025-11-06T04:22:23","slug":"buyuk-ressam-leonardonun-paleti","status":"publish","type":"product","link":"https:\/\/roveyayinevi.com.tr\/index.php\/urun\/buyuk-ressam-leonardonun-paleti\/","title":{"rendered":"B\u00fcy\u00fck Ressam Leonardo&#8217;nun Paleti"},"content":{"rendered":"<p>Hester sonra Digby\u2019ye d\u00f6nd\u00fc ve \u201cNeden s\u00fcrekli ayn\u0131 sorular\u0131 soruyorsun Digby?\u201d dedi. \u201cBir palet oldu\u011funu g\u00f6rm\u00fcyor musun?\u201d \u201cBir ne?\u201d dedi Digby. \u201cBir ressam paleti,\u201d diyerek devam etti Hester, \u201cRessamlar\u0131n boyalar\u0131n\u0131 ketenin \u00fczerine s\u00fcrmeden \u00f6nce kar\u0131\u015ft\u0131rmak i\u00e7in kulland\u0131klar\u0131 \u015fey. Bunu herkes bilir.\u201d \u201cAsl\u0131nda, ister inan ister inanma, elindeki Leonardo\u2019nun en sevdi\u011fi paletlerinden biri.\u201d dedi Bay Rummage. \u201cOh, hay\u0131r,\u201d diye i\u00e7 ge\u00e7irdi Hester abart\u0131l\u0131 bir \u015fekilde, \u201ci\u015fte yine ba\u015fl\u0131yoruz.\u201d   Gandi, Leonardo, Galileo ya da Mozart\u2026 Kendi alanlar\u0131nda t\u00fcm d\u00fcnyan\u0131n hayranl\u0131\u011f\u0131n\u0131 kazanm\u0131\u015f, aradan ge\u00e7en onca zamana ra\u011fmen d\u00fcnyay\u0131 bir \u015fekilde etkilemeye devam eden b\u00fcy\u00fck insanlar. Bu b\u00fcy\u00fck insanlara ait \u00f6zel ve arkas\u0131nda anlaml\u0131 bir hik\u00e2ye bar\u0131nd\u0131ran e\u015fyalar. D\u00fcnya \u00fczerinden gelip ge\u00e7mi\u015f en \u00f6nemli insanlar\u0131n ya\u015fam\u0131n\u0131 ve yapt\u0131klar\u0131n\u0131, Digby ve Hester isimli iki karde\u015fin Bay Rummage\u2019\u0131n bit pazar\u0131 tezg\u00e2h\u0131nda bulduklar\u0131 \u00f6zel bir e\u015fyadan yola \u00e7\u0131karak anlat\u0131yor.   B\u00fcy\u00fck \u0130nsanlar\u0131n Hik\u00e2yeleri dizisinde, b\u00fcy\u00fck insanlar\u0131n ya\u015fam hik\u00e2yelerini heyecanla okurken, onlar\u0131n ya\u015famlar\u0131 ve ya\u015fad\u0131klar\u0131 d\u00f6nemler hakk\u0131nda \u00e7ok \u00f6nemli bilgiler edineceksiniz. Okumak ve \u00f6\u011frenmek hi\u00e7 bu kadar keyifli olmad\u0131. <\/p>\n","protected":false},"excerpt":{"rendered":"<p>Hester sonra Digby\u2019ye d\u00f6nd\u00fc ve \u201cNeden s\u00fcrekli ayn\u0131 sorular\u0131 soruyorsun Digby?\u201d dedi. \u201cBir palet oldu\u011funu g\u00f6rm\u00fcyor musun?\u201d \u201cBir ne?\u201d dedi Digby. \u201cBir ressam paleti,\u201d diyerek devam<span class=\"excerpt-hellip\"> [\u2026]<\/span><\/p>\n","protected":false},"featured_media":0,"template":"","meta":{"_monsterinsights_skip_tracking":false,"_monsterinsights_sitenote_active":false,"_monsterinsights_sitenote_note":"","_monsterinsights_sitenote_category":0},"product_brand":[],"product_cat":[12275,12274],"product_tag":[],"class_list":{"0":"post-735909","1":"product","2":"type-product","3":"status-publish","5":"product_cat-6-12-yas-kitaplari","6":"product_cat-cocuk-ve-genclik-kitaplari","7":"pa_cilt-ciltsiz","8":"pa_tur-kitap","9":"pa_yayinevi-1001-cicek-kitaplar","10":"pa_yazar-karen-foster-gerry-bailey","12":"first","13":"instock","14":"sale","15":"shipping-taxable","16":"purchasable","17":"product-type-simple"},"_links":{"self":[{"href":"https:\/\/roveyayinevi.com.tr\/index.php\/wp-json\/wp\/v2\/product\/735909","targetHints":{"allow":["GET"]}}],"collection":[{"href":"https:\/\/roveyayinevi.com.tr\/index.php\/wp-json\/wp\/v2\/product"}],"about":[{"href":"https:\/\/roveyayinevi.com.tr\/index.php\/wp-json\/wp\/v2\/types\/product"}],"wp:attachment":[{"href":"https:\/\/roveyayinevi.com.tr\/index.php\/wp-json\/wp\/v2\/media?parent=735909"}],"wp:term":[{"taxonomy":"product_brand","embeddable":true,"href":"https:\/\/roveyayinevi.com.tr\/index.php\/wp-json\/wp\/v2\/product_brand?post=735909"},{"taxonomy":"product_cat","embeddable":true,"href":"https:\/\/roveyayinevi.com.tr\/index.php\/wp-json\/wp\/v2\/product_cat?post=735909"},{"taxonomy":"product_tag","embeddable":true,"href":"https:\/\/roveyayinevi.com.tr\/index.php\/wp-json\/wp\/v2\/product_tag?post=735909"}],"curies":[{"name":"wp","href":"https:\/\/api.w.org\/{rel}","templated":true}]}}