{"id":735901,"date":"2025-08-27T22:57:12","date_gmt":"2025-08-27T19:57:12","guid":{"rendered":"https:\/\/roveyayinevi.com.tr\/index.php\/urun\/gecmisten-gunumuze-obsesyon\/"},"modified":"2026-04-16T02:44:38","modified_gmt":"2026-04-15T23:44:38","slug":"gecmisten-gunumuze-obsesyon","status":"publish","type":"product","link":"https:\/\/roveyayinevi.com.tr\/index.php\/urun\/gecmisten-gunumuze-obsesyon\/","title":{"rendered":"Ge\u00e7mi\u015ften G\u00fcn\u00fcm\u00fcze Obsesyon"},"content":{"rendered":"<p>Lennard J. Davis, obsesyonun izini R\u00f6nesans k\u00fclt\u00fcr\u00fcnde h\u00e2kim olan posesyon (yani \u015feytan girmesi) ile s\u00fcrmeye ba\u015flar ve bunun obsesyonla ili\u015fkisini inceler&#8230; Obsesyonun K\u00f6keni\u2019nin ard\u0131ndan obsesyonun tarihsel s\u00fcrecini histeri, buharlar, melankoli, hipokondriyle incelemeye ba\u015flar ve akabinde delilik kategorilerini genel olarak ele al\u0131r ve buna ili\u015fkin \u00f6rnekler sunar. Bu tarihsel yolculu\u011fun devam\u0131nda edebiyata geni\u015f bir yer ay\u0131r\u0131r. Merak ile obsesyon aras\u0131ndaki ili\u015fkiyi ve monomaniyi inceler. Cinsellik, a\u015fk ve obsesyon \u00fc\u00e7genine geni\u015f bir yer ay\u0131ran Davis, ya\u015fad\u0131\u011f\u0131m\u0131z y\u00fczy\u0131la yakla\u015f\u0131rken de obsesyon ile resim, heykel gibi g\u00f6rsel sanatlar aras\u0131ndaki ili\u015fkiye odaklan\u0131r. T\u00fcm bunlar\u0131 biyok\u00fclt\u00fcrel bir \u00e7er\u00e7evede ele al\u0131r. Daha \u00e7ok 19. ve 21. y\u00fczy\u0131llar aras\u0131n\u0131 mercek alt\u0131na al\u0131r, zira modernite ile obsesyon aras\u0131nda b\u00fcy\u00fck bir ili\u015fki oldu\u011fu kan\u0131s\u0131 bu \u00e7al\u0131\u015fmaya y\u00f6n verir: \u201cModernite \u00f6yle bir d\u00f6nem olarak g\u00f6r\u00fclmektedir ki, normal olmak bir nevi deli olmakla, \u00f6zellikle de obsesif olmakla \u00f6rt\u00fc\u015fen bir \u015fey olarak tan\u0131mlan\u0131r. <\/p>\n","protected":false},"excerpt":{"rendered":"<p>Lennard J. Davis, obsesyonun izini R\u00f6nesans k\u00fclt\u00fcr\u00fcnde h\u00e2kim olan posesyon (yani \u015feytan girmesi) ile s\u00fcrmeye ba\u015flar ve bunun obsesyonla ili\u015fkisini inceler&#8230; Obsesyonun K\u00f6keni\u2019nin ard\u0131ndan obsesyonun tarihsel<span class=\"excerpt-hellip\"> [\u2026]<\/span><\/p>\n","protected":false},"featured_media":0,"template":"","meta":{"_monsterinsights_skip_tracking":false,"_monsterinsights_sitenote_active":false,"_monsterinsights_sitenote_note":"","_monsterinsights_sitenote_category":0},"product_brand":[],"product_cat":[12358,12357],"product_tag":[],"class_list":{"0":"post-735901","1":"product","2":"type-product","3":"status-publish","5":"product_cat-genel-psikoloji","6":"product_cat-psikoloji","7":"pa_cilt-ciltsiz","8":"pa_tur-kitap","9":"pa_yayinevi-dogu-bati-yayinlari","10":"pa_yazar-lennard-j-davis","12":"first","13":"instock","14":"sale","15":"shipping-taxable","16":"purchasable","17":"product-type-simple"},"_links":{"self":[{"href":"https:\/\/roveyayinevi.com.tr\/index.php\/wp-json\/wp\/v2\/product\/735901","targetHints":{"allow":["GET"]}}],"collection":[{"href":"https:\/\/roveyayinevi.com.tr\/index.php\/wp-json\/wp\/v2\/product"}],"about":[{"href":"https:\/\/roveyayinevi.com.tr\/index.php\/wp-json\/wp\/v2\/types\/product"}],"wp:attachment":[{"href":"https:\/\/roveyayinevi.com.tr\/index.php\/wp-json\/wp\/v2\/media?parent=735901"}],"wp:term":[{"taxonomy":"product_brand","embeddable":true,"href":"https:\/\/roveyayinevi.com.tr\/index.php\/wp-json\/wp\/v2\/product_brand?post=735901"},{"taxonomy":"product_cat","embeddable":true,"href":"https:\/\/roveyayinevi.com.tr\/index.php\/wp-json\/wp\/v2\/product_cat?post=735901"},{"taxonomy":"product_tag","embeddable":true,"href":"https:\/\/roveyayinevi.com.tr\/index.php\/wp-json\/wp\/v2\/product_tag?post=735901"}],"curies":[{"name":"wp","href":"https:\/\/api.w.org\/{rel}","templated":true}]}}