{"id":735900,"date":"2025-08-27T22:57:11","date_gmt":"2025-08-27T19:57:11","guid":{"rendered":"https:\/\/roveyayinevi.com.tr\/index.php\/urun\/kirmizi-kedi-2022-ajandasi-sularda-hayat\/"},"modified":"2026-04-16T02:44:38","modified_gmt":"2026-04-15T23:44:38","slug":"kirmizi-kedi-2022-ajandasi-sularda-hayat","status":"publish","type":"product","link":"https:\/\/roveyayinevi.com.tr\/index.php\/urun\/kirmizi-kedi-2022-ajandasi-sularda-hayat\/","title":{"rendered":"K\u0131rm\u0131z\u0131 Kedi 2022 Ajandas\u0131 &#8211; Sularda Hayat"},"content":{"rendered":"<p>Ge\u00e7en sene Marmara Denizi\u2019ni i\u015fgal eden ve denizlerimizdeki canl\u0131 ya\u015fam\u0131 tehdit eden m\u00fcsilaj salg\u0131n\u0131, hepimizi sulardaki hayat \u00fczerine tekrar d\u00fc\u015f\u00fcnmeye itti. Her sene ayr\u0131 bir tema ile haz\u0131rlanan K\u0131rm\u0131z\u0131 Kedi Ajandas\u0131 bu sene denizlerdeki ya\u015fam\u0131n edebiyattaki yans\u0131mas\u0131na odaklan\u0131yor. Selahattin \u00d6zpalab\u0131y\u0131klar\u2019\u0131n haz\u0131rlad\u0131\u011f\u0131 K\u0131rm\u0131z\u0131 Kedi 2022 Ajandas\u0131, bu sene \u201cSularda Hayat\u201d ba\u015fl\u0131\u011f\u0131yla yay\u0131mlan\u0131yor. T\u00fcrk ve d\u00fcnya edebiyat\u0131ndan \u015fair ve yazarlar\u0131n eserlerinde sulardaki hayat\u0131n yans\u0131malar\u0131n\u0131 g\u00f6z \u00f6n\u00fcne seriyor. Birbirinden se\u00e7kin yazarlar\u0131n metinlerinin yan\u0131nda, minyat\u00fcrlerden grav\u00fcrlere zengin g\u00f6rsel malzemeyle haz\u0131rlanan \u201cSularda Hayat\u201d ajandas\u0131n\u0131 elinizden b\u0131rakamayacaks\u0131n\u0131z\u2026 <\/p>\n","protected":false},"excerpt":{"rendered":"<p>Ge\u00e7en sene Marmara Denizi\u2019ni i\u015fgal eden ve denizlerimizdeki canl\u0131 ya\u015fam\u0131 tehdit eden m\u00fcsilaj salg\u0131n\u0131, hepimizi sulardaki hayat \u00fczerine tekrar d\u00fc\u015f\u00fcnmeye itti. Her sene ayr\u0131 bir tema<span class=\"excerpt-hellip\"> [\u2026]<\/span><\/p>\n","protected":false},"featured_media":0,"template":"","meta":{"_monsterinsights_skip_tracking":false,"_monsterinsights_sitenote_active":false,"_monsterinsights_sitenote_note":"","_monsterinsights_sitenote_category":0},"product_brand":[],"product_cat":[28265,15563],"product_tag":[],"class_list":{"0":"post-735900","1":"product","2":"type-product","3":"status-publish","5":"product_cat-diger-hobi","6":"product_cat-hobi","7":"pa_cilt-ciltsiz","8":"pa_tur-kitap","9":"pa_yayinevi-kirmizi-kedi-yayinevi","10":"pa_yazar-selahattin-ozpalabiyiklar","12":"first","13":"instock","14":"sale","15":"shipping-taxable","16":"purchasable","17":"product-type-simple"},"_links":{"self":[{"href":"https:\/\/roveyayinevi.com.tr\/index.php\/wp-json\/wp\/v2\/product\/735900","targetHints":{"allow":["GET"]}}],"collection":[{"href":"https:\/\/roveyayinevi.com.tr\/index.php\/wp-json\/wp\/v2\/product"}],"about":[{"href":"https:\/\/roveyayinevi.com.tr\/index.php\/wp-json\/wp\/v2\/types\/product"}],"wp:attachment":[{"href":"https:\/\/roveyayinevi.com.tr\/index.php\/wp-json\/wp\/v2\/media?parent=735900"}],"wp:term":[{"taxonomy":"product_brand","embeddable":true,"href":"https:\/\/roveyayinevi.com.tr\/index.php\/wp-json\/wp\/v2\/product_brand?post=735900"},{"taxonomy":"product_cat","embeddable":true,"href":"https:\/\/roveyayinevi.com.tr\/index.php\/wp-json\/wp\/v2\/product_cat?post=735900"},{"taxonomy":"product_tag","embeddable":true,"href":"https:\/\/roveyayinevi.com.tr\/index.php\/wp-json\/wp\/v2\/product_tag?post=735900"}],"curies":[{"name":"wp","href":"https:\/\/api.w.org\/{rel}","templated":true}]}}