{"id":735899,"date":"2025-08-27T22:57:11","date_gmt":"2025-08-27T19:57:11","guid":{"rendered":"https:\/\/roveyayinevi.com.tr\/index.php\/urun\/sanatcinin-kendine-yolculugu\/"},"modified":"2026-04-16T02:44:38","modified_gmt":"2026-04-15T23:44:38","slug":"sanatcinin-kendine-yolculugu","status":"publish","type":"product","link":"https:\/\/roveyayinevi.com.tr\/index.php\/urun\/sanatcinin-kendine-yolculugu\/","title":{"rendered":"Sanat\u00e7\u0131n\u0131n Kendine Yolculu\u011fu"},"content":{"rendered":"<p>\u201cPsikanaliz tedavisi sa\u011fl\u0131kl\u0131 ve patolojik durumlar\u0131 birbirinden ay\u0131ran s\u0131n\u0131rlar\u0131n asl\u0131nda zannedildi\u011fi gibi keskin olmad\u0131\u011f\u0131 ve birinden di\u011ferine ge\u00e7i\u015fin m\u00fcmk\u00fcn oldu\u011fu fikri \u00fczerine kuruludur. Analizdeki ki\u015finin kendisinin de fark edece\u011fi gibi tedavi olmakla kendini tan\u0131mak, kendi ruhsall\u0131\u011f\u0131n\u0131n derinliklerini kavramak ayr\u0131lmaz \u015fekilde i\u00e7 i\u00e7e ilerler. G\u00fcn\u00fcm\u00fcz\u00fcn en \u015fansl\u0131 bireylerinin sanat\u00e7\u0131lar oldu\u011fu s\u00f6ylenebilir, \u00e7\u00fcnk\u00fc onlar\u0131n kendi karanl\u0131klar\u0131n\u0131 emanet edebilecekleri emniyetli ve \u00e7ok zengin potansiyellere sahip bir yer vard\u0131r: Sanat yarat\u0131s\u0131n\u0131n ger\u00e7ekle\u015ftirildi\u011fi alan. \u201cZaten bir\u00e7ok sanat\u00e7\u0131 da bunun fark\u0131ndad\u0131r: Eserlerini yarat\u0131rken kendi i\u00e7lerinde de bir d\u00f6n\u00fc\u015f\u00fcm\u00fcn ger\u00e7ekle\u015fti\u011fini biliyorlar ve sanatlar\u0131 arac\u0131l\u0131\u011f\u0131yla kendi karanl\u0131klar\u0131na dal\u0131p, i\u00e7sel bir yolculu\u011fu tamamlay\u0131p kendi derinliklerinden hakikati nas\u0131l bulup \u00e7\u0131kard\u0131klar\u0131n\u0131 anlat\u0131yorlar bize. \u201cT\u0131pk\u0131 psikanaliz tedavisinde oldu\u011fu gibi sanatsal yarat\u0131c\u0131l\u0131kta da esas olan bireysel s\u00fcre\u00e7lerin tekilli\u011fi ve biricikli\u011fidir. Farkl\u0131 tarihlerde kaleme ald\u0131\u011f\u0131m ve Hermann Melville\u2019den Henry Bauchau\u2019ya, Sevim Burak\u2019tan Selma G\u00fcrb\u00fcz\u2019e, Alvin Lucier\u2019den Mehmed Siyah Kalem\u2019e farkl\u0131 ressam, y\u00f6netmen, besteci ve edebiyat\u00e7\u0131lar\u0131n eserlerine odaklanan bu denemeler, sanatsal yarat\u0131c\u0131l\u0131kla psikanalitik d\u00fc\u015f\u00fcncenin kesi\u015fti\u011fi noktalardan do\u011fan bu t\u00fcr tekil \u00f6rnekler getirmeyi ama\u00e7l\u0131yor.\u201d \u2014Nil\u00fcfer E. G\u00fcng\u00f6rm\u00fc\u015f <\/p>\n","protected":false},"excerpt":{"rendered":"<p>\u201cPsikanaliz tedavisi sa\u011fl\u0131kl\u0131 ve patolojik durumlar\u0131 birbirinden ay\u0131ran s\u0131n\u0131rlar\u0131n asl\u0131nda zannedildi\u011fi gibi keskin olmad\u0131\u011f\u0131 ve birinden di\u011ferine ge\u00e7i\u015fin m\u00fcmk\u00fcn oldu\u011fu fikri \u00fczerine kuruludur. Analizdeki ki\u015finin kendisinin<span class=\"excerpt-hellip\"> [\u2026]<\/span><\/p>\n","protected":false},"featured_media":0,"template":"","meta":{"_monsterinsights_skip_tracking":false,"_monsterinsights_sitenote_active":false,"_monsterinsights_sitenote_note":"","_monsterinsights_sitenote_category":0},"product_brand":[],"product_cat":[44608,12408],"product_tag":[],"class_list":{"0":"post-735899","1":"product","2":"type-product","3":"status-publish","5":"product_cat-diger-sanat","6":"product_cat-sanat","7":"pa_cilt-ciltsiz","8":"pa_tur-kitap","9":"pa_yayinevi-metis-yayinlari","10":"pa_yazar-nilufer-erdem-gungormus","12":"first","13":"instock","14":"sale","15":"shipping-taxable","16":"purchasable","17":"product-type-simple"},"_links":{"self":[{"href":"https:\/\/roveyayinevi.com.tr\/index.php\/wp-json\/wp\/v2\/product\/735899","targetHints":{"allow":["GET"]}}],"collection":[{"href":"https:\/\/roveyayinevi.com.tr\/index.php\/wp-json\/wp\/v2\/product"}],"about":[{"href":"https:\/\/roveyayinevi.com.tr\/index.php\/wp-json\/wp\/v2\/types\/product"}],"wp:attachment":[{"href":"https:\/\/roveyayinevi.com.tr\/index.php\/wp-json\/wp\/v2\/media?parent=735899"}],"wp:term":[{"taxonomy":"product_brand","embeddable":true,"href":"https:\/\/roveyayinevi.com.tr\/index.php\/wp-json\/wp\/v2\/product_brand?post=735899"},{"taxonomy":"product_cat","embeddable":true,"href":"https:\/\/roveyayinevi.com.tr\/index.php\/wp-json\/wp\/v2\/product_cat?post=735899"},{"taxonomy":"product_tag","embeddable":true,"href":"https:\/\/roveyayinevi.com.tr\/index.php\/wp-json\/wp\/v2\/product_tag?post=735899"}],"curies":[{"name":"wp","href":"https:\/\/api.w.org\/{rel}","templated":true}]}}