{"id":735898,"date":"2025-08-27T22:57:10","date_gmt":"2025-08-27T19:57:10","guid":{"rendered":"https:\/\/roveyayinevi.com.tr\/index.php\/urun\/devletin-iscisi-olmak\/"},"modified":"2026-04-16T02:44:38","modified_gmt":"2026-04-15T23:44:38","slug":"devletin-iscisi-olmak","status":"publish","type":"product","link":"https:\/\/roveyayinevi.com.tr\/index.php\/urun\/devletin-iscisi-olmak\/","title":{"rendered":"Devletin \u0130\u015f\u00e7isi Olmak"},"content":{"rendered":"<p>Tu\u0308rkiye Cumhuriyeti kuruldug\u0306unda, bag\u0306\u0131ms\u0131zl\u0131k mu\u0308cadelesinin bir parc\u0327as\u0131 olarak, t\u0131pk\u0131 yeni ortaya c\u0327\u0131kan dig\u0306er ulus-devletler gibi kendi kendine yetmenin ve c\u0327ag\u0306das\u0327las\u0327man\u0131n yollar\u0131n\u0131 arad\u0131. Bunun en o\u0308nemli ayaklar\u0131ndan birini de hic\u0327 kus\u0327kusuz iktisadi kalk\u0131nma olus\u0327turuyordu. Asl\u0131han Aykac\u0327, Devletin I\u0307s\u0327c\u0327isi Olmak-Nazilli Basma Fabrikas\u0131\u2019nda I\u0307s\u0327c\u0327i S\u0131n\u0131f\u0131 Dinamikleri\u2019nde, kalk\u0131nma c\u0327abalar\u0131n\u0131 ic\u0327eren do\u0308nemi tu\u0308m du\u0308nyadaki gelis\u0327melerle paralel bic\u0327imde inceliyor. O\u0308zellikle is\u0327c\u0327i s\u0131n\u0131f\u0131 olus\u0327umunu mercek alt\u0131na al\u0131yor; s\u0131n\u0131f ilis\u0327kilerini devlet mu\u0308dahaleleriyle birlikte du\u0308s\u0327u\u0308nerek deg\u0306erlendiriyor. C\u0327al\u0131s\u0327ma o\u0308zel olarak Nazilli Basma Fabrikas\u0131\u2019n\u0131n kurulus\u0327 as\u0327amas\u0131n\u0131 ve bu as\u0327amadaki kos\u0327ullar\u0131, fabrikadaki is\u0327c\u0327i s\u0131n\u0131f\u0131 dinamiklerini konu ediniyor, aras\u0327t\u0131rma saha c\u0327al\u0131s\u0327mas\u0131yla destekleniyor. Nazilli Basma Fabrikas\u0131 o\u0308rneg\u0306inden yola c\u0327\u0131karak Tu\u0308rkiye\u2019nin modernles\u0327me su\u0308recinin iktisadi politikalar\u0131na \u0131s\u0327\u0131k tutmay\u0131 hedefliyor. \u201c[&#8230;] bir fabrika hika\u0302yesi anlatabilmek ic\u0327in belli bir tarihsel anda gec\u0327erli olan kos\u0327ullar\u0131, u\u0308retilen metan\u0131n yerelden ulusala ve oradan da kapitalist du\u0308nya ekonomisine yay\u0131lan etki alan\u0131n\u0131, u\u0308retim su\u0308recine dahil olan akto\u0308rlerin piyasayla ve birbirleriyle ilis\u0327kilerini anlamak gerekir. Bu\u0308tu\u0308n bu renkler ve dokular bu\u0308yu\u0308k resmi olmasa da resmin belli bir alan\u0131n\u0131 derinlemesine kavramam\u0131za yard\u0131mc\u0131 olur.\u201d<\/p>\n","protected":false},"excerpt":{"rendered":"<p>Tu\u0308rkiye Cumhuriyeti kuruldug\u0306unda, bag\u0306\u0131ms\u0131zl\u0131k mu\u0308cadelesinin bir parc\u0327as\u0131 olarak, t\u0131pk\u0131 yeni ortaya c\u0327\u0131kan dig\u0306er ulus-devletler gibi kendi kendine yetmenin ve c\u0327ag\u0306das\u0327las\u0327man\u0131n yollar\u0131n\u0131 arad\u0131. Bunun en o\u0308nemli ayaklar\u0131ndan<span class=\"excerpt-hellip\"> [\u2026]<\/span><\/p>\n","protected":false},"featured_media":0,"template":"","meta":{"_monsterinsights_skip_tracking":false,"_monsterinsights_sitenote_active":false,"_monsterinsights_sitenote_note":"","_monsterinsights_sitenote_category":0},"product_brand":[],"product_cat":[13590,12337],"product_tag":[],"class_list":{"0":"post-735898","1":"product","2":"type-product","3":"status-publish","5":"product_cat-arastirma-inceleme-politika-siyaset","6":"product_cat-politika-siyaset","7":"pa_cilt-ciltsiz","8":"pa_tur-kitap","9":"pa_yayinevi-iletisim-yayinlari","10":"pa_yazar-aslihan-aykac","12":"first","13":"instock","14":"sale","15":"shipping-taxable","16":"purchasable","17":"product-type-simple"},"_links":{"self":[{"href":"https:\/\/roveyayinevi.com.tr\/index.php\/wp-json\/wp\/v2\/product\/735898","targetHints":{"allow":["GET"]}}],"collection":[{"href":"https:\/\/roveyayinevi.com.tr\/index.php\/wp-json\/wp\/v2\/product"}],"about":[{"href":"https:\/\/roveyayinevi.com.tr\/index.php\/wp-json\/wp\/v2\/types\/product"}],"wp:attachment":[{"href":"https:\/\/roveyayinevi.com.tr\/index.php\/wp-json\/wp\/v2\/media?parent=735898"}],"wp:term":[{"taxonomy":"product_brand","embeddable":true,"href":"https:\/\/roveyayinevi.com.tr\/index.php\/wp-json\/wp\/v2\/product_brand?post=735898"},{"taxonomy":"product_cat","embeddable":true,"href":"https:\/\/roveyayinevi.com.tr\/index.php\/wp-json\/wp\/v2\/product_cat?post=735898"},{"taxonomy":"product_tag","embeddable":true,"href":"https:\/\/roveyayinevi.com.tr\/index.php\/wp-json\/wp\/v2\/product_tag?post=735898"}],"curies":[{"name":"wp","href":"https:\/\/api.w.org\/{rel}","templated":true}]}}