{"id":735890,"date":"2025-08-27T22:56:58","date_gmt":"2025-08-27T19:56:58","guid":{"rendered":"https:\/\/roveyayinevi.com.tr\/index.php\/urun\/sinemanin-teorisi\/"},"modified":"2026-04-16T02:44:37","modified_gmt":"2026-04-15T23:44:37","slug":"sinemanin-teorisi","status":"publish","type":"product","link":"https:\/\/roveyayinevi.com.tr\/index.php\/urun\/sinemanin-teorisi\/","title":{"rendered":"Sineman\u0131n Teorisi"},"content":{"rendered":"<p>Sineman\u0131n Teorisi, ba\u015flang\u0131c\u0131ndan g\u00fcn\u00fcm\u00fcze sinemaya katk\u0131 sunan, fikirleriyle bu sanat dal\u0131n\u0131n b\u00fcy\u00fcmesinde, geli\u015fip serpilmesinde etkisi olan b\u00fcy\u00fck teorisyenlerin \u00e7al\u0131\u015fmalar\u0131n\u0131 merkeze al\u0131yor. Metinlerinde yeni ufuklara kap\u0131 aralayan bu teorisyenler, sinemay\u0131 betimlemeye ve a\u00e7\u0131klamaya y\u00f6nelik ilke ve kurallar\u0131 saptamakla yetinmediler, geli\u015fen teknolojilere ba\u011fl\u0131 olarak sineman\u0131n gelecekte nas\u0131l y\u00f6n alaca\u011f\u0131n\u0131 da tart\u0131\u015ft\u0131lar. Sanat\u0131 bizzat icra edenler ile sinemaya g\u00f6n\u00fcl veren izleyiciler \u00fczerinde belirgin ve silinmez etkiler yaratt\u0131lar. Soner Sert taraf\u0131ndan haz\u0131rlanan ve alan\u0131nda yetkin 20 yazar\u0131n katk\u0131s\u0131n\u0131 i\u00e7eren bu se\u00e7ki, \u201csineman\u0131n ilk teorisyeni\u201d Hugo M\u00fcnsterberg\u2019den \u201csineman\u0131n son teorisyeni\u201d Lev Manovich\u2019e uzanan g\u00f6rkemli bir k\u00f6pr\u00fc kuruyor. Sergey M. Ayzen\u015ftayn, Vsevolod Pudovkin, Dziga Vertov, B\u00e9la Bal\u00e1zs, Rudolf Arnheim, John Grierson, Bertolt Brecht, Cesare Zavattini, Andr\u00e9 Bazin, Siegfreid Kracauer, \u00dc\u00e7\u00fcnc\u00fc Sinema Anlay\u0131\u015f\u0131, Christian Metz, Laura Mulvey, Gilles Deleuze, Slavoj \u017di\u017eek, B. Ruby Rich bu k\u00f6pr\u00fcn\u00fcn ayaklar\u0131n\u0131 olu\u015fturdu. Her teorisyen, kitapta farkl\u0131 yazarlar taraf\u0131ndan ele al\u0131n\u0131p de\u011ferlendirildi. Sineman\u0131n Teorisi, \u00e7e\u015fitli kavramsal \u00e7er\u00e7evelerin \u0131\u015f\u0131\u011f\u0131nda hem sinema bilginizi hem de sinemaya olan sevginizi tazeleyecek. Kitaba yaz\u0131lar\u0131yla katk\u0131da bulunan yazarlar: Beyza Bilal, Burcu Kurti\u015f, Deniz Ulusoy, Erkan B\u00fcker, F\u0131rat Y\u00fccel, Gizem Parlayandemir, Hakan Erk\u0131l\u0131\u00e7, Janet Bar\u0131\u015f, Metin Akdemir, Murat T\u0131rpan, Nalan B\u00fcker, Selahattin Y\u0131ld\u0131z, Selda Salman, Seray Gen\u00e7, Soner Sert, S\u00fcreyya Karacabey, Ufuk Tamba\u015f, Ye\u015fim Din\u00e7er, Yusuf G\u00fcven, Z. T\u00fcl Akbal S\u00fcalp. <\/p>\n","protected":false},"excerpt":{"rendered":"<p>Sineman\u0131n Teorisi, ba\u015flang\u0131c\u0131ndan g\u00fcn\u00fcm\u00fcze sinemaya katk\u0131 sunan, fikirleriyle bu sanat dal\u0131n\u0131n b\u00fcy\u00fcmesinde, geli\u015fip serpilmesinde etkisi olan b\u00fcy\u00fck teorisyenlerin \u00e7al\u0131\u015fmalar\u0131n\u0131 merkeze al\u0131yor. Metinlerinde yeni ufuklara kap\u0131 aralayan<span class=\"excerpt-hellip\"> [\u2026]<\/span><\/p>\n","protected":false},"featured_media":0,"template":"","meta":{"_monsterinsights_skip_tracking":false,"_monsterinsights_sitenote_active":false,"_monsterinsights_sitenote_note":"","_monsterinsights_sitenote_category":0},"product_brand":[],"product_cat":[12409,12408],"product_tag":[],"class_list":{"0":"post-735890","1":"product","2":"type-product","3":"status-publish","5":"product_cat-fotograf-sinema-tiyatro","6":"product_cat-sanat","7":"pa_cilt-ciltsiz","8":"pa_tur-kitap","9":"pa_yayinevi-yordam-kitap","10":"pa_yazar-soner-sert","12":"first","13":"instock","14":"sale","15":"shipping-taxable","16":"purchasable","17":"product-type-simple"},"_links":{"self":[{"href":"https:\/\/roveyayinevi.com.tr\/index.php\/wp-json\/wp\/v2\/product\/735890","targetHints":{"allow":["GET"]}}],"collection":[{"href":"https:\/\/roveyayinevi.com.tr\/index.php\/wp-json\/wp\/v2\/product"}],"about":[{"href":"https:\/\/roveyayinevi.com.tr\/index.php\/wp-json\/wp\/v2\/types\/product"}],"wp:attachment":[{"href":"https:\/\/roveyayinevi.com.tr\/index.php\/wp-json\/wp\/v2\/media?parent=735890"}],"wp:term":[{"taxonomy":"product_brand","embeddable":true,"href":"https:\/\/roveyayinevi.com.tr\/index.php\/wp-json\/wp\/v2\/product_brand?post=735890"},{"taxonomy":"product_cat","embeddable":true,"href":"https:\/\/roveyayinevi.com.tr\/index.php\/wp-json\/wp\/v2\/product_cat?post=735890"},{"taxonomy":"product_tag","embeddable":true,"href":"https:\/\/roveyayinevi.com.tr\/index.php\/wp-json\/wp\/v2\/product_tag?post=735890"}],"curies":[{"name":"wp","href":"https:\/\/api.w.org\/{rel}","templated":true}]}}