{"id":735888,"date":"2025-08-27T22:56:57","date_gmt":"2025-08-27T19:56:57","guid":{"rendered":"https:\/\/roveyayinevi.com.tr\/index.php\/urun\/uygarlik-donemeci\/"},"modified":"2026-04-16T02:44:37","modified_gmt":"2026-04-15T23:44:37","slug":"uygarlik-donemeci","status":"publish","type":"product","link":"https:\/\/roveyayinevi.com.tr\/index.php\/urun\/uygarlik-donemeci\/","title":{"rendered":"Uygarl\u0131k D\u00f6nemeci"},"content":{"rendered":"<p>Tarihin son s\u00f6z\u00fc yok. Bilimin de. Sistemler, d\u00fczenler ise sonludur. Bu kitap, sonlu bir d\u00fczen olan kapitalizmin s\u0131n\u0131rlar\u0131 ve yaln\u0131zca kapitalizm olmayan uygarl\u0131\u011f\u0131n ula\u015ft\u0131\u011f\u0131 d\u00f6neme\u00e7 \u00fczerinedir. Kapitalizmin tarihsel ve teorik s\u0131n\u0131rlar\u0131n\u0131n bilincinde olmak ya\u015famsal \u00f6nemdedir. Siyaset, bir \u201c\u015fimdiki zaman\u201d etkinli\u011fidir. Siyasal varolu\u015f ve eyleyi\u015f tarz\u0131n\u0131 bir devrim an\u0131na, bir k\u0131yamet u\u011fra\u011f\u0131na kilitleyen anlay\u0131\u015f, mant\u0131\u011f\u0131 gere\u011fi siyaseti bir t\u00fcr toptanc\u0131 boykot\u00e7ulu\u011fa daraltmaktad\u0131r. S\u0131n\u0131rlar\u0131n bilincinde olmak ise sistemin sinir u\u00e7lar\u0131na, A\u015fil topu\u011funa y\u00f6nelen bir siyaset tarz\u0131 in\u015fa etmenin zeminini olu\u015fturuyor. S\u0131n\u0131r bilinci, yaln\u0131zca s\u00fcre\u00e7 yorumu yapmak i\u00e7in de\u011fil, siyasal strateji belirlemek i\u00e7in de ya\u015famsal \u00f6nem ta\u015f\u0131yor. S\u0131n\u0131r-kriz ili\u015fkisini, tarihsel-teorik ama ayn\u0131 zamanda g\u00fcncel siyasal olgu ve dinamikler \u00fczerinden \u00e7\u00f6z\u00fcmleyebilmek i\u00e7in dikkati yaln\u0131zca krize ya da yaln\u0131zca s\u0131n\u0131rlara de\u011fil, birbirleriyle ili\u015fkileri i\u00e7inde ikisine birden yo\u011funla\u015ft\u0131rmak gerekiyor. Uygarl\u0131k D\u00f6nemeci\u2019nde Haluk Yurtsever okuyucuyu bu dikkat yo\u011funla\u015fmas\u0131na \u00e7a\u011f\u0131r\u0131yor. <\/p>\n","protected":false},"excerpt":{"rendered":"<p>Tarihin son s\u00f6z\u00fc yok. Bilimin de. Sistemler, d\u00fczenler ise sonludur. Bu kitap, sonlu bir d\u00fczen olan kapitalizmin s\u0131n\u0131rlar\u0131 ve yaln\u0131zca kapitalizm olmayan uygarl\u0131\u011f\u0131n ula\u015ft\u0131\u011f\u0131 d\u00f6neme\u00e7 \u00fczerinedir.<span class=\"excerpt-hellip\"> [\u2026]<\/span><\/p>\n","protected":false},"featured_media":0,"template":"","meta":{"_monsterinsights_skip_tracking":false,"_monsterinsights_sitenote_active":false,"_monsterinsights_sitenote_note":"","_monsterinsights_sitenote_category":0},"product_brand":[],"product_cat":[13590,12337],"product_tag":[],"class_list":{"0":"post-735888","1":"product","2":"type-product","3":"status-publish","5":"product_cat-arastirma-inceleme-politika-siyaset","6":"product_cat-politika-siyaset","7":"pa_cilt-ciltsiz","8":"pa_tur-kitap","9":"pa_yayinevi-yordam-kitap","10":"pa_yazar-haluk-yurtsever","12":"first","13":"instock","14":"sale","15":"shipping-taxable","16":"purchasable","17":"product-type-simple"},"_links":{"self":[{"href":"https:\/\/roveyayinevi.com.tr\/index.php\/wp-json\/wp\/v2\/product\/735888","targetHints":{"allow":["GET"]}}],"collection":[{"href":"https:\/\/roveyayinevi.com.tr\/index.php\/wp-json\/wp\/v2\/product"}],"about":[{"href":"https:\/\/roveyayinevi.com.tr\/index.php\/wp-json\/wp\/v2\/types\/product"}],"wp:attachment":[{"href":"https:\/\/roveyayinevi.com.tr\/index.php\/wp-json\/wp\/v2\/media?parent=735888"}],"wp:term":[{"taxonomy":"product_brand","embeddable":true,"href":"https:\/\/roveyayinevi.com.tr\/index.php\/wp-json\/wp\/v2\/product_brand?post=735888"},{"taxonomy":"product_cat","embeddable":true,"href":"https:\/\/roveyayinevi.com.tr\/index.php\/wp-json\/wp\/v2\/product_cat?post=735888"},{"taxonomy":"product_tag","embeddable":true,"href":"https:\/\/roveyayinevi.com.tr\/index.php\/wp-json\/wp\/v2\/product_tag?post=735888"}],"curies":[{"name":"wp","href":"https:\/\/api.w.org\/{rel}","templated":true}]}}