{"id":735887,"date":"2025-08-27T22:56:56","date_gmt":"2025-08-27T19:56:56","guid":{"rendered":"https:\/\/roveyayinevi.com.tr\/index.php\/urun\/karl-marxin-son-yillari\/"},"modified":"2026-04-16T02:44:37","modified_gmt":"2026-04-15T23:44:37","slug":"karl-marxin-son-yillari","status":"publish","type":"product","link":"https:\/\/roveyayinevi.com.tr\/index.php\/urun\/karl-marxin-son-yillari\/","title":{"rendered":"Karl Marx&#8217;\u0131n Son Y\u0131llar\u0131"},"content":{"rendered":"<p>Karl Marx ya\u015fam\u0131n\u0131n son y\u0131llar\u0131nda, hayat\u0131n\u0131 kaybetti\u011fi 1883\u2019ten \u00f6nce, bak\u0131\u015f\u0131n\u0131 farkl\u0131 y\u00f6nlere de \u00e7evirdi: D\u00f6nemin yeni antropolojik ke\u015fiflerinden sonu\u00e7lar \u00e7\u0131kararak kapitalizm \u00f6ncesi toplumlardaki kom\u00fcnal m\u00fclkiyet bi\u00e7imlerini analiz etti, Rusya\u2019da y\u00fckselen halk\u00e7\u0131 hareketi inceledi, Hindistan, \u0130rlanda, Cezayir ve M\u0131s\u0131r\u2019daki s\u00f6m\u00fcrgeci bask\u0131ya ele\u015ftirilerini y\u00f6neltti. Marcello Musto, Karl Marx\u2019\u0131n Son Y\u0131llar\u0131\u2019nda b\u00fct\u00fcn bunlar\u0131 g\u00f6zler \u00f6n\u00fcne sererek Marx\u2019\u0131n \u00e7al\u0131\u015fmalar\u0131 hakk\u0131ndaki iki yanl\u0131\u015f alg\u0131y\u0131 k\u0131rmay\u0131 da hedefliyor. Bu alg\u0131lardan ilki Marx\u2019\u0131n son y\u0131llar\u0131nda yazmaya son verdi\u011fi, ikincisi ise Marx\u2019\u0131n bir Avrupa-merkezci oldu\u011fu ve yaln\u0131zca s\u0131n\u0131f \u00e7eli\u015fkisine odakland\u0131\u011f\u0131. Marcello Musto, Marx\u2019\u0131n son elyazmalar\u0131na, defterlerine ve mektuplar\u0131na ba\u015fvurarak, \u00e7a\u011fda\u015f ele\u015ftirmenlerinin ve takip\u00e7ilerinin \u00e7o\u011fu taraf\u0131ndan resmedilenden farkl\u0131 bir Karl Marx \u00e7\u0131kar\u0131yor kar\u015f\u0131m\u0131za. B\u00f6ylece, bu \u00e7al\u0131\u015fma, Marx\u2019\u0131n ya\u015fam\u0131na dair eksik b\u0131rak\u0131lm\u0131\u015f bir d\u00f6nemi okurlara sunarken, b\u00fcy\u00fck d\u00fc\u015f\u00fcn\u00fcr ve eylemci hakk\u0131ndaki \u00f6nyarg\u0131lar\u0131 ve yanl\u0131\u015f de\u011ferlendirmeleri de kar\u015f\u0131s\u0131na al\u0131yor, onun baz\u0131 temel kavramlar\u0131n\u0131n yeniden ve daha derinlemesine bir ara\u015ft\u0131rmas\u0131n\u0131 yap\u0131yor. Marksizmi ve Marx\u2019\u0131 daha yak\u0131ndan tan\u0131mak isteyen ve b\u00fct\u00fcnl\u00fckl\u00fc bir kavray\u0131\u015f arayan herkese\u2026 <\/p>\n","protected":false},"excerpt":{"rendered":"<p>Karl Marx ya\u015fam\u0131n\u0131n son y\u0131llar\u0131nda, hayat\u0131n\u0131 kaybetti\u011fi 1883\u2019ten \u00f6nce, bak\u0131\u015f\u0131n\u0131 farkl\u0131 y\u00f6nlere de \u00e7evirdi: D\u00f6nemin yeni antropolojik ke\u015fiflerinden sonu\u00e7lar \u00e7\u0131kararak kapitalizm \u00f6ncesi toplumlardaki kom\u00fcnal m\u00fclkiyet bi\u00e7imlerini<span class=\"excerpt-hellip\"> [\u2026]<\/span><\/p>\n","protected":false},"featured_media":0,"template":"","meta":{"_monsterinsights_skip_tracking":false,"_monsterinsights_sitenote_active":false,"_monsterinsights_sitenote_note":"","_monsterinsights_sitenote_category":0},"product_brand":[],"product_cat":[12370,12304],"product_tag":[],"class_list":{"0":"post-735887","1":"product","2":"type-product","3":"status-publish","5":"product_cat-arastirma-inceleme","6":"product_cat-tarih","7":"pa_cilt-ciltsiz","8":"pa_tur-kitap","9":"pa_yayinevi-yordam-kitap","10":"pa_yazar-marcello-musto","12":"first","13":"instock","14":"sale","15":"shipping-taxable","16":"purchasable","17":"product-type-simple"},"_links":{"self":[{"href":"https:\/\/roveyayinevi.com.tr\/index.php\/wp-json\/wp\/v2\/product\/735887","targetHints":{"allow":["GET"]}}],"collection":[{"href":"https:\/\/roveyayinevi.com.tr\/index.php\/wp-json\/wp\/v2\/product"}],"about":[{"href":"https:\/\/roveyayinevi.com.tr\/index.php\/wp-json\/wp\/v2\/types\/product"}],"wp:attachment":[{"href":"https:\/\/roveyayinevi.com.tr\/index.php\/wp-json\/wp\/v2\/media?parent=735887"}],"wp:term":[{"taxonomy":"product_brand","embeddable":true,"href":"https:\/\/roveyayinevi.com.tr\/index.php\/wp-json\/wp\/v2\/product_brand?post=735887"},{"taxonomy":"product_cat","embeddable":true,"href":"https:\/\/roveyayinevi.com.tr\/index.php\/wp-json\/wp\/v2\/product_cat?post=735887"},{"taxonomy":"product_tag","embeddable":true,"href":"https:\/\/roveyayinevi.com.tr\/index.php\/wp-json\/wp\/v2\/product_tag?post=735887"}],"curies":[{"name":"wp","href":"https:\/\/api.w.org\/{rel}","templated":true}]}}