{"id":735883,"date":"2025-08-27T22:56:52","date_gmt":"2025-08-27T19:56:52","guid":{"rendered":"https:\/\/roveyayinevi.com.tr\/index.php\/urun\/fanus\/"},"modified":"2026-04-16T02:44:37","modified_gmt":"2026-04-15T23:44:37","slug":"fanus","status":"publish","type":"product","link":"https:\/\/roveyayinevi.com.tr\/index.php\/urun\/fanus\/","title":{"rendered":"Fanus"},"content":{"rendered":"<p>Do\u011fay\u0131 ve kendini ke\u015ffeden \u00e7ocuk   Hepimiz bazen bir fanusa ihtiya\u00e7 duyar\u0131z. Kendimizi dinlemek, tan\u0131mak ve yeniden kendimizle tan\u0131\u015f\u0131p merhaba demek i\u00e7in. Farkl\u0131l\u0131klar\u0131m\u0131z\u0131 sevip fazlal\u0131klar\u0131m\u0131zdan kurtulabilmek i\u00e7in. T\u0131pk\u0131 kitab\u0131m\u0131z\u0131n kahraman\u0131 Erdi gibi. Erdi mi? Erdi, cam ustas\u0131 olan Sayda\u2019yla yollar\u0131 kesi\u015fen ve tesad\u00fcf eseri cam fanusta aylar ge\u00e7irmek zorunda kalarak do\u011fay\u0131 ve kendini ke\u015ffeden bir \u00e7ocuk.   Do\u00e7. Dr. Saniye Bencik Kangal   Art\u0131k b\u00fcy\u00fck \u00e7o\u011funlu\u011fumuz \u015fehirlerde ya\u015fad\u0131\u011f\u0131m\u0131zdan, kendimizi do\u011fan\u0131n bir par\u00e7as\u0131 olarak g\u00f6rm\u00fcyoruz. Oysaki t\u00fcm canl\u0131lar gibi insan da do\u011fan\u0131n bir par\u00e7as\u0131d\u0131r. Do\u011fan\u0131n var olmak i\u00e7in insana ihtiyac\u0131 yok, ama insan\u0131n varl\u0131\u011f\u0131n\u0131 s\u00fcrd\u00fcrmesi i\u00e7in do\u011faya ihtiyac\u0131 var. Fanus hepimize do\u011fan\u0131n bir par\u00e7as\u0131 oldu\u011fumuzu ve do\u011faya kar\u015f\u0131 sorumluluklar\u0131m\u0131z\u0131 i\u00e7tenlikle g\u00f6steriyor. \u00d6m\u00fcr Kurt<\/p>\n","protected":false},"excerpt":{"rendered":"<p>Do\u011fay\u0131 ve kendini ke\u015ffeden \u00e7ocuk Hepimiz bazen bir fanusa ihtiya\u00e7 duyar\u0131z. Kendimizi dinlemek, tan\u0131mak ve yeniden kendimizle tan\u0131\u015f\u0131p merhaba demek i\u00e7in. Farkl\u0131l\u0131klar\u0131m\u0131z\u0131 sevip fazlal\u0131klar\u0131m\u0131zdan kurtulabilmek i\u00e7in.<span class=\"excerpt-hellip\"> [\u2026]<\/span><\/p>\n","protected":false},"featured_media":0,"template":"","meta":{"_monsterinsights_skip_tracking":false,"_monsterinsights_sitenote_active":false,"_monsterinsights_sitenote_note":"","_monsterinsights_sitenote_category":0},"product_brand":[],"product_cat":[12275,12274],"product_tag":[],"class_list":{"0":"post-735883","1":"product","2":"type-product","3":"status-publish","5":"product_cat-6-12-yas-kitaplari","6":"product_cat-cocuk-ve-genclik-kitaplari","7":"pa_cilt-ciltsiz","8":"pa_tur-kitap","9":"pa_yayinevi-masalperest-ozel-urun","10":"pa_yazar-ozge-selcuk-bozkurt","12":"first","13":"instock","14":"sale","15":"shipping-taxable","16":"purchasable","17":"product-type-simple"},"_links":{"self":[{"href":"https:\/\/roveyayinevi.com.tr\/index.php\/wp-json\/wp\/v2\/product\/735883","targetHints":{"allow":["GET"]}}],"collection":[{"href":"https:\/\/roveyayinevi.com.tr\/index.php\/wp-json\/wp\/v2\/product"}],"about":[{"href":"https:\/\/roveyayinevi.com.tr\/index.php\/wp-json\/wp\/v2\/types\/product"}],"wp:attachment":[{"href":"https:\/\/roveyayinevi.com.tr\/index.php\/wp-json\/wp\/v2\/media?parent=735883"}],"wp:term":[{"taxonomy":"product_brand","embeddable":true,"href":"https:\/\/roveyayinevi.com.tr\/index.php\/wp-json\/wp\/v2\/product_brand?post=735883"},{"taxonomy":"product_cat","embeddable":true,"href":"https:\/\/roveyayinevi.com.tr\/index.php\/wp-json\/wp\/v2\/product_cat?post=735883"},{"taxonomy":"product_tag","embeddable":true,"href":"https:\/\/roveyayinevi.com.tr\/index.php\/wp-json\/wp\/v2\/product_tag?post=735883"}],"curies":[{"name":"wp","href":"https:\/\/api.w.org\/{rel}","templated":true}]}}