{"id":735881,"date":"2025-08-27T22:56:49","date_gmt":"2025-08-27T19:56:49","guid":{"rendered":"https:\/\/roveyayinevi.com.tr\/index.php\/urun\/esrarengiz-kelimeler-2-malikanedeki-yabanci-ciltli\/"},"modified":"2026-04-16T02:44:37","modified_gmt":"2026-04-15T23:44:37","slug":"esrarengiz-kelimeler-2-malikanedeki-yabanci-ciltli","status":"publish","type":"product","link":"https:\/\/roveyayinevi.com.tr\/index.php\/urun\/esrarengiz-kelimeler-2-malikanedeki-yabanci-ciltli\/","title":{"rendered":"Esrarengiz Kelimeler 2 &#8211; Malikanedeki Yabanc\u0131 (Ciltli)"},"content":{"rendered":"<p>Yollar\u0131n\u0131 kitaplardan ve g\u00f6zlerinden yay\u0131lan parlak \u0131\u015f\u0131k ayd\u0131nlat\u0131yordu..Mert, Esrarengiz Kelimeler sayesinde Hayallerinizdeki Okul\u2019a kabul edilir. Yan\u0131nda \u0130dil, Nesli, Sarp ve tan\u0131mad\u0131\u011f\u0131 iki \u00e7ocukla birlikte, U\u011fuldayan Tepe Yolu\u2019ndaki g\u00f6rkemli malik\u00e2nenin giri\u015finde, okul turunun ba\u015flamas\u0131n\u0131 beklerken heyecan i\u00e7indedir.Ancak Mert ve arkada\u015flar\u0131, turun sonunda hi\u00e7 ummad\u0131klar\u0131 bir s\u00fcrprizle kar\u015f\u0131la\u015f\u0131rlar; her birinin \u00e7antas\u0131ndan \u015fifreli notlar \u00e7\u0131kar. B\u00f6ylece okulun a\u00e7\u0131lmas\u0131na sadece birka\u00e7 g\u00fcn kala, gizemli bir yan\u0131 da olan o malik\u00e2nede, kendilerini yepyeni bir ipucu av\u0131n\u0131n i\u00e7inde bulurlar. \u00dcstelik \u00e7etrefilli ve kimi zaman birbiriyle ba\u011flant\u0131l\u0131 olan bilmecelerle ipu\u00e7lar\u0131, daha \u00f6nce kar\u015f\u0131la\u015ft\u0131klar\u0131na da benzememektedir.Dayan\u0131\u015fma, arkada\u015fl\u0131\u011f\u0131n verdi\u011fi destek ve kitaplar\u0131n yard\u0131m\u0131yla ilerlerler. Bu s\u0131 rada bir yandan malik\u00e2nede kar\u015f\u0131la\u015ft\u0131klar\u0131 emektar\u0131n kim oldu\u011fuyla ve Bilge \u00d6\u011fretmen\u2019in tuhaf davran\u0131\u015flar\u0131n\u0131n ard\u0131ndaki s\u0131rla ilgili sorulara da cevap ararlar. En \u00e7ok merak ettikleri ise son ipucuna geldiklerinde onlar\u0131 neyin bekledi\u011fidir?<\/p>\n","protected":false},"excerpt":{"rendered":"<p>Yollar\u0131n\u0131 kitaplardan ve g\u00f6zlerinden yay\u0131lan parlak \u0131\u015f\u0131k ayd\u0131nlat\u0131yordu..Mert, Esrarengiz Kelimeler sayesinde Hayallerinizdeki Okul\u2019a kabul edilir. Yan\u0131nda \u0130dil, Nesli, Sarp ve tan\u0131mad\u0131\u011f\u0131 iki \u00e7ocukla birlikte, U\u011fuldayan Tepe<span class=\"excerpt-hellip\"> [\u2026]<\/span><\/p>\n","protected":false},"featured_media":0,"template":"","meta":{"_monsterinsights_skip_tracking":false,"_monsterinsights_sitenote_active":false,"_monsterinsights_sitenote_note":"","_monsterinsights_sitenote_category":0},"product_brand":[],"product_cat":[12275,12274],"product_tag":[],"class_list":{"0":"post-735881","1":"product","2":"type-product","3":"status-publish","5":"product_cat-6-12-yas-kitaplari","6":"product_cat-cocuk-ve-genclik-kitaplari","7":"pa_cilt-ciltli","8":"pa_tur-kitap","9":"pa_yayinevi-altin-kitaplar-ozel-urun","10":"pa_yazar-almila-aydin","12":"first","13":"instock","14":"sale","15":"shipping-taxable","16":"purchasable","17":"product-type-simple"},"_links":{"self":[{"href":"https:\/\/roveyayinevi.com.tr\/index.php\/wp-json\/wp\/v2\/product\/735881","targetHints":{"allow":["GET"]}}],"collection":[{"href":"https:\/\/roveyayinevi.com.tr\/index.php\/wp-json\/wp\/v2\/product"}],"about":[{"href":"https:\/\/roveyayinevi.com.tr\/index.php\/wp-json\/wp\/v2\/types\/product"}],"wp:attachment":[{"href":"https:\/\/roveyayinevi.com.tr\/index.php\/wp-json\/wp\/v2\/media?parent=735881"}],"wp:term":[{"taxonomy":"product_brand","embeddable":true,"href":"https:\/\/roveyayinevi.com.tr\/index.php\/wp-json\/wp\/v2\/product_brand?post=735881"},{"taxonomy":"product_cat","embeddable":true,"href":"https:\/\/roveyayinevi.com.tr\/index.php\/wp-json\/wp\/v2\/product_cat?post=735881"},{"taxonomy":"product_tag","embeddable":true,"href":"https:\/\/roveyayinevi.com.tr\/index.php\/wp-json\/wp\/v2\/product_tag?post=735881"}],"curies":[{"name":"wp","href":"https:\/\/api.w.org\/{rel}","templated":true}]}}