{"id":735880,"date":"2025-08-27T22:56:48","date_gmt":"2025-08-27T19:56:48","guid":{"rendered":"https:\/\/roveyayinevi.com.tr\/index.php\/urun\/mekanik-agaclar-kasifin-maceralari\/"},"modified":"2026-04-16T02:44:37","modified_gmt":"2026-04-15T23:44:37","slug":"mekanik-agaclar-kasifin-maceralari","status":"publish","type":"product","link":"https:\/\/roveyayinevi.com.tr\/index.php\/urun\/mekanik-agaclar-kasifin-maceralari\/","title":{"rendered":"Mekanik A\u011fa\u00e7lar &#8211; Ka\u015fifin Maceralar\u0131"},"content":{"rendered":"<p>G\u00f6lgesinde serinleyemeyece\u011fimiz, kurumu\u015f meyvesini kopar\u0131p yiyemeyece\u011fimiz mekanik bir a\u011fa\u00e7 ne i\u015fe yarar ki?Ayaz ve Rubina bu kitapta hava kirlili\u011fi \u00f6l\u00e7\u00fcm cihaz\u0131ndaki ar\u0131zan\u0131n nedenlerini ara\u015ft\u0131r\u0131rken, bir kangurunun pe\u015finden giderek mekanik a\u011fa\u00e7lar\u0131n mucidiyle tan\u0131\u015f\u0131rlar. Do\u011fa dostu icatlar\u0131n sahibi bilim insan\u0131 art\u0131k uluslararas\u0131 \u00e7al\u0131\u015fma ekibinin bir par\u00e7as\u0131 olmu\u015ftur. Enerji t\u00fcketimine son verebilecek bir canl\u0131 t\u00fcr\u00fcn\u00fcn ke\u015ffiyle, Ayaz ve arkada\u015flar\u0131 gelecek y\u00fczy\u0131llar i\u00e7in umut doludur.Sen de mekanik a\u011fa\u00e7larla ba\u015flayan bu bilimsel maceraya kat\u0131l\u0131rken, hayallerine d\u00fcnyan\u0131n en derin- lerindeki canl\u0131lar\u0131 da d\u00e2hil etmeyi unutma!<\/p>\n","protected":false},"excerpt":{"rendered":"<p>G\u00f6lgesinde serinleyemeyece\u011fimiz, kurumu\u015f meyvesini kopar\u0131p yiyemeyece\u011fimiz mekanik bir a\u011fa\u00e7 ne i\u015fe yarar ki?Ayaz ve Rubina bu kitapta hava kirlili\u011fi \u00f6l\u00e7\u00fcm cihaz\u0131ndaki ar\u0131zan\u0131n nedenlerini ara\u015ft\u0131r\u0131rken, bir kangurunun<span class=\"excerpt-hellip\"> [\u2026]<\/span><\/p>\n","protected":false},"featured_media":0,"template":"","meta":{"_monsterinsights_skip_tracking":false,"_monsterinsights_sitenote_active":false,"_monsterinsights_sitenote_note":"","_monsterinsights_sitenote_category":0},"product_brand":[],"product_cat":[12275,12274],"product_tag":[],"class_list":{"0":"post-735880","1":"product","2":"type-product","3":"status-publish","5":"product_cat-6-12-yas-kitaplari","6":"product_cat-cocuk-ve-genclik-kitaplari","7":"pa_cilt-ciltsiz","8":"pa_tur-kitap","9":"pa_yayinevi-altin-kitaplar-ozel-urun","10":"pa_yazar-elcin-kuzucu","12":"first","13":"instock","14":"sale","15":"shipping-taxable","16":"purchasable","17":"product-type-simple"},"_links":{"self":[{"href":"https:\/\/roveyayinevi.com.tr\/index.php\/wp-json\/wp\/v2\/product\/735880","targetHints":{"allow":["GET"]}}],"collection":[{"href":"https:\/\/roveyayinevi.com.tr\/index.php\/wp-json\/wp\/v2\/product"}],"about":[{"href":"https:\/\/roveyayinevi.com.tr\/index.php\/wp-json\/wp\/v2\/types\/product"}],"wp:attachment":[{"href":"https:\/\/roveyayinevi.com.tr\/index.php\/wp-json\/wp\/v2\/media?parent=735880"}],"wp:term":[{"taxonomy":"product_brand","embeddable":true,"href":"https:\/\/roveyayinevi.com.tr\/index.php\/wp-json\/wp\/v2\/product_brand?post=735880"},{"taxonomy":"product_cat","embeddable":true,"href":"https:\/\/roveyayinevi.com.tr\/index.php\/wp-json\/wp\/v2\/product_cat?post=735880"},{"taxonomy":"product_tag","embeddable":true,"href":"https:\/\/roveyayinevi.com.tr\/index.php\/wp-json\/wp\/v2\/product_tag?post=735880"}],"curies":[{"name":"wp","href":"https:\/\/api.w.org\/{rel}","templated":true}]}}