{"id":735877,"date":"2025-08-27T22:56:44","date_gmt":"2025-08-27T19:56:44","guid":{"rendered":"https:\/\/roveyayinevi.com.tr\/index.php\/urun\/kafdaginin-taslari\/"},"modified":"2026-04-16T02:44:37","modified_gmt":"2026-04-15T23:44:37","slug":"kafdaginin-taslari","status":"publish","type":"product","link":"https:\/\/roveyayinevi.com.tr\/index.php\/urun\/kafdaginin-taslari\/","title":{"rendered":"Kafda\u011f\u0131&#8217;n\u0131n Ta\u015flar\u0131"},"content":{"rendered":"<p>Dedesinin masallar\u0131yla b\u00fcy\u00fcyen Triks bir yolculu\u011fa \u00e7\u0131kar ve pe\u015f pe\u015fe ya\u015fad\u0131\u011f\u0131 inan\u0131lmaz olaylar sonucu Kafda\u011f\u0131\u2019n\u0131n yerini bulur. Kafda\u011f\u0131\u2019ndaki renkli ta\u015flar\u0131 dedesine g\u00f6t\u00fcrmek i\u00e7in yan\u0131na al\u0131r. Ancak o ta\u015flar\u0131n yerinden oynamas\u0131yla d\u00fcnyadaki masallar\u0131n yok olmaya ba\u015flayaca\u011f\u0131n\u0131 ve da\u011f\u0131n alt\u0131ndaki ma\u011farada yatan tehlikenin uyanaca\u011f\u0131n\u0131 bilmemektedir. Triks ta\u015flar\u0131n g\u00fcc\u00fcn\u00fc ke\u015ffederken Kafda\u011f\u0131\u2019n\u0131n koruyucusu Yer Ana ise onu ve ta\u015flar\u0131 geri getirmek i\u00e7in esrarengiz planlar yapmaktad\u0131r.Kafda\u011f\u0131\u2019n\u0131n Ta\u015flar\u0131, Anadolu mitolojisi motifleriyle bezenmi\u015f bir dostluk, sevgi, macera ve yolculuk hik\u00e2yesi. Bu yolculukta dedeler, torunlar, bilge ki\u015filer, tuhaf yarat\u0131klar, komik olaylarla birlikte y\u00fcr\u00fcmek isteyenleri de sayfalar\u0131n\u0131n aras\u0131na bekliyor!<\/p>\n","protected":false},"excerpt":{"rendered":"<p>Dedesinin masallar\u0131yla b\u00fcy\u00fcyen Triks bir yolculu\u011fa \u00e7\u0131kar ve pe\u015f pe\u015fe ya\u015fad\u0131\u011f\u0131 inan\u0131lmaz olaylar sonucu Kafda\u011f\u0131\u2019n\u0131n yerini bulur. Kafda\u011f\u0131\u2019ndaki renkli ta\u015flar\u0131 dedesine g\u00f6t\u00fcrmek i\u00e7in yan\u0131na al\u0131r. Ancak<span class=\"excerpt-hellip\"> [\u2026]<\/span><\/p>\n","protected":false},"featured_media":0,"template":"","meta":{"_monsterinsights_skip_tracking":false,"_monsterinsights_sitenote_active":false,"_monsterinsights_sitenote_note":"","_monsterinsights_sitenote_category":0},"product_brand":[],"product_cat":[12275,12274],"product_tag":[],"class_list":{"0":"post-735877","1":"product","2":"type-product","3":"status-publish","5":"product_cat-6-12-yas-kitaplari","6":"product_cat-cocuk-ve-genclik-kitaplari","7":"pa_cilt-ciltsiz","8":"pa_tur-kitap","9":"pa_yayinevi-altin-kitaplar-ozel-urun","10":"pa_yazar-nihan-temiz","12":"first","13":"instock","14":"sale","15":"shipping-taxable","16":"purchasable","17":"product-type-simple"},"_links":{"self":[{"href":"https:\/\/roveyayinevi.com.tr\/index.php\/wp-json\/wp\/v2\/product\/735877","targetHints":{"allow":["GET"]}}],"collection":[{"href":"https:\/\/roveyayinevi.com.tr\/index.php\/wp-json\/wp\/v2\/product"}],"about":[{"href":"https:\/\/roveyayinevi.com.tr\/index.php\/wp-json\/wp\/v2\/types\/product"}],"wp:attachment":[{"href":"https:\/\/roveyayinevi.com.tr\/index.php\/wp-json\/wp\/v2\/media?parent=735877"}],"wp:term":[{"taxonomy":"product_brand","embeddable":true,"href":"https:\/\/roveyayinevi.com.tr\/index.php\/wp-json\/wp\/v2\/product_brand?post=735877"},{"taxonomy":"product_cat","embeddable":true,"href":"https:\/\/roveyayinevi.com.tr\/index.php\/wp-json\/wp\/v2\/product_cat?post=735877"},{"taxonomy":"product_tag","embeddable":true,"href":"https:\/\/roveyayinevi.com.tr\/index.php\/wp-json\/wp\/v2\/product_tag?post=735877"}],"curies":[{"name":"wp","href":"https:\/\/api.w.org\/{rel}","templated":true}]}}