{"id":735876,"date":"2025-08-27T22:56:42","date_gmt":"2025-08-27T19:56:42","guid":{"rendered":"https:\/\/roveyayinevi.com.tr\/index.php\/urun\/sinav-bitti-eller-havaya\/"},"modified":"2026-04-16T02:44:37","modified_gmt":"2026-04-15T23:44:37","slug":"sinav-bitti-eller-havaya","status":"publish","type":"product","link":"https:\/\/roveyayinevi.com.tr\/index.php\/urun\/sinav-bitti-eller-havaya\/","title":{"rendered":"S\u0131nav Bitti Eller Havaya"},"content":{"rendered":"<p>&#8220;S\u0131nav Bitti Eller Havaya!&#8221; demenin bir yolu var&#8230; O yolu bulman\u0131n anahtar\u0131 sizin elinizde&#8230;Her s\u0131nav bitti\u011finde Bilge&#8217;nin akl\u0131nda tek bir soru olurdu; &#8220;Acaba s\u0131navda ka\u00e7 yanl\u0131\u015f yapt\u0131m?&#8221;Eli kalem tutmaya ba\u015flad\u0131\u011f\u0131ndan beri hayat\u0131n\u0131n tek ger\u00e7e\u011fi, \u00e7al\u0131\u015fma yapraklar\u0131 ve cevap k\u00e2\u011f\u0131tlar\u0131yd\u0131. Sonunda bir g\u00fcn cevap k\u00e2\u011f\u0131d\u0131 onunla konu\u015fmaya ba\u015flad\u0131 ya da ona \u00f6yle geldi. Bilge&#8217;ye en de\u011ferli \u015feyin hayat\u0131n kendisi oldu\u011funu, i\u00e7inden y\u00fckselen sesleri dinlemesi ve hayallerinin pe\u015finden gitmesi gerekti\u011fini, bazen de bir \u015feyleri hayat\u0131n ak\u0131\u015f\u0131na b\u0131rakman\u0131n insan\u0131 daha mutlu edece\u011fini mizahi bir yakla\u015f\u0131mla anlat\u0131p durdu.Bilge cevap k\u00e2\u011f\u0131d\u0131n\u0131n bu s\u00f6zlerine teslim oldu mu dersiniz? Oras\u0131 me\u00e7hul. Belki de siz kitab\u0131 okuyunca bu s\u0131rra vak\u0131f olacaks\u0131n\u0131z. Bir de Bilge&#8217;nin en yak\u0131n arkada\u015flar\u0131 olan O\u011fuz, Canan, Esat, Oktay ve Necdet&#8230;Peki, sizce s\u0131navlar\u0131 kazanman\u0131n bir s\u0131rr\u0131 var m\u0131d\u0131r? Bilge ve arkada\u015flar\u0131 s\u0131navlar\u0131n s\u0131rr\u0131n\u0131 ve mutlulu\u011fun izini bulabilecekler mi?Buket \u00c7etin \u00e7ocu\u011fun d\u00fcnyas\u0131na, sorunlar\u0131na, ya\u015fad\u0131klar\u0131na ve ya\u015famad\u0131klar\u0131na farkl\u0131 bir bak\u0131\u015f a\u00e7\u0131s\u0131, yeni bir soluk getiriyor.<\/p>\n","protected":false},"excerpt":{"rendered":"<p>&#8220;S\u0131nav Bitti Eller Havaya!&#8221; demenin bir yolu var&#8230; O yolu bulman\u0131n anahtar\u0131 sizin elinizde&#8230;Her s\u0131nav bitti\u011finde Bilge&#8217;nin akl\u0131nda tek bir soru olurdu; &#8220;Acaba s\u0131navda ka\u00e7 yanl\u0131\u015f<span class=\"excerpt-hellip\"> [\u2026]<\/span><\/p>\n","protected":false},"featured_media":0,"template":"","meta":{"_monsterinsights_skip_tracking":false,"_monsterinsights_sitenote_active":false,"_monsterinsights_sitenote_note":"","_monsterinsights_sitenote_category":0},"product_brand":[],"product_cat":[12275,12274],"product_tag":[],"class_list":{"0":"post-735876","1":"product","2":"type-product","3":"status-publish","5":"product_cat-6-12-yas-kitaplari","6":"product_cat-cocuk-ve-genclik-kitaplari","7":"pa_cilt-ciltsiz","8":"pa_tur-kitap","9":"pa_yayinevi-altin-kitaplar-ozel-urun","10":"pa_yazar-buket-cetin","12":"first","13":"instock","14":"sale","15":"shipping-taxable","16":"purchasable","17":"product-type-simple"},"_links":{"self":[{"href":"https:\/\/roveyayinevi.com.tr\/index.php\/wp-json\/wp\/v2\/product\/735876","targetHints":{"allow":["GET"]}}],"collection":[{"href":"https:\/\/roveyayinevi.com.tr\/index.php\/wp-json\/wp\/v2\/product"}],"about":[{"href":"https:\/\/roveyayinevi.com.tr\/index.php\/wp-json\/wp\/v2\/types\/product"}],"wp:attachment":[{"href":"https:\/\/roveyayinevi.com.tr\/index.php\/wp-json\/wp\/v2\/media?parent=735876"}],"wp:term":[{"taxonomy":"product_brand","embeddable":true,"href":"https:\/\/roveyayinevi.com.tr\/index.php\/wp-json\/wp\/v2\/product_brand?post=735876"},{"taxonomy":"product_cat","embeddable":true,"href":"https:\/\/roveyayinevi.com.tr\/index.php\/wp-json\/wp\/v2\/product_cat?post=735876"},{"taxonomy":"product_tag","embeddable":true,"href":"https:\/\/roveyayinevi.com.tr\/index.php\/wp-json\/wp\/v2\/product_tag?post=735876"}],"curies":[{"name":"wp","href":"https:\/\/api.w.org\/{rel}","templated":true}]}}