{"id":735875,"date":"2025-08-27T22:56:41","date_gmt":"2025-08-27T19:56:41","guid":{"rendered":"https:\/\/roveyayinevi.com.tr\/index.php\/urun\/sehzadenin-yolculugu\/"},"modified":"2026-04-16T02:44:37","modified_gmt":"2026-04-15T23:44:37","slug":"sehzadenin-yolculugu","status":"publish","type":"product","link":"https:\/\/roveyayinevi.com.tr\/index.php\/urun\/sehzadenin-yolculugu\/","title":{"rendered":"\u015eehzadenin Yolculu\u011fu"},"content":{"rendered":"<p>\u015eehzadenin Yolculu\u011fu, ya\u015fad\u0131\u011f\u0131 \u00fclkeyi ve halk\u0131n\u0131n s\u0131k\u0131nt\u0131lar\u0131n\u0131 anlamaya, tan\u0131maya \u00e7al\u0131\u015fan bir \u015fehzadenin, yan\u0131nda ona rehberlik eden hocas\u0131yla tebdilik\u0131yafet yapt\u0131\u011f\u0131 yolculu\u011fu anlat\u0131yor. Ancak bu \u00f6yle s\u0131radan bir yolculuk de\u011fil. Bu ayn\u0131 zamanda kendi i\u00e7ine do\u011fru yap\u0131lan derin bir yolculuk. Pi\u015fmeye, olgunla\u015fmaya, hayat\u0131 anlamaya dair bir ser\u00fcven&#8230;Habib Bekta\u015f, y\u0131llar\u0131n birikimini ak\u0131c\u0131 bir anlat\u0131m ve m\u00fckemmel bir kurguyla yeniden g\u00f6zler \u00f6n\u00fcne seriyor. <\/p>\n","protected":false},"excerpt":{"rendered":"<p>\u015eehzadenin Yolculu\u011fu, ya\u015fad\u0131\u011f\u0131 \u00fclkeyi ve halk\u0131n\u0131n s\u0131k\u0131nt\u0131lar\u0131n\u0131 anlamaya, tan\u0131maya \u00e7al\u0131\u015fan bir \u015fehzadenin, yan\u0131nda ona rehberlik eden hocas\u0131yla tebdilik\u0131yafet yapt\u0131\u011f\u0131 yolculu\u011fu anlat\u0131yor. Ancak bu \u00f6yle s\u0131radan bir<span class=\"excerpt-hellip\"> [\u2026]<\/span><\/p>\n","protected":false},"featured_media":0,"template":"","meta":{"_monsterinsights_skip_tracking":false,"_monsterinsights_sitenote_active":false,"_monsterinsights_sitenote_note":"","_monsterinsights_sitenote_category":0},"product_brand":[],"product_cat":[12275,12274],"product_tag":[],"class_list":{"0":"post-735875","1":"product","2":"type-product","3":"status-publish","5":"product_cat-6-12-yas-kitaplari","6":"product_cat-cocuk-ve-genclik-kitaplari","7":"pa_cilt-ciltsiz","8":"pa_tur-kitap","9":"pa_yayinevi-altin-kitaplar-ozel-urun","10":"pa_yazar-habib-bektas","12":"first","13":"instock","14":"sale","15":"shipping-taxable","16":"purchasable","17":"product-type-simple"},"_links":{"self":[{"href":"https:\/\/roveyayinevi.com.tr\/index.php\/wp-json\/wp\/v2\/product\/735875","targetHints":{"allow":["GET"]}}],"collection":[{"href":"https:\/\/roveyayinevi.com.tr\/index.php\/wp-json\/wp\/v2\/product"}],"about":[{"href":"https:\/\/roveyayinevi.com.tr\/index.php\/wp-json\/wp\/v2\/types\/product"}],"wp:attachment":[{"href":"https:\/\/roveyayinevi.com.tr\/index.php\/wp-json\/wp\/v2\/media?parent=735875"}],"wp:term":[{"taxonomy":"product_brand","embeddable":true,"href":"https:\/\/roveyayinevi.com.tr\/index.php\/wp-json\/wp\/v2\/product_brand?post=735875"},{"taxonomy":"product_cat","embeddable":true,"href":"https:\/\/roveyayinevi.com.tr\/index.php\/wp-json\/wp\/v2\/product_cat?post=735875"},{"taxonomy":"product_tag","embeddable":true,"href":"https:\/\/roveyayinevi.com.tr\/index.php\/wp-json\/wp\/v2\/product_tag?post=735875"}],"curies":[{"name":"wp","href":"https:\/\/api.w.org\/{rel}","templated":true}]}}