{"id":735874,"date":"2025-08-27T22:56:40","date_gmt":"2025-08-27T19:56:40","guid":{"rendered":"https:\/\/roveyayinevi.com.tr\/index.php\/urun\/zafere-acilan-kapi\/"},"modified":"2026-04-16T02:44:37","modified_gmt":"2026-04-15T23:44:37","slug":"zafere-acilan-kapi","status":"publish","type":"product","link":"https:\/\/roveyayinevi.com.tr\/index.php\/urun\/zafere-acilan-kapi\/","title":{"rendered":"Zafere A\u00e7\u0131lan Kap\u0131"},"content":{"rendered":"<p>Memleket yang\u0131n yeriydi. Gen\u00e7 ya\u015fl\u0131, kad\u0131n erkek demeden y\u0131llar s\u00fcren bir sava\u015f\u0131n i\u00e7indeydiler. \u00c7ocuklar bile meydanlarda yi\u011fit\u00e7e sava\u015f\u0131yorlard\u0131. D\u00fc\u015fman d\u00f6rt bir yanda, y\u0131llarca kom\u015fu g\u00f6r\u00fcnenler pusuda, asker yorgun, a\u00e7l\u0131k kap\u0131dayd\u0131&#8230;T\u00fcm bunlara dur demenin vakti gelmi\u015f de ge\u00e7iyordu. Anneler, babalar, gen\u00e7ler, \u00e7ocuklar ve ya\u015fl\u0131lar mill\u00ee m\u00fccadelenin korkmaz bir neferi olarak vatan\u0131 korumak, d\u00fc\u015fmanlar\u0131 \u00fclkeden kovmak ve \u00f6zg\u00fcr bir gelecek u\u011fruna o b\u00fcy\u00fck \u00f6nderin, Mustafa Kemal&#8217;in pe\u015finden gidiyordu.Nice Mustafalar, Osmanlar, Aliler, Sar\u0131 Ay\u015feler, Kemaller, Gazi Dedeler, Hatice Kad\u0131nlar vard\u0131 bu m\u00fccadelenin kilometre ta\u015flar\u0131nda. Gencecik analar minik bebelerini s\u0131rtlar\u0131na ba\u011flay\u0131p ka\u011fn\u0131lar\u0131yla silah ta\u015f\u0131yorlard\u0131 cepheye. Kimisi yere y\u0131\u011f\u0131lan \u00f6k\u00fcz\u00fcn\u00fcn boyunduru\u011funu kollar\u0131yla \u00e7ekip yeti\u015ftiriyordu silahlar\u0131 cephedeki yi\u011fitlere. Yeri geldi yak\u0131lan k\u00f6ylerde yaralara merhem oldular, yeri geldi yayan yap\u0131ldak vurdular kendilerini yollara. Yeri geldi atlar\u0131n\u0131 d\u00f6rtnala kald\u0131rd\u0131lar. \u201cOrdular, ilk hedefiniz Akdeniz\u2019dir. \u0130leri!\u201d komutuyla \u0130zmir\u2019in da\u011flar\u0131ndan a\u015f\u0131p ZAFERE A\u00c7ILAN KAPI\u2019n\u0131n \u00f6n\u00fcnde do\u011fan g\u00fcne\u015fi yorgun ama gururla kucaklad\u0131lar. <\/p>\n","protected":false},"excerpt":{"rendered":"<p>Memleket yang\u0131n yeriydi. Gen\u00e7 ya\u015fl\u0131, kad\u0131n erkek demeden y\u0131llar s\u00fcren bir sava\u015f\u0131n i\u00e7indeydiler. \u00c7ocuklar bile meydanlarda yi\u011fit\u00e7e sava\u015f\u0131yorlard\u0131. D\u00fc\u015fman d\u00f6rt bir yanda, y\u0131llarca kom\u015fu g\u00f6r\u00fcnenler pusuda,<span class=\"excerpt-hellip\"> [\u2026]<\/span><\/p>\n","protected":false},"featured_media":0,"template":"","meta":{"_monsterinsights_skip_tracking":false,"_monsterinsights_sitenote_active":false,"_monsterinsights_sitenote_note":"","_monsterinsights_sitenote_category":0},"product_brand":[],"product_cat":[12275,12274],"product_tag":[],"class_list":{"0":"post-735874","1":"product","2":"type-product","3":"status-publish","5":"product_cat-6-12-yas-kitaplari","6":"product_cat-cocuk-ve-genclik-kitaplari","7":"pa_cilt-ciltsiz","8":"pa_tur-kitap","9":"pa_yayinevi-altin-kitaplar-ozel-urun","10":"pa_yazar-nur-icozu","12":"first","13":"instock","14":"sale","15":"shipping-taxable","16":"purchasable","17":"product-type-simple"},"_links":{"self":[{"href":"https:\/\/roveyayinevi.com.tr\/index.php\/wp-json\/wp\/v2\/product\/735874","targetHints":{"allow":["GET"]}}],"collection":[{"href":"https:\/\/roveyayinevi.com.tr\/index.php\/wp-json\/wp\/v2\/product"}],"about":[{"href":"https:\/\/roveyayinevi.com.tr\/index.php\/wp-json\/wp\/v2\/types\/product"}],"wp:attachment":[{"href":"https:\/\/roveyayinevi.com.tr\/index.php\/wp-json\/wp\/v2\/media?parent=735874"}],"wp:term":[{"taxonomy":"product_brand","embeddable":true,"href":"https:\/\/roveyayinevi.com.tr\/index.php\/wp-json\/wp\/v2\/product_brand?post=735874"},{"taxonomy":"product_cat","embeddable":true,"href":"https:\/\/roveyayinevi.com.tr\/index.php\/wp-json\/wp\/v2\/product_cat?post=735874"},{"taxonomy":"product_tag","embeddable":true,"href":"https:\/\/roveyayinevi.com.tr\/index.php\/wp-json\/wp\/v2\/product_tag?post=735874"}],"curies":[{"name":"wp","href":"https:\/\/api.w.org\/{rel}","templated":true}]}}