{"id":735870,"date":"2025-08-27T22:56:35","date_gmt":"2025-08-27T19:56:35","guid":{"rendered":"https:\/\/roveyayinevi.com.tr\/index.php\/urun\/yanilgi-saatleri\/"},"modified":"2026-04-16T02:44:37","modified_gmt":"2026-04-15T23:44:37","slug":"yanilgi-saatleri","status":"publish","type":"product","link":"https:\/\/roveyayinevi.com.tr\/index.php\/urun\/yanilgi-saatleri\/","title":{"rendered":"Yan\u0131lg\u0131 Saatleri"},"content":{"rendered":"<p>Nurullah Gen\u00e7&#8217;in hayata arma\u011fan etti\u011fi kelimeler, \u015fiirin en g\u00fczel duraklar\u0131na g\u00f6t\u00fcr\u00fcyor okuru yeniden.Y\u00fcr\u00fcmekle yan\u0131ld\u0131m sana ey hummal\u0131 g\u00f6lHeyecana g\u00f6m\u00fclmek ve g\u00fclmekle yan\u0131ld\u0131mCan merhemiydi elem burcunda sessizli\u011finBilemedim ki cellat de\u011fildir y\u00e2r dedi\u011finEy sar\u0131\u015f\u0131n kahkaha, ye\u015fil bak\u0131\u015fl\u0131 \u00f6l\u00fcmAynalar\u0131 s\u00f6m\u00fcren bin bir nak\u0131\u015fl\u0131 \u00f6l\u00fcmGir \u015fimdi d\u00fc\u015flerimin ebed\u00ee zindan\u0131na\u00c7\u00fcnk\u00fc cinnetle girdin y\u00fcre\u011fimin kan\u0131na<\/p>\n","protected":false},"excerpt":{"rendered":"<p>Nurullah Gen\u00e7&#8217;in hayata arma\u011fan etti\u011fi kelimeler, \u015fiirin en g\u00fczel duraklar\u0131na g\u00f6t\u00fcr\u00fcyor okuru yeniden.Y\u00fcr\u00fcmekle yan\u0131ld\u0131m sana ey hummal\u0131 g\u00f6lHeyecana g\u00f6m\u00fclmek ve g\u00fclmekle yan\u0131ld\u0131mCan merhemiydi elem burcunda sessizli\u011finBilemedim<span class=\"excerpt-hellip\"> [\u2026]<\/span><\/p>\n","protected":false},"featured_media":0,"template":"","meta":{"_monsterinsights_skip_tracking":false,"_monsterinsights_sitenote_active":false,"_monsterinsights_sitenote_note":"","_monsterinsights_sitenote_category":0},"product_brand":[],"product_cat":[12291,12509],"product_tag":[],"class_list":{"0":"post-735870","1":"product","2":"type-product","3":"status-publish","5":"product_cat-edebiyat","6":"product_cat-siir","7":"pa_cilt-ciltsiz","8":"pa_tur-kitap","9":"pa_yayinevi-timas-yayinlari","10":"pa_yazar-nurullah-genc","12":"first","13":"instock","14":"sale","15":"shipping-taxable","16":"purchasable","17":"product-type-simple"},"_links":{"self":[{"href":"https:\/\/roveyayinevi.com.tr\/index.php\/wp-json\/wp\/v2\/product\/735870","targetHints":{"allow":["GET"]}}],"collection":[{"href":"https:\/\/roveyayinevi.com.tr\/index.php\/wp-json\/wp\/v2\/product"}],"about":[{"href":"https:\/\/roveyayinevi.com.tr\/index.php\/wp-json\/wp\/v2\/types\/product"}],"wp:attachment":[{"href":"https:\/\/roveyayinevi.com.tr\/index.php\/wp-json\/wp\/v2\/media?parent=735870"}],"wp:term":[{"taxonomy":"product_brand","embeddable":true,"href":"https:\/\/roveyayinevi.com.tr\/index.php\/wp-json\/wp\/v2\/product_brand?post=735870"},{"taxonomy":"product_cat","embeddable":true,"href":"https:\/\/roveyayinevi.com.tr\/index.php\/wp-json\/wp\/v2\/product_cat?post=735870"},{"taxonomy":"product_tag","embeddable":true,"href":"https:\/\/roveyayinevi.com.tr\/index.php\/wp-json\/wp\/v2\/product_tag?post=735870"}],"curies":[{"name":"wp","href":"https:\/\/api.w.org\/{rel}","templated":true}]}}