{"id":735866,"date":"2025-08-27T22:56:30","date_gmt":"2025-08-27T19:56:30","guid":{"rendered":"https:\/\/roveyayinevi.com.tr\/index.php\/urun\/cocuklarla-felsefe-oyunlari\/"},"modified":"2026-02-23T11:52:16","modified_gmt":"2026-02-23T08:52:16","slug":"cocuklarla-felsefe-oyunlari","status":"publish","type":"product","link":"https:\/\/roveyayinevi.com.tr\/index.php\/urun\/cocuklarla-felsefe-oyunlari\/","title":{"rendered":"\u00c7ocuklarla Felsefe Oyunlar\u0131"},"content":{"rendered":"<p>Yarat\u0131ld\u0131\u011f\u0131m\u0131z evren nas\u0131ld\u0131r?Her \u015feyin bir kayna\u011f\u0131 olan bir \u015fey var m\u0131d\u0131r?\u0130nsan nedir? \u00c7ocuklarla Felsefe Oyunlar\u0131, bu gibi sorulardan yola \u00e7\u0131karak, 8-10 ya\u015f aras\u0131 \u00e7ocuklara do\u011fa olaylar\u0131, insan, dil ve ak\u0131l y\u00fcr\u00fctme ile ilgili konular\u0131 d\u00fc\u015f\u00fcnmeleri i\u00e7in e\u015flik ediyor. \u00c7ocuklar\u0131, ilkokuldan ba\u015flayarak felsefi d\u00fc\u015f\u00fcnme ve ak\u0131l y\u00fcr\u00fctmeye al\u0131\u015ft\u0131rman\u0131n \u00f6nemine ili\u015fkin bir giri\u015f b\u00f6l\u00fcm\u00fcn\u00fcn ard\u0131ndan, felsefe tarihinden esinlenerek d\u00f6rt ana b\u00f6l\u00fcmde grupland\u0131r\u0131lm\u0131\u015f, 15 konu sunuyor. Do\u011fa Felsefesi\u0130nsan FelsefesiDil FelsefesiBak\u0131\u015f A\u00e7\u0131s\u0131n\u0131 De\u011fi\u015ftirme \u00c7ocuklar, onlar\u0131 varsay\u0131msal \u2013 t\u00fcmdengelimsel d\u00fc\u015f\u00fcnmeye y\u00f6nlendirecek k\u00fc\u00e7\u00fck \u2013 b\u00fcy\u00fck zorluklarla kendilerini s\u0131nama f\u0131rsat\u0131na sahip olacaklar. Bu rota \u2013 \u00dctopya Adas\u0131- \u00dctopya Kural\u0131m oyunuyla tamamlan\u0131yor: \u00c7ocuklar resimli bir tablo \u00fczerine ya\u015f\u0131tlar\u0131yla birlikte \u00e7al\u0131\u015farak, fikirlerini kar\u015f\u0131la\u015ft\u0131rarak, \u00e7\u0131kar\u0131mlarda ve tahminlerde bulunarak, kendi kararlar\u0131n\u0131 vererek hayallerindeki aday\u0131 tasarlayacak ve yaratacaklar.<\/p>\n","protected":false},"excerpt":{"rendered":"<p>Yarat\u0131ld\u0131\u011f\u0131m\u0131z evren nas\u0131ld\u0131r?Her \u015feyin bir kayna\u011f\u0131 olan bir \u015fey var m\u0131d\u0131r?\u0130nsan nedir? \u00c7ocuklarla Felsefe Oyunlar\u0131, bu gibi sorulardan yola \u00e7\u0131karak, 8-10 ya\u015f aras\u0131 \u00e7ocuklara do\u011fa olaylar\u0131,<span class=\"excerpt-hellip\"> [\u2026]<\/span><\/p>\n","protected":false},"featured_media":0,"template":"","meta":{"_monsterinsights_skip_tracking":false,"_monsterinsights_sitenote_active":false,"_monsterinsights_sitenote_note":"","_monsterinsights_sitenote_category":0},"product_brand":[],"product_cat":[12274,17859],"product_tag":[],"class_list":{"0":"post-735866","1":"product","2":"type-product","3":"status-publish","5":"product_cat-cocuk-ve-genclik-kitaplari","6":"product_cat-oyun-kitaplari","7":"pa_cilt-set","8":"pa_tur-kitap","9":"pa_yayinevi-epsilon-yayinlari","10":"pa_yazar-luca-mori","12":"first","13":"instock","14":"sale","15":"shipping-taxable","16":"purchasable","17":"product-type-simple"},"_links":{"self":[{"href":"https:\/\/roveyayinevi.com.tr\/index.php\/wp-json\/wp\/v2\/product\/735866","targetHints":{"allow":["GET"]}}],"collection":[{"href":"https:\/\/roveyayinevi.com.tr\/index.php\/wp-json\/wp\/v2\/product"}],"about":[{"href":"https:\/\/roveyayinevi.com.tr\/index.php\/wp-json\/wp\/v2\/types\/product"}],"wp:attachment":[{"href":"https:\/\/roveyayinevi.com.tr\/index.php\/wp-json\/wp\/v2\/media?parent=735866"}],"wp:term":[{"taxonomy":"product_brand","embeddable":true,"href":"https:\/\/roveyayinevi.com.tr\/index.php\/wp-json\/wp\/v2\/product_brand?post=735866"},{"taxonomy":"product_cat","embeddable":true,"href":"https:\/\/roveyayinevi.com.tr\/index.php\/wp-json\/wp\/v2\/product_cat?post=735866"},{"taxonomy":"product_tag","embeddable":true,"href":"https:\/\/roveyayinevi.com.tr\/index.php\/wp-json\/wp\/v2\/product_tag?post=735866"}],"curies":[{"name":"wp","href":"https:\/\/api.w.org\/{rel}","templated":true}]}}