{"id":735865,"date":"2025-08-27T22:56:29","date_gmt":"2025-08-27T19:56:29","guid":{"rendered":"https:\/\/roveyayinevi.com.tr\/index.php\/urun\/yaslanma-kitabi\/"},"modified":"2026-04-16T02:44:36","modified_gmt":"2026-04-15T23:44:36","slug":"yaslanma-kitabi","status":"publish","type":"product","link":"https:\/\/roveyayinevi.com.tr\/index.php\/urun\/yaslanma-kitabi\/","title":{"rendered":"Yas&#8217;lanma Kitab\u0131"},"content":{"rendered":"<p>Bir cenaze evinde oldu\u011funuzu hayal edin, en \u00e7ok hangi c\u00fcmleyi duyuyorsunuz? \u201cBa\u015f\u0131n sa\u011f olsun.\u201d \u201cZaman her \u015feyin ilac\u0131.\u201d \u201cA\u011fla, a\u00e7\u0131l\u0131rs\u0131n.\u201d \u201cPidenin yan\u0131na ayran verecek misiniz?\u201d Yak\u0131n\u0131n\u0131 kaybeden birine ne hissettirdi\u011fi d\u00fc\u015f\u00fcn\u00fclmeden edilen bu s\u00f6zler \u00e7o\u011fu zaman can yak\u0131c\u0131 olabiliyor. \u2018Sa\u011f olmak\u2019 art\u0131k k\u00f6t\u00fc bir \u015feyken, zaman\u0131n u\u00e7suz bucaks\u0131zl\u0131\u011f\u0131yla derman olmad\u0131\u011f\u0131 ve a\u011flaman\u0131n faydas\u0131z kald\u0131\u011f\u0131 anlarda, yasa e\u015flik edenlerin yapt\u0131klar\u0131 hayata d\u00f6nd\u00fcrebiliyor. Elinizde tuttu\u011funuz bu kitap, i\u015fte bu kuytu noktaya parmak bas\u0131yor: Bir kayb\u0131n ard\u0131ndan s\u00f6ylenebilecekler, s\u00f6ylenmesi gerekenler ve sadece yan\u0131nda olman\u0131n yetece\u011fi anlar\u2026 Evlad\u0131n\u0131 hen\u00fcz kaybetmi\u015f bir arkada\u015f\u0131n\u0131n cenaze evinde, kendini onun onulmaz ac\u0131s\u0131n\u0131 payla\u015f\u0131rken bulan Shelly Fisher\u2019\u0131n Jennifer Jones ile bir araya gelerek derledi\u011fi \u201cYas\u201dlanma Kitab\u0131, yak\u0131n\u0131n\u0131 kaybeden bir\u00e7ok insan\u0131 bir araya getiriyor. Bu birliktelikle hem onlar\u0131n yas\u0131na ortak oluyor hem de yak\u0131n\u0131n\u0131 kaybedenlerin \u00e7evresinde olanlara, bu ac\u0131y\u0131 payla\u015fanlara yol g\u00f6steriyor. Ki\u015fisel geli\u015fim alan\u0131n\u0131n s\u0131k s\u0131k odak ald\u0131\u011f\u0131 \u00f6l\u00fcm sonras\u0131 yas s\u00fcrecine farkl\u0131 bir a\u00e7\u0131dan bakan ve yak\u0131n\u0131n\u0131 kaybedenlerin yak\u0131nlar\u0131na hitap eden bu kitapla birlikte art\u0131k elinizi aya\u011f\u0131n\u0131z\u0131 nereye koyman\u0131z ya da koymaman\u0131z gerekti\u011fini bileceksiniz.<\/p>\n","protected":false},"excerpt":{"rendered":"<p>Bir cenaze evinde oldu\u011funuzu hayal edin, en \u00e7ok hangi c\u00fcmleyi duyuyorsunuz? \u201cBa\u015f\u0131n sa\u011f olsun.\u201d \u201cZaman her \u015feyin ilac\u0131.\u201d \u201cA\u011fla, a\u00e7\u0131l\u0131rs\u0131n.\u201d \u201cPidenin yan\u0131na ayran verecek misiniz?\u201d Yak\u0131n\u0131n\u0131<span class=\"excerpt-hellip\"> [\u2026]<\/span><\/p>\n","protected":false},"featured_media":0,"template":"","meta":{"_monsterinsights_skip_tracking":false,"_monsterinsights_sitenote_active":false,"_monsterinsights_sitenote_note":"","_monsterinsights_sitenote_category":0},"product_brand":[],"product_cat":[12755,12357],"product_tag":[],"class_list":{"0":"post-735865","1":"product","2":"type-product","3":"status-publish","5":"product_cat-gelisim-psikolojisi","6":"product_cat-psikoloji","7":"pa_cilt-ciltsiz","8":"pa_tur-kitap","9":"pa_yayinevi-okuyan-us-yayin","10":"pa_yazar-shelly-fisher-jennifer-jones","12":"first","13":"instock","14":"sale","15":"shipping-taxable","16":"purchasable","17":"product-type-simple"},"_links":{"self":[{"href":"https:\/\/roveyayinevi.com.tr\/index.php\/wp-json\/wp\/v2\/product\/735865","targetHints":{"allow":["GET"]}}],"collection":[{"href":"https:\/\/roveyayinevi.com.tr\/index.php\/wp-json\/wp\/v2\/product"}],"about":[{"href":"https:\/\/roveyayinevi.com.tr\/index.php\/wp-json\/wp\/v2\/types\/product"}],"wp:attachment":[{"href":"https:\/\/roveyayinevi.com.tr\/index.php\/wp-json\/wp\/v2\/media?parent=735865"}],"wp:term":[{"taxonomy":"product_brand","embeddable":true,"href":"https:\/\/roveyayinevi.com.tr\/index.php\/wp-json\/wp\/v2\/product_brand?post=735865"},{"taxonomy":"product_cat","embeddable":true,"href":"https:\/\/roveyayinevi.com.tr\/index.php\/wp-json\/wp\/v2\/product_cat?post=735865"},{"taxonomy":"product_tag","embeddable":true,"href":"https:\/\/roveyayinevi.com.tr\/index.php\/wp-json\/wp\/v2\/product_tag?post=735865"}],"curies":[{"name":"wp","href":"https:\/\/api.w.org\/{rel}","templated":true}]}}