{"id":735864,"date":"2025-08-27T22:56:29","date_gmt":"2025-08-27T19:56:29","guid":{"rendered":"https:\/\/roveyayinevi.com.tr\/index.php\/urun\/polivagal-teori\/"},"modified":"2026-04-16T02:44:36","modified_gmt":"2026-04-15T23:44:36","slug":"polivagal-teori","status":"publish","type":"product","link":"https:\/\/roveyayinevi.com.tr\/index.php\/urun\/polivagal-teori\/","title":{"rendered":"Polivagal Teori"},"content":{"rendered":"<p>\u0130nsanlar\u0131n ilk kar\u015f\u0131la\u015fmalar\u0131nda birbirlerine kar\u015f\u0131 nas\u0131l davranaca\u011f\u0131n\u0131 belirleyen nedir? \u0130lk tepkiyi k\u00fclt\u00fcr, aile deneyimleri, \u00e7evresel deneyimler ve \u00f6\u011frenme s\u00fcre\u00e7leri mi belirler? Yoksa, t\u00fcr\u00fcm\u00fcz\u00fcn DNA\u2019s\u0131na programlanm\u0131\u015f n\u00f6ro-biyolojik bir s\u00fcrecin sonucu mudur? E\u011fer n\u00f6ro- biyolojik bir temeli varsa, ki\u015finin davran\u0131\u015f\u0131n\u0131n g\u00fcvenlik, sevgi, rahatl\u0131k yada tehlike duygular\u0131n\u0131 tetikleyen belirli \u00f6zellikleri var m\u0131d\u0131r? Ni\u00e7in baz\u0131 \u00e7ocuklar kucakla\u015fmaya s\u0131cak bir \u015fekilde uyum sa\u011flarken, baz\u0131lar\u0131 uzak durup, geri \u00e7ekilir? Kitap boyunca detayland\u0131r\u0131lacak Polivagal Teori\u2019ye g\u00f6re insanlar da dahil olmak \u00fczere memeliler hem sosyal hem de savunma davran\u0131\u015flar\u0131n\u0131 d\u00fczenleyen beyin yap\u0131lar\u0131 geli\u015ftirmi\u015flerdir; bu sayede tehlikeyi fark ediyor, g\u00fcvenliklerini sa\u011fl\u0131yor, ve sosyalle\u015fmelerini s\u00fcrd\u00fcr\u00fcrler. \u201cPolivagal Teori psiko-somatik t\u0131p ve beden-zihin terapileri alanlar\u0131n\u0131n \u00f6nde gelen uygulamalar\u0131ndan biridir. Psikologlar, analistler, doktorlar, alternatif t\u0131p alan\u0131nda \u00e7al\u0131\u015fanlar ve e\u011fitimcilere dan\u0131\u015fanlar\u0131n\u0131n psiko-fizyolojik durumlar\u0131n\u0131 izlemede ve dan\u0131\u015fanlar\u0131n nerelerde tak\u0131ld\u0131klar\u0131n\u0131 fark edip iyile\u015fmeleri ve yollar\u0131na devam etmelerine yard\u0131mc\u0131 olan \u00f6nemli bir harita sa\u011flamaktad\u0131r. Dr. Porges\u2019un b\u00fcy\u00fck katk\u0131s\u0131 \u015fimdi m\u00fcthi\u015f kapsaml\u0131 tek bir kitap haline getirilerek derlenmi\u015ftir. Bu kaynak klinisyenler ve psiko-biyoloji alan\u0131ndaki ara\u015ft\u0131rmac\u0131lar i\u00e7in mutlaka okunmas\u0131 gereken bir kitapt\u0131r.\u201d <\/p>\n","protected":false},"excerpt":{"rendered":"<p>\u0130nsanlar\u0131n ilk kar\u015f\u0131la\u015fmalar\u0131nda birbirlerine kar\u015f\u0131 nas\u0131l davranaca\u011f\u0131n\u0131 belirleyen nedir? \u0130lk tepkiyi k\u00fclt\u00fcr, aile deneyimleri, \u00e7evresel deneyimler ve \u00f6\u011frenme s\u00fcre\u00e7leri mi belirler? Yoksa, t\u00fcr\u00fcm\u00fcz\u00fcn DNA\u2019s\u0131na programlanm\u0131\u015f n\u00f6ro-biyolojik<span class=\"excerpt-hellip\"> [\u2026]<\/span><\/p>\n","protected":false},"featured_media":0,"template":"","meta":{"_monsterinsights_skip_tracking":false,"_monsterinsights_sitenote_active":false,"_monsterinsights_sitenote_note":"","_monsterinsights_sitenote_category":0},"product_brand":[],"product_cat":[12755,12357],"product_tag":[],"class_list":{"0":"post-735864","1":"product","2":"type-product","3":"status-publish","5":"product_cat-gelisim-psikolojisi","6":"product_cat-psikoloji","7":"pa_cilt-ciltsiz","8":"pa_tur-kitap","9":"pa_yayinevi-psikonet-yayinlari","10":"pa_yazar-stephen-w-porges","12":"first","13":"instock","14":"sale","15":"shipping-taxable","16":"purchasable","17":"product-type-simple"},"_links":{"self":[{"href":"https:\/\/roveyayinevi.com.tr\/index.php\/wp-json\/wp\/v2\/product\/735864","targetHints":{"allow":["GET"]}}],"collection":[{"href":"https:\/\/roveyayinevi.com.tr\/index.php\/wp-json\/wp\/v2\/product"}],"about":[{"href":"https:\/\/roveyayinevi.com.tr\/index.php\/wp-json\/wp\/v2\/types\/product"}],"wp:attachment":[{"href":"https:\/\/roveyayinevi.com.tr\/index.php\/wp-json\/wp\/v2\/media?parent=735864"}],"wp:term":[{"taxonomy":"product_brand","embeddable":true,"href":"https:\/\/roveyayinevi.com.tr\/index.php\/wp-json\/wp\/v2\/product_brand?post=735864"},{"taxonomy":"product_cat","embeddable":true,"href":"https:\/\/roveyayinevi.com.tr\/index.php\/wp-json\/wp\/v2\/product_cat?post=735864"},{"taxonomy":"product_tag","embeddable":true,"href":"https:\/\/roveyayinevi.com.tr\/index.php\/wp-json\/wp\/v2\/product_tag?post=735864"}],"curies":[{"name":"wp","href":"https:\/\/api.w.org\/{rel}","templated":true}]}}