{"id":735863,"date":"2025-08-27T22:56:27","date_gmt":"2025-08-27T19:56:27","guid":{"rendered":"https:\/\/roveyayinevi.com.tr\/index.php\/urun\/taze-portakal-suyu\/"},"modified":"2026-04-16T02:44:36","modified_gmt":"2026-04-15T23:44:36","slug":"taze-portakal-suyu","status":"publish","type":"product","link":"https:\/\/roveyayinevi.com.tr\/index.php\/urun\/taze-portakal-suyu\/","title":{"rendered":"Taze Portakal Suyu"},"content":{"rendered":"<p>Bir g\u00fcn ba\u015fl\u0131yor Ahmet\u2019in evinde, t\u0131pk\u0131 bizim evimizde ba\u015flad\u0131\u011f\u0131 gibi. G\u00fcn\u00fcn s\u00fcrprizleri, heyecanlar\u0131, kolayl\u0131k ve zorluklar\u0131 onu bekliyor. O, sadece bir bardak portakal suyuyla \u00e7\u0131kmayacak kar\u015f\u0131m\u0131za. \u00c7ok sevdi\u011fi Peygamberimizin (s. a. v.) \u00f6rnek davran\u0131\u015flar\u0131n\u0131 da bizlere aktaracak.O&#8217;nun gibi g\u00fcl\u00fcmsemeyi,O&#8217;nun gibi \u00e7al\u0131\u015fmay\u0131,O&#8217;nun gibi kom\u015fular\u0131n\u0131 d\u00fc\u015f\u00fcnmeyi,Onun gibi yard\u0131msever olmay\u0131, canl\u0131lara sayg\u0131 duymay\u0131, iyiliksever olmay\u0131, sevgi dolu olmay\u0131, azimli olmay\u0131 &#8230;O&#8217;nun g\u00fczel davran\u0131\u015flar\u0131n\u0131 \u00f6\u011frenip hayat\u0131m\u0131zda uygulamak, mutluluk \u00fclkesine hepimizi ula\u015ft\u0131racakt\u0131r. T\u0131pk\u0131 kitab\u0131n i\u00e7inde hik\u00e2yesini okuyaca\u011f\u0131n\u0131z portakal suyu sat\u0131c\u0131s\u0131 Ahmet&#8217;i ula\u015ft\u0131rd\u0131\u011f\u0131 gibi.<\/p>\n","protected":false},"excerpt":{"rendered":"<p>Bir g\u00fcn ba\u015fl\u0131yor Ahmet\u2019in evinde, t\u0131pk\u0131 bizim evimizde ba\u015flad\u0131\u011f\u0131 gibi. G\u00fcn\u00fcn s\u00fcrprizleri, heyecanlar\u0131, kolayl\u0131k ve zorluklar\u0131 onu bekliyor. O, sadece bir bardak portakal suyuyla \u00e7\u0131kmayacak kar\u015f\u0131m\u0131za.<span class=\"excerpt-hellip\"> [\u2026]<\/span><\/p>\n","protected":false},"featured_media":0,"template":"","meta":{"_monsterinsights_skip_tracking":false,"_monsterinsights_sitenote_active":false,"_monsterinsights_sitenote_note":"","_monsterinsights_sitenote_category":0},"product_brand":[],"product_cat":[12274,12518],"product_tag":[],"class_list":{"0":"post-735863","1":"product","2":"type-product","3":"status-publish","5":"product_cat-cocuk-ve-genclik-kitaplari","6":"product_cat-okul-oncesi-kitaplar","7":"pa_cilt-ciltsiz","8":"pa_tur-kitap","9":"pa_yayinevi-timas-cocuk","10":"pa_yazar-jenny-molendyk-divleli","12":"first","13":"instock","14":"sale","15":"shipping-taxable","16":"purchasable","17":"product-type-simple"},"_links":{"self":[{"href":"https:\/\/roveyayinevi.com.tr\/index.php\/wp-json\/wp\/v2\/product\/735863","targetHints":{"allow":["GET"]}}],"collection":[{"href":"https:\/\/roveyayinevi.com.tr\/index.php\/wp-json\/wp\/v2\/product"}],"about":[{"href":"https:\/\/roveyayinevi.com.tr\/index.php\/wp-json\/wp\/v2\/types\/product"}],"wp:attachment":[{"href":"https:\/\/roveyayinevi.com.tr\/index.php\/wp-json\/wp\/v2\/media?parent=735863"}],"wp:term":[{"taxonomy":"product_brand","embeddable":true,"href":"https:\/\/roveyayinevi.com.tr\/index.php\/wp-json\/wp\/v2\/product_brand?post=735863"},{"taxonomy":"product_cat","embeddable":true,"href":"https:\/\/roveyayinevi.com.tr\/index.php\/wp-json\/wp\/v2\/product_cat?post=735863"},{"taxonomy":"product_tag","embeddable":true,"href":"https:\/\/roveyayinevi.com.tr\/index.php\/wp-json\/wp\/v2\/product_tag?post=735863"}],"curies":[{"name":"wp","href":"https:\/\/api.w.org\/{rel}","templated":true}]}}