{"id":735860,"date":"2025-08-27T22:56:24","date_gmt":"2025-08-27T19:56:24","guid":{"rendered":"https:\/\/roveyayinevi.com.tr\/index.php\/urun\/dis-hekimlerine-ve-digerlerine-fisiltilar\/"},"modified":"2026-04-16T02:44:36","modified_gmt":"2026-04-15T23:44:36","slug":"dis-hekimlerine-ve-digerlerine-fisiltilar","status":"publish","type":"product","link":"https:\/\/roveyayinevi.com.tr\/index.php\/urun\/dis-hekimlerine-ve-digerlerine-fisiltilar\/","title":{"rendered":"Di\u015f Hekimlerine ve Di\u011ferlerine F\u0131s\u0131lt\u0131lar"},"content":{"rendered":"<p>Di\u015f\u00e7ilik zanaat\u0131na (!) bula\u015fal\u0131 tam 43 y\u0131l olmu\u015f. Bu da (tersinden bakarsan\u0131z) ebced hesab\u0131yla \u201cdeneyim\u201de denk gelir. \u2026Bu kitapta s\u00f6yledi\u011fim \u015feylerin do\u011frulu\u011funa dair hi\u00e7bir iddiam yok. Ben, sadece kendi do\u011frular\u0131m\u0131 yazd\u0131m. Sizler bunlar\u0131 okuyacak, akl\u0131n\u0131zda tartacak, bir k\u0131sm\u0131n\u0131 benimseyecek, bir k\u0131sm\u0131n\u0131 sevmeyeceksiniz. Zaten ama\u00e7 da bu. Sizlerin \u00f6n\u00fcnde belki de bildi\u011finizden farkl\u0131 bir pencere a\u00e7abilmek.   \u00dcniversite e\u011fitimi de dahil olmak \u00fczere 43 sene boyunca di\u015f hekimli\u011fi mesle\u011fi i\u00e7inde yer alan yazar, t\u00fcm deneyimlerini anlat\u0131yor. Bu mesle\u011fi se\u00e7eceklere, yeni ba\u015flayanlara ve hen\u00fcz e\u011fitimini alanlara verdi\u011fi tavsiyeler, \u00f6rnekler bir rehber niteli\u011finde. Di\u015f hekimli\u011finin t\u00fcm incelikleri, zorluklar\u0131 hepsi Di\u015f Hekimlerine ve Di\u011ferlerine F\u0131s\u0131lt\u0131lar adl\u0131 kitapta bulu\u015fuyor okurla.   Keyifli okumalar\u2026<\/p>\n","protected":false},"excerpt":{"rendered":"<p>Di\u015f\u00e7ilik zanaat\u0131na (!) bula\u015fal\u0131 tam 43 y\u0131l olmu\u015f. Bu da (tersinden bakarsan\u0131z) ebced hesab\u0131yla \u201cdeneyim\u201de denk gelir. \u2026Bu kitapta s\u00f6yledi\u011fim \u015feylerin do\u011frulu\u011funa dair hi\u00e7bir iddiam yok.<span class=\"excerpt-hellip\"> [\u2026]<\/span><\/p>\n","protected":false},"featured_media":0,"template":"","meta":{"_monsterinsights_skip_tracking":false,"_monsterinsights_sitenote_active":false,"_monsterinsights_sitenote_note":"","_monsterinsights_sitenote_category":0},"product_brand":[],"product_cat":[13701,12291],"product_tag":[],"class_list":{"0":"post-735860","1":"product","2":"type-product","3":"status-publish","5":"product_cat-ani-mektup-gunluk","6":"product_cat-edebiyat","7":"pa_cilt-ciltsiz","8":"pa_tur-kitap","9":"pa_yayinevi-izgoren-yayinlari","10":"pa_yazar-cihan-akcaboy","12":"first","13":"instock","14":"sale","15":"shipping-taxable","16":"purchasable","17":"product-type-simple"},"_links":{"self":[{"href":"https:\/\/roveyayinevi.com.tr\/index.php\/wp-json\/wp\/v2\/product\/735860","targetHints":{"allow":["GET"]}}],"collection":[{"href":"https:\/\/roveyayinevi.com.tr\/index.php\/wp-json\/wp\/v2\/product"}],"about":[{"href":"https:\/\/roveyayinevi.com.tr\/index.php\/wp-json\/wp\/v2\/types\/product"}],"wp:attachment":[{"href":"https:\/\/roveyayinevi.com.tr\/index.php\/wp-json\/wp\/v2\/media?parent=735860"}],"wp:term":[{"taxonomy":"product_brand","embeddable":true,"href":"https:\/\/roveyayinevi.com.tr\/index.php\/wp-json\/wp\/v2\/product_brand?post=735860"},{"taxonomy":"product_cat","embeddable":true,"href":"https:\/\/roveyayinevi.com.tr\/index.php\/wp-json\/wp\/v2\/product_cat?post=735860"},{"taxonomy":"product_tag","embeddable":true,"href":"https:\/\/roveyayinevi.com.tr\/index.php\/wp-json\/wp\/v2\/product_tag?post=735860"}],"curies":[{"name":"wp","href":"https:\/\/api.w.org\/{rel}","templated":true}]}}