{"id":735857,"date":"2025-08-27T22:56:21","date_gmt":"2025-08-27T19:56:21","guid":{"rendered":"https:\/\/roveyayinevi.com.tr\/index.php\/urun\/tekerlemeli-carpim-tablosu-kartlari\/"},"modified":"2026-04-16T02:44:36","modified_gmt":"2026-04-15T23:44:36","slug":"tekerlemeli-carpim-tablosu-kartlari","status":"publish","type":"product","link":"https:\/\/roveyayinevi.com.tr\/index.php\/urun\/tekerlemeli-carpim-tablosu-kartlari\/","title":{"rendered":"Tekerlemeli \u00c7arp\u0131m Tablosu Kartlar\u0131"},"content":{"rendered":"<p>\u00c7arp\u0131m tablosu, g\u00fcnl\u00fck hayat\u0131m\u0131zda s\u0131k\u00e7a kulland\u0131\u011f\u0131m\u0131z hesaplamalar\u0131 yaparken i\u015fimizi kolayla\u015ft\u0131ran bir tablodur. \u00c7arp\u0131m tablosunu ezberlemek ise genellikle s\u0131k\u0131c\u0131 ve uzun bir s\u00fcre\u00e7tir.   Tekerlemeli \u00c7arp\u0131m Tablosu Kartlar\u0131, \u00e7arp\u0131m tablosunu \u00f6\u011frenmeyi e\u011flenceli, kolay ve kal\u0131c\u0131 hale getirmek i\u00e7in \u00f6zel olarak tasarlanm\u0131\u015ft\u0131r.    Kartlar\u0131n \u00f6n y\u00fcz\u00fc; modelleme, ipu\u00e7lar\u0131 kullanma, ritmik sayma, grupland\u0131rma, toplama, zihinden i\u015flem yapma ve tahmin etme becerilerini harekete ge\u00e7irerek, \u00e7arpma i\u015fleminin mant\u0131ksal temelini anlatmaktad\u0131r. Kartlar\u0131n arka y\u00fcz\u00fc ise, yap\u0131lan i\u015flemleri kontrol etme ve de\u011ferlendirme imk\u00e2n\u0131 sa\u011flamaktad\u0131r. Resimli tekerlemelerle zenginle\u015ftirilen Tekerlemeli \u00c7arp\u0131m Tablosu Kartlar\u0131, \u00e7arp\u0131m tablosunu keyifle \u00f6\u011frenme olana\u011f\u0131 sunmaktad\u0131r. <\/p>\n","protected":false},"excerpt":{"rendered":"<p>\u00c7arp\u0131m tablosu, g\u00fcnl\u00fck hayat\u0131m\u0131zda s\u0131k\u00e7a kulland\u0131\u011f\u0131m\u0131z hesaplamalar\u0131 yaparken i\u015fimizi kolayla\u015ft\u0131ran bir tablodur. \u00c7arp\u0131m tablosunu ezberlemek ise genellikle s\u0131k\u0131c\u0131 ve uzun bir s\u00fcre\u00e7tir. Tekerlemeli \u00c7arp\u0131m Tablosu Kartlar\u0131,<span class=\"excerpt-hellip\"> [\u2026]<\/span><\/p>\n","protected":false},"featured_media":0,"template":"","meta":{"_monsterinsights_skip_tracking":false,"_monsterinsights_sitenote_active":false,"_monsterinsights_sitenote_note":"","_monsterinsights_sitenote_category":0},"product_brand":[],"product_cat":[12274,17859],"product_tag":[],"class_list":{"0":"post-735857","1":"product","2":"type-product","3":"status-publish","5":"product_cat-cocuk-ve-genclik-kitaplari","6":"product_cat-oyun-kitaplari","7":"pa_cilt-ciltsiz","8":"pa_tur-kitap10","9":"pa_yayinevi-potikare-yayincilik","10":"pa_yazar-okan-ozkan","12":"first","13":"instock","14":"sale","15":"shipping-taxable","16":"purchasable","17":"product-type-simple"},"_links":{"self":[{"href":"https:\/\/roveyayinevi.com.tr\/index.php\/wp-json\/wp\/v2\/product\/735857","targetHints":{"allow":["GET"]}}],"collection":[{"href":"https:\/\/roveyayinevi.com.tr\/index.php\/wp-json\/wp\/v2\/product"}],"about":[{"href":"https:\/\/roveyayinevi.com.tr\/index.php\/wp-json\/wp\/v2\/types\/product"}],"wp:attachment":[{"href":"https:\/\/roveyayinevi.com.tr\/index.php\/wp-json\/wp\/v2\/media?parent=735857"}],"wp:term":[{"taxonomy":"product_brand","embeddable":true,"href":"https:\/\/roveyayinevi.com.tr\/index.php\/wp-json\/wp\/v2\/product_brand?post=735857"},{"taxonomy":"product_cat","embeddable":true,"href":"https:\/\/roveyayinevi.com.tr\/index.php\/wp-json\/wp\/v2\/product_cat?post=735857"},{"taxonomy":"product_tag","embeddable":true,"href":"https:\/\/roveyayinevi.com.tr\/index.php\/wp-json\/wp\/v2\/product_tag?post=735857"}],"curies":[{"name":"wp","href":"https:\/\/api.w.org\/{rel}","templated":true}]}}