{"id":735855,"date":"2025-08-27T22:56:19","date_gmt":"2025-08-27T19:56:19","guid":{"rendered":"https:\/\/roveyayinevi.com.tr\/index.php\/urun\/sorularla-buyuyoruz\/"},"modified":"2026-04-16T02:44:36","modified_gmt":"2026-04-15T23:44:36","slug":"sorularla-buyuyoruz","status":"publish","type":"product","link":"https:\/\/roveyayinevi.com.tr\/index.php\/urun\/sorularla-buyuyoruz\/","title":{"rendered":"Sorularla B\u00fcy\u00fcyoruz"},"content":{"rendered":"<p>\u00c7ocu\u011fumuzun \u00f6zg\u00fcvenli ve mutlu olmas\u0131 i\u00e7in ne yapmal\u0131y\u0131z? Onlarla g\u00fc\u00e7l\u00fc ba\u011f kurmal\u0131y\u0131z. Peki bu ba\u011f\u0131 nas\u0131l kuraca\u011f\u0131z? \u00d6\u011f\u00fctlerimizle mi? Onlar\u0131 \u015fekillendirerek mi? Onlarla konu\u015farak m\u0131? Hay\u0131r! Onlar\u0131 merak ederek, dinleyerek ve anlayarak. Peki bunu nas\u0131l yapaca\u011f\u0131z? Sorular sorarak. Ama nas\u0131l sorular? Kontrol eden mi, ke\u015ffeden mi? Uzakla\u015ft\u0131ran m\u0131, yak\u0131nla\u015ft\u0131ran m\u0131? Zay\u0131flatan m\u0131, g\u00fc\u00e7lendiren mi?   Bu kitapta \u00e7ocuklar\u0131m\u0131za do\u011fru soru sormay\u0131 \u00f6\u011frenece\u011fiz. Yani ke\u015ffeden, derinle\u015ftiren, yak\u0131nl\u0131k kuran g\u00fc\u00e7l\u00fc sorular. Unutmayal\u0131m her g\u00fczel sohbet iyi bir soruyla ba\u015flar. Her derin sohbet de \u00e7ocu\u011fumuzu bize daha da yak\u0131nla\u015ft\u0131r\u0131r. Gelin g\u00fc\u00e7l\u00fc sorular\u0131 birlikte ke\u015ffedelim.   Bu kitapta ke\u015ffe \u00e7\u0131kaca\u011f\u0131m\u0131z baz\u0131 sorular:   \u2022 \u00c7ocuklar\u0131m\u0131za nas\u0131l sorular sormal\u0131y\u0131z? \u2022 Sorular\u0131m\u0131z, \u00e7ocu\u011fumuzun mutlulu\u011funu nas\u0131l etkiler? \u2022 Hangi sorular bizi birle\u015ftirir, hangi sorular ayr\u0131\u015ft\u0131r\u0131r? \u2022 \u00c7ocu\u011fumuza sordu\u011fumuz sorular onun ki\u015fili\u011fini ve gelece\u011fini nas\u0131l etkiler? \u2022 Merakl\u0131 olmak neden \u00f6nemlidir? Merakl\u0131 olmay\u0131 \u00f6\u011frenebilir miyiz? \u2022 Kimi daha \u00e7ok severiz? Daha \u00e7ok konu\u015fan\u0131 m\u0131, daha \u00e7ok dinleyeni mi? \u2022 Neden baz\u0131 insanlar soru sormaktan ve sohbet etmekten ka\u00e7\u0131n\u0131r? \u2022 Dinlemek neden \u00f6nemlidir? Kar\u015f\u0131m\u0131zdakini nas\u0131l dinlemeliyiz? \u2022 \u015eekillendiren ve ke\u015ffeden aile aras\u0131nda nas\u0131l farklar vard\u0131r?   DR. \u00d6ZG\u00dcR BOLAT E\u011fitim Bilimci   \u2022 Sorularla B\u00fcy\u00fcyoruz kitab\u0131ndaki bilgileri kolayca uygulaman\u0131z\u0131 sa\u011flayacak Sohbet Kartlar\u0131\u2019nda 365 soru var. Bu kartlar sayesinde \u00e7ocuklar\u0131n\u0131zla keyifli ve nitelikli sohbet edip ili\u015fkinizi daha da g\u00fc\u00e7lendirebilirsiniz. <\/p>\n","protected":false},"excerpt":{"rendered":"<p>\u00c7ocu\u011fumuzun \u00f6zg\u00fcvenli ve mutlu olmas\u0131 i\u00e7in ne yapmal\u0131y\u0131z? Onlarla g\u00fc\u00e7l\u00fc ba\u011f kurmal\u0131y\u0131z. Peki bu ba\u011f\u0131 nas\u0131l kuraca\u011f\u0131z? \u00d6\u011f\u00fctlerimizle mi? Onlar\u0131 \u015fekillendirerek mi? Onlarla konu\u015farak m\u0131? Hay\u0131r!<span class=\"excerpt-hellip\"> [\u2026]<\/span><\/p>\n","protected":false},"featured_media":0,"template":"","meta":{"_monsterinsights_skip_tracking":false,"_monsterinsights_sitenote_active":false,"_monsterinsights_sitenote_note":"","_monsterinsights_sitenote_category":0},"product_brand":[],"product_cat":[17996,12364],"product_tag":[],"class_list":{"0":"post-735855","1":"product","2":"type-product","3":"status-publish","5":"product_cat-ebeveyn-kitaplari","6":"product_cat-genel-konular","7":"pa_cilt-ciltsiz","8":"pa_tur-kitap","9":"pa_yayinevi-dogan-kitap","10":"pa_yazar-ozgur-bolat-pelin-kucukoglu","12":"first","13":"instock","14":"sale","15":"shipping-taxable","16":"purchasable","17":"product-type-simple"},"_links":{"self":[{"href":"https:\/\/roveyayinevi.com.tr\/index.php\/wp-json\/wp\/v2\/product\/735855","targetHints":{"allow":["GET"]}}],"collection":[{"href":"https:\/\/roveyayinevi.com.tr\/index.php\/wp-json\/wp\/v2\/product"}],"about":[{"href":"https:\/\/roveyayinevi.com.tr\/index.php\/wp-json\/wp\/v2\/types\/product"}],"wp:attachment":[{"href":"https:\/\/roveyayinevi.com.tr\/index.php\/wp-json\/wp\/v2\/media?parent=735855"}],"wp:term":[{"taxonomy":"product_brand","embeddable":true,"href":"https:\/\/roveyayinevi.com.tr\/index.php\/wp-json\/wp\/v2\/product_brand?post=735855"},{"taxonomy":"product_cat","embeddable":true,"href":"https:\/\/roveyayinevi.com.tr\/index.php\/wp-json\/wp\/v2\/product_cat?post=735855"},{"taxonomy":"product_tag","embeddable":true,"href":"https:\/\/roveyayinevi.com.tr\/index.php\/wp-json\/wp\/v2\/product_tag?post=735855"}],"curies":[{"name":"wp","href":"https:\/\/api.w.org\/{rel}","templated":true}]}}