{"id":735854,"date":"2025-08-27T22:56:18","date_gmt":"2025-08-27T19:56:18","guid":{"rendered":"https:\/\/roveyayinevi.com.tr\/index.php\/urun\/babamin-yalanlari\/"},"modified":"2026-04-16T02:44:36","modified_gmt":"2026-04-15T23:44:36","slug":"babamin-yalanlari","status":"publish","type":"product","link":"https:\/\/roveyayinevi.com.tr\/index.php\/urun\/babamin-yalanlari\/","title":{"rendered":"Babam\u0131n Yalanlar\u0131"},"content":{"rendered":"<p>R\u0131za Ak\u0131n\u2019la \u00e7ok zaman \u00f6nce \u2013\u00f6yle olmas\u0131 gerekti\u011fi gibi\u2013g\u00fcne\u015fin kavurdu\u011fu bir Adana yaz\u0131nda kar\u015f\u0131la\u015fm\u0131\u015ft\u0131m. Elini s\u0131karken y\u0131llar s\u00fcrecek bir i\u015fbirli\u011finin, daha da \u00f6nemlisi derin bir dostlu\u011fun beni bekledi\u011fini bilmiyordum. Bu g\u00f6sterdi\u011finden \u00e7ok daha fazlas\u0131n\u0131 saklayan suretin ard\u0131nda b\u00fcy\u00fcl\u00fc ku\u015flarla u\u00e7an bir \u00e7ocu\u011fun ya\u015fad\u0131\u011f\u0131n\u0131 sonradan \u00f6\u011frendim.   \u00d6\u011frendim ve o sayesindedir ki efsunlu y\u0131lanlar besledim, ac\u0131l\u0131 yeniyetme garsonlar\u0131n tabancalar\u0131n\u0131 saklad\u0131m, \u015fen \u015fakrak akrabalarla kahkahalar att\u0131m, sahibini arayan madalyalar\u0131n pe\u015fine tak\u0131ld\u0131m, geri d\u00f6n\u00fclmez r\u00fcyalara dald\u0131m, curcunal\u0131 kavgalara atlad\u0131m, velhas\u0131l bir mana arad\u0131\u011f\u0131m\u0131z bu hayat\u0131n \u015fenlikli \u0131st\u0131rab\u0131na, yeg\u00e2ne evimizin \u00e7ocuklu\u011fumuz oldu\u011funa bir kere daha \u015fahitlik ettim.   Tayfun Pirselimo\u011flu <\/p>\n","protected":false},"excerpt":{"rendered":"<p>R\u0131za Ak\u0131n\u2019la \u00e7ok zaman \u00f6nce \u2013\u00f6yle olmas\u0131 gerekti\u011fi gibi\u2013g\u00fcne\u015fin kavurdu\u011fu bir Adana yaz\u0131nda kar\u015f\u0131la\u015fm\u0131\u015ft\u0131m. Elini s\u0131karken y\u0131llar s\u00fcrecek bir i\u015fbirli\u011finin, daha da \u00f6nemlisi derin bir dostlu\u011fun<span class=\"excerpt-hellip\"> [\u2026]<\/span><\/p>\n","protected":false},"featured_media":0,"template":"","meta":{"_monsterinsights_skip_tracking":false,"_monsterinsights_sitenote_active":false,"_monsterinsights_sitenote_note":"","_monsterinsights_sitenote_category":0},"product_brand":[],"product_cat":[12291,12711],"product_tag":[],"class_list":{"0":"post-735854","1":"product","2":"type-product","3":"status-publish","5":"product_cat-edebiyat","6":"product_cat-roman-oyku","7":"pa_cilt-ciltsiz","8":"pa_tur-kitap","9":"pa_yayinevi-dogan-kitap","10":"pa_yazar-riza-akin","12":"first","13":"instock","14":"sale","15":"shipping-taxable","16":"purchasable","17":"product-type-simple"},"_links":{"self":[{"href":"https:\/\/roveyayinevi.com.tr\/index.php\/wp-json\/wp\/v2\/product\/735854","targetHints":{"allow":["GET"]}}],"collection":[{"href":"https:\/\/roveyayinevi.com.tr\/index.php\/wp-json\/wp\/v2\/product"}],"about":[{"href":"https:\/\/roveyayinevi.com.tr\/index.php\/wp-json\/wp\/v2\/types\/product"}],"wp:attachment":[{"href":"https:\/\/roveyayinevi.com.tr\/index.php\/wp-json\/wp\/v2\/media?parent=735854"}],"wp:term":[{"taxonomy":"product_brand","embeddable":true,"href":"https:\/\/roveyayinevi.com.tr\/index.php\/wp-json\/wp\/v2\/product_brand?post=735854"},{"taxonomy":"product_cat","embeddable":true,"href":"https:\/\/roveyayinevi.com.tr\/index.php\/wp-json\/wp\/v2\/product_cat?post=735854"},{"taxonomy":"product_tag","embeddable":true,"href":"https:\/\/roveyayinevi.com.tr\/index.php\/wp-json\/wp\/v2\/product_tag?post=735854"}],"curies":[{"name":"wp","href":"https:\/\/api.w.org\/{rel}","templated":true}]}}