{"id":735851,"date":"2025-08-27T22:56:14","date_gmt":"2025-08-27T19:56:14","guid":{"rendered":"https:\/\/roveyayinevi.com.tr\/index.php\/urun\/arayis-ormani-3-cadilarin-gecesi\/"},"modified":"2026-04-16T02:44:36","modified_gmt":"2026-04-15T23:44:36","slug":"arayis-ormani-3-cadilarin-gecesi","status":"publish","type":"product","link":"https:\/\/roveyayinevi.com.tr\/index.php\/urun\/arayis-ormani-3-cadilarin-gecesi\/","title":{"rendered":"Aray\u0131\u015f Orman\u0131 3 &#8211; Cad\u0131lar\u0131n Gecesi"},"content":{"rendered":"<p>Diyara Gecenin 3 Karanli\u011fi \u00c7\u00f6k\u00fcyor . . . \u015eafak , Kurtariciyi Bekliyor \u201cCad\u0131lar k\u0131r\u0131lmay\u0131 ger\u00e7ekle\u015ftirdi&#8230; Art\u0131k hi\u00e7bir \u015fey eskisi gibi olmayacak. Bu diyar\u0131n ve Alt \u0130stanbul\u2019un insan\u0131 kar\u015f\u0131la\u015ft\u0131.\u201d ARAYI\u015e ORMANI &#8211; \u0130K\u0130NC\u0130 K\u0130TAP Diyar\u0131n yeni Bek\u00e7i\u2019sini cad\u0131lar\u0131n yaratt\u0131\u011f\u0131 korkun\u00e7 k\u0131r\u0131lman\u0131n ard\u0131ndan zorlu bir g\u00f6rev bekliyor. Her iki d\u00fcnyan\u0131n da gelece\u011fi Deniz\u2019in ellerinde. Ama \u00f6nce, geceleri onu teslim alan \u00e7ocuk ruhtan kurtulmal\u0131. Tek \u00e7aresi, Kadim Bek\u00e7i\u2019nin s\u00f6z\u00fcn\u00fc etti\u011fi Harabe \u015eehir\u2019e ula\u015fmak. Bu da Bek\u00e7i ve dostlar\u0131 Ena ile Levia i\u00e7in zorlu bir yolculuk demek. Ancak bu kez aralar\u0131na yeni bir yol arkada\u015f\u0131 kat\u0131l\u0131yor: K\u0131z\u0131l. Onlara rehberlik edecek bu ha\u015far\u0131 \u00e7ocuk \u015fans m\u0131 yoksa bir bela m\u0131? Yapacaklar\u0131 yolculuk bu sorunun da yan\u0131t\u0131 olacak. Deniz, cad\u0131lar\u0131n korkun\u00e7 planlar\u0131yla hesapla\u015fmadan \u00f6nce korkular\u0131yla, zay\u0131fl\u0131klar\u0131yla, ruhlarla ve kendiyle y\u00fczle\u015fecek. Peki ya cad\u0131lar&#8230; Onlar da bo\u015f durmuyor. Diyar\u0131 karanl\u0131k bir sis kapl\u0131yor. Gemmu Ana, Felis, K\u00e2bus Ovas\u0131\u2019ndan \u00e7\u0131kmay\u0131 ba\u015faran K\u00fcl B\u00fcy\u00fcc\u00fcs\u00fc ve di\u011ferleri&#8230; Konsey\u2019in etkisi azal\u0131rken cad\u0131lar\u0131n h\u00e2kimiyeti t\u00fcm diyara yay\u0131l\u0131yor. Diyar\u0131n koruyucusu Bek\u00e7i elini \u00e7abuk tutmal\u0131. Yoksa her \u015fey i\u00e7in \u00e7ok ge\u00e7 olacak.<\/p>\n","protected":false},"excerpt":{"rendered":"<p>Diyara Gecenin 3 Karanli\u011fi \u00c7\u00f6k\u00fcyor . . . \u015eafak , Kurtariciyi Bekliyor \u201cCad\u0131lar k\u0131r\u0131lmay\u0131 ger\u00e7ekle\u015ftirdi&#8230; Art\u0131k hi\u00e7bir \u015fey eskisi gibi olmayacak. Bu diyar\u0131n ve Alt \u0130stanbul\u2019un<span class=\"excerpt-hellip\"> [\u2026]<\/span><\/p>\n","protected":false},"featured_media":0,"template":"","meta":{"_monsterinsights_skip_tracking":false,"_monsterinsights_sitenote_active":false,"_monsterinsights_sitenote_note":"","_monsterinsights_sitenote_category":0},"product_brand":[],"product_cat":[12275,12274],"product_tag":[],"class_list":{"0":"post-735851","1":"product","2":"type-product","3":"status-publish","5":"product_cat-6-12-yas-kitaplari","6":"product_cat-cocuk-ve-genclik-kitaplari","7":"pa_cilt-ciltsiz","8":"pa_tur-kitap","9":"pa_yayinevi-dogan-cocuk","10":"pa_yazar-goktug-canbaba","12":"first","13":"instock","14":"sale","15":"shipping-taxable","16":"purchasable","17":"product-type-simple"},"_links":{"self":[{"href":"https:\/\/roveyayinevi.com.tr\/index.php\/wp-json\/wp\/v2\/product\/735851","targetHints":{"allow":["GET"]}}],"collection":[{"href":"https:\/\/roveyayinevi.com.tr\/index.php\/wp-json\/wp\/v2\/product"}],"about":[{"href":"https:\/\/roveyayinevi.com.tr\/index.php\/wp-json\/wp\/v2\/types\/product"}],"wp:attachment":[{"href":"https:\/\/roveyayinevi.com.tr\/index.php\/wp-json\/wp\/v2\/media?parent=735851"}],"wp:term":[{"taxonomy":"product_brand","embeddable":true,"href":"https:\/\/roveyayinevi.com.tr\/index.php\/wp-json\/wp\/v2\/product_brand?post=735851"},{"taxonomy":"product_cat","embeddable":true,"href":"https:\/\/roveyayinevi.com.tr\/index.php\/wp-json\/wp\/v2\/product_cat?post=735851"},{"taxonomy":"product_tag","embeddable":true,"href":"https:\/\/roveyayinevi.com.tr\/index.php\/wp-json\/wp\/v2\/product_tag?post=735851"}],"curies":[{"name":"wp","href":"https:\/\/api.w.org\/{rel}","templated":true}]}}