{"id":735849,"date":"2025-08-27T22:56:13","date_gmt":"2025-08-27T19:56:13","guid":{"rendered":"https:\/\/roveyayinevi.com.tr\/index.php\/urun\/iktisat-ve-toplum-dergisi-134-sayi-yeni-cipa-avrupa-birligi\/"},"modified":"2026-04-16T02:44:36","modified_gmt":"2026-04-15T23:44:36","slug":"iktisat-ve-toplum-dergisi-134-sayi-yeni-cipa-avrupa-birligi","status":"publish","type":"product","link":"https:\/\/roveyayinevi.com.tr\/index.php\/urun\/iktisat-ve-toplum-dergisi-134-sayi-yeni-cipa-avrupa-birligi\/","title":{"rendered":"\u0130ktisat ve Toplum Dergisi 134. Say\u0131 &#8211; Yeni \u00c7\u0131pa Avrupa Birli\u011fi"},"content":{"rendered":"<p>Bu say\u0131da:   Yuvarlak Masa: Ekonomi Y\u00f6netiminde Sorun Var \u00d6mer Faruk \u00c7olak, Mahfi E\u011filmez, Serdar Sayan   T\u00fcrkiye-Avrupa Birli\u011fi \u0130li\u015fkileri: \u0130\u015flevsel \u0130\u015f Birli\u011fi Bile Tehlikede mi? Nilg\u00fcn Ar\u0131san Eralp   Tar\u0131m Politikalar\u0131 Ba\u011flam\u0131nda T\u00fcrkiye-AB A\u00e7maz\u0131 Ahmet \u015eahin\u00f6z   Ekonomi Politikalar\u0131n\u0131n Dolayl\u0131 Etkileri: Kredibilite, Riskler ve Bekleyi\u015fler Aykut Kibrit\u00e7io\u011flu   Sosyal Bilimciler Konu\u015fuyor: H\u00fcseyin \u00d6zel   Gelir, Harcama, Tasarruf ve Mutluluk \u0130li\u015fkisi: T\u00fcrkiye \u00d6rne\u011fi Devrim Dumluda\u011f   \u0130n\u015faat Ekonomisi Y\u00fckselirken, Sanayile\u015fmeye Ne Oldu? Bayram Ali E\u015fiyok<\/p>\n","protected":false},"excerpt":{"rendered":"<p>Bu say\u0131da: Yuvarlak Masa: Ekonomi Y\u00f6netiminde Sorun Var \u00d6mer Faruk \u00c7olak, Mahfi E\u011filmez, Serdar Sayan T\u00fcrkiye-Avrupa Birli\u011fi \u0130li\u015fkileri: \u0130\u015flevsel \u0130\u015f Birli\u011fi Bile Tehlikede mi? Nilg\u00fcn Ar\u0131san<span class=\"excerpt-hellip\"> [\u2026]<\/span><\/p>\n","protected":false},"featured_media":0,"template":"","meta":{"_monsterinsights_skip_tracking":false,"_monsterinsights_sitenote_active":false,"_monsterinsights_sitenote_note":"","_monsterinsights_sitenote_category":0},"product_brand":[],"product_cat":[13527],"product_tag":[],"class_list":{"0":"post-735849","1":"product","2":"type-product","3":"status-publish","5":"product_cat-sureli-yayinlar","6":"pa_cilt-ciltsiz","7":"pa_tur-dergi","8":"pa_yayinevi-efil-yayinevi-dergi","9":"pa_yazar-efil-yayinevi-kolektif","11":"first","12":"instock","13":"sale","14":"shipping-taxable","15":"purchasable","16":"product-type-simple"},"_links":{"self":[{"href":"https:\/\/roveyayinevi.com.tr\/index.php\/wp-json\/wp\/v2\/product\/735849","targetHints":{"allow":["GET"]}}],"collection":[{"href":"https:\/\/roveyayinevi.com.tr\/index.php\/wp-json\/wp\/v2\/product"}],"about":[{"href":"https:\/\/roveyayinevi.com.tr\/index.php\/wp-json\/wp\/v2\/types\/product"}],"wp:attachment":[{"href":"https:\/\/roveyayinevi.com.tr\/index.php\/wp-json\/wp\/v2\/media?parent=735849"}],"wp:term":[{"taxonomy":"product_brand","embeddable":true,"href":"https:\/\/roveyayinevi.com.tr\/index.php\/wp-json\/wp\/v2\/product_brand?post=735849"},{"taxonomy":"product_cat","embeddable":true,"href":"https:\/\/roveyayinevi.com.tr\/index.php\/wp-json\/wp\/v2\/product_cat?post=735849"},{"taxonomy":"product_tag","embeddable":true,"href":"https:\/\/roveyayinevi.com.tr\/index.php\/wp-json\/wp\/v2\/product_tag?post=735849"}],"curies":[{"name":"wp","href":"https:\/\/api.w.org\/{rel}","templated":true}]}}