{"id":735845,"date":"2025-08-27T22:56:09","date_gmt":"2025-08-27T19:56:09","guid":{"rendered":"https:\/\/roveyayinevi.com.tr\/index.php\/urun\/deleuze-ve-sinema\/"},"modified":"2026-04-16T02:44:35","modified_gmt":"2026-04-15T23:44:35","slug":"deleuze-ve-sinema","status":"publish","type":"product","link":"https:\/\/roveyayinevi.com.tr\/index.php\/urun\/deleuze-ve-sinema\/","title":{"rendered":"Deleuze ve Sinema"},"content":{"rendered":"<p>\u0130\u00e7inde ya\u015fad\u0131\u011f\u0131m\u0131z s\u00fcre\u00e7te filmler felsefi bir hal al\u0131rken, felsefe de filmsel bir hale gelmi\u015ftir. Bu metin sav\u0131n\u0131 desteklemek i\u00e7in filmlerin felsefi bir bi\u00e7imde nas\u0131l d\u00fc\u015f\u00fcn\u00fcld\u00fc\u011f\u00fcn\u00fc ortaya koymak ad\u0131na \u00e7ok say\u0131da filmi analiz etmi\u015ftir. Filmler felsefi bi\u00e7imde nas\u0131l d\u00fc\u015f\u00fcn\u00fcr? Metin film bi\u00e7iminde filmlerin nas\u0131l d\u00fc\u015f\u00fcnd\u00fc\u011f\u00fcn\u00fcn izini s\u00fcrerek film felsefesinin \u00f6rneklerini ortaya koymakt\u0131r. Filmlerle yap\u0131lan felsefe salt felsefeden daha iyi ya da daha k\u00f6t\u00fc de\u011fildir ancak yeni bir felsefe yapma bi\u00e7imidir. Deleuze Bazin\u2019in Sinema Nedir? sorusuna art\u0131k Felsefe Nedir? diye sormam\u0131z gerekti\u011fini s\u00f6yleyerek farkl\u0131 bir perspektif \u00f6nerir. Bu perspektiften bakt\u0131\u011f\u0131m\u0131zda filmin felsefe i\u00e7in ba\u015fka bir gelecek oldu\u011funu s\u00f6yleyebiliriz. <\/p>\n","protected":false},"excerpt":{"rendered":"<p>\u0130\u00e7inde ya\u015fad\u0131\u011f\u0131m\u0131z s\u00fcre\u00e7te filmler felsefi bir hal al\u0131rken, felsefe de filmsel bir hale gelmi\u015ftir. Bu metin sav\u0131n\u0131 desteklemek i\u00e7in filmlerin felsefi bir bi\u00e7imde nas\u0131l d\u00fc\u015f\u00fcn\u00fcld\u00fc\u011f\u00fcn\u00fc ortaya<span class=\"excerpt-hellip\"> [\u2026]<\/span><\/p>\n","protected":false},"featured_media":0,"template":"","meta":{"_monsterinsights_skip_tracking":false,"_monsterinsights_sitenote_active":false,"_monsterinsights_sitenote_note":"","_monsterinsights_sitenote_category":0},"product_brand":[],"product_cat":[12409,12408],"product_tag":[],"class_list":{"0":"post-735845","1":"product","2":"type-product","3":"status-publish","5":"product_cat-fotograf-sinema-tiyatro","6":"product_cat-sanat","7":"pa_cilt-ciltsiz","8":"pa_tur-kitap","9":"pa_yayinevi-cem-yayinevi","10":"pa_yazar-meral-ozcinar-esli","12":"first","13":"instock","14":"sale","15":"shipping-taxable","16":"purchasable","17":"product-type-simple"},"_links":{"self":[{"href":"https:\/\/roveyayinevi.com.tr\/index.php\/wp-json\/wp\/v2\/product\/735845","targetHints":{"allow":["GET"]}}],"collection":[{"href":"https:\/\/roveyayinevi.com.tr\/index.php\/wp-json\/wp\/v2\/product"}],"about":[{"href":"https:\/\/roveyayinevi.com.tr\/index.php\/wp-json\/wp\/v2\/types\/product"}],"wp:attachment":[{"href":"https:\/\/roveyayinevi.com.tr\/index.php\/wp-json\/wp\/v2\/media?parent=735845"}],"wp:term":[{"taxonomy":"product_brand","embeddable":true,"href":"https:\/\/roveyayinevi.com.tr\/index.php\/wp-json\/wp\/v2\/product_brand?post=735845"},{"taxonomy":"product_cat","embeddable":true,"href":"https:\/\/roveyayinevi.com.tr\/index.php\/wp-json\/wp\/v2\/product_cat?post=735845"},{"taxonomy":"product_tag","embeddable":true,"href":"https:\/\/roveyayinevi.com.tr\/index.php\/wp-json\/wp\/v2\/product_tag?post=735845"}],"curies":[{"name":"wp","href":"https:\/\/api.w.org\/{rel}","templated":true}]}}