{"id":735843,"date":"2025-08-27T22:56:07","date_gmt":"2025-08-27T19:56:07","guid":{"rendered":"https:\/\/roveyayinevi.com.tr\/index.php\/urun\/the-profesyonel\/"},"modified":"2026-04-16T02:44:35","modified_gmt":"2026-04-15T23:44:35","slug":"the-profesyonel","status":"publish","type":"product","link":"https:\/\/roveyayinevi.com.tr\/index.php\/urun\/the-profesyonel\/","title":{"rendered":"The Profesyonel"},"content":{"rendered":"<p>The Profesyonel\u2026 Powerpoint sunumlar\u0131n\u0131n efendisi. Outlook&#8217;un krali\u00e7esi&#8230; Latte&#8217;lerin light f\u0131nd\u0131k \u015furubu&#8230; Plaza habitat\u0131n\u0131n nadide organizmas\u0131&#8230; \u0130\u015fte bu senin hik\u00e2yen&#8230;   &#8220;Tespitler, espriler, komiklikler nereye kadar?&#8221; -Sarp (34, Kreatif Direkt\u00f6r)-   &#8220;\u0130\u015f hayat\u0131 ile ger\u00e7ek hayat aras\u0131nda, arafta kalm\u0131\u015flar\u0131 anlat\u0131yor&#8230;&#8221; Nedim (56, Kanaat \u00d6nderi)   &#8220;Travmal\u0131 bir \u00e7ocukluk ge\u00e7irdi\u011fi kesin.&#8221; Bade (30, \u0130\u00e7 Denetim Uzman\u0131)   &#8220;@isim yazarak Twitter&#8217;da takip\u00e7i mi bekliyor? \u015eaka gibi yani\u2026&#8221; -Selen (28, M\u00fc\u015fteri Temsilcisi)- <\/p>\n","protected":false},"excerpt":{"rendered":"<p>The Profesyonel\u2026 Powerpoint sunumlar\u0131n\u0131n efendisi. Outlook&#8217;un krali\u00e7esi&#8230; Latte&#8217;lerin light f\u0131nd\u0131k \u015furubu&#8230; Plaza habitat\u0131n\u0131n nadide organizmas\u0131&#8230; \u0130\u015fte bu senin hik\u00e2yen&#8230; &#8220;Tespitler, espriler, komiklikler nereye kadar?&#8221; -Sarp (34,<span class=\"excerpt-hellip\"> [\u2026]<\/span><\/p>\n","protected":false},"featured_media":0,"template":"","meta":{"_monsterinsights_skip_tracking":false,"_monsterinsights_sitenote_active":false,"_monsterinsights_sitenote_note":"","_monsterinsights_sitenote_category":0},"product_brand":[],"product_cat":[12291,14825],"product_tag":[],"class_list":{"0":"post-735843","1":"product","2":"type-product","3":"status-publish","5":"product_cat-edebiyat","6":"product_cat-mizah","7":"pa_cilt-ciltsiz","8":"pa_tur-kitap","9":"pa_yayinevi-dogan-kitap","10":"pa_yazar-yuce-zerey","12":"first","13":"instock","14":"sale","15":"shipping-taxable","16":"purchasable","17":"product-type-simple"},"_links":{"self":[{"href":"https:\/\/roveyayinevi.com.tr\/index.php\/wp-json\/wp\/v2\/product\/735843","targetHints":{"allow":["GET"]}}],"collection":[{"href":"https:\/\/roveyayinevi.com.tr\/index.php\/wp-json\/wp\/v2\/product"}],"about":[{"href":"https:\/\/roveyayinevi.com.tr\/index.php\/wp-json\/wp\/v2\/types\/product"}],"wp:attachment":[{"href":"https:\/\/roveyayinevi.com.tr\/index.php\/wp-json\/wp\/v2\/media?parent=735843"}],"wp:term":[{"taxonomy":"product_brand","embeddable":true,"href":"https:\/\/roveyayinevi.com.tr\/index.php\/wp-json\/wp\/v2\/product_brand?post=735843"},{"taxonomy":"product_cat","embeddable":true,"href":"https:\/\/roveyayinevi.com.tr\/index.php\/wp-json\/wp\/v2\/product_cat?post=735843"},{"taxonomy":"product_tag","embeddable":true,"href":"https:\/\/roveyayinevi.com.tr\/index.php\/wp-json\/wp\/v2\/product_tag?post=735843"}],"curies":[{"name":"wp","href":"https:\/\/api.w.org\/{rel}","templated":true}]}}