{"id":735839,"date":"2025-08-27T22:56:02","date_gmt":"2025-08-27T19:56:02","guid":{"rendered":"https:\/\/roveyayinevi.com.tr\/index.php\/urun\/kirmizi-koskun-esrari\/"},"modified":"2026-04-16T02:44:35","modified_gmt":"2026-04-15T23:44:35","slug":"kirmizi-koskun-esrari","status":"publish","type":"product","link":"https:\/\/roveyayinevi.com.tr\/index.php\/urun\/kirmizi-koskun-esrari\/","title":{"rendered":"K\u0131rm\u0131z\u0131 K\u00f6\u015fk\u2019\u00fcn Esrar\u0131"},"content":{"rendered":"<p>\u201cAk\u0131llara hayret verecek derecede harikulade vakalar, d\u00fcnyada misali g\u00f6r\u00fclmemi\u015f inceliklerle dolu, \u015feytani zek\u00e2lar\u0131n b\u00fct\u00fcn kuvvetleriyle birbirleriyle \u00e7arp\u0131\u015ft\u0131\u011f\u0131 cinayetlere sahne milli romand\u0131r.\u201d   Anadolu yakas\u0131nda bir k\u00f6\u015fk! G\u00fczel, asil ve gizemli: K\u0131rm\u0131z\u0131 K\u00f6\u015fk!   \u0130zmirli bir t\u00fcccar\u0131n eline ge\u00e7mesiyle birbirini takip eden bir s\u00fcr\u00fc olay patlak veriyor. Cinayetler, h\u0131rs\u0131zl\u0131klar, i\u015fi cinlere, perilere kadar g\u00f6t\u00fcren gizemli hadiseler&#8230; B\u00fct\u00fcn bunlar\u0131 ayd\u0131nl\u0131\u011fa kavu\u015fturmak \u00fczere vakay\u0131 \u00fczerine alan M\u00fcddeiumumi Muavini H\u00fcseyin Macit kendini bamba\u015fka hik\u00e2yelerin i\u00e7inde bulur. Olay giderek karma\u015f\u0131k bir hal al\u0131rken hik\u00e2yeye tan\u0131d\u0131k bir sima dahil olur: Sherlock Holmes! KIRMIZI K\u00d6\u015eK\u2019\u00dcN ESRARI, Harf Devrimi\u2019nden hemen \u00f6nce, belki de Arap harfleriyle yay\u0131mlanm\u0131\u015f en son polisiye romanlardan biri. Olduk\u00e7a katmanl\u0131 ve heyecan verici hik\u00e2yesinin yan\u0131 s\u0131ra karakter \u00e7e\u015fitlili\u011fi ve dilinin g\u00fczelli\u011fiyle de yakla\u015f\u0131k 100 y\u0131l sonra, Mahir \u00dcnsal Eri\u015f\u2019in \u00e7evirisiyle, yeniden okurunu bekliyor.<\/p>\n","protected":false},"excerpt":{"rendered":"<p>\u201cAk\u0131llara hayret verecek derecede harikulade vakalar, d\u00fcnyada misali g\u00f6r\u00fclmemi\u015f inceliklerle dolu, \u015feytani zek\u00e2lar\u0131n b\u00fct\u00fcn kuvvetleriyle birbirleriyle \u00e7arp\u0131\u015ft\u0131\u011f\u0131 cinayetlere sahne milli romand\u0131r.\u201d Anadolu yakas\u0131nda bir k\u00f6\u015fk! G\u00fczel,<span class=\"excerpt-hellip\"> [\u2026]<\/span><\/p>\n","protected":false},"featured_media":0,"template":"","meta":{"_monsterinsights_skip_tracking":false,"_monsterinsights_sitenote_active":false,"_monsterinsights_sitenote_note":"","_monsterinsights_sitenote_category":0},"product_brand":[],"product_cat":[12291,12711],"product_tag":[],"class_list":{"0":"post-735839","1":"product","2":"type-product","3":"status-publish","5":"product_cat-edebiyat","6":"product_cat-roman-oyku","7":"pa_cilt-ciltsiz","8":"pa_tur-kitap","9":"pa_yayinevi-kara-karga-yayinlari","10":"pa_yazar-pertev-sevket","12":"first","13":"instock","14":"sale","15":"shipping-taxable","16":"purchasable","17":"product-type-simple"},"_links":{"self":[{"href":"https:\/\/roveyayinevi.com.tr\/index.php\/wp-json\/wp\/v2\/product\/735839","targetHints":{"allow":["GET"]}}],"collection":[{"href":"https:\/\/roveyayinevi.com.tr\/index.php\/wp-json\/wp\/v2\/product"}],"about":[{"href":"https:\/\/roveyayinevi.com.tr\/index.php\/wp-json\/wp\/v2\/types\/product"}],"wp:attachment":[{"href":"https:\/\/roveyayinevi.com.tr\/index.php\/wp-json\/wp\/v2\/media?parent=735839"}],"wp:term":[{"taxonomy":"product_brand","embeddable":true,"href":"https:\/\/roveyayinevi.com.tr\/index.php\/wp-json\/wp\/v2\/product_brand?post=735839"},{"taxonomy":"product_cat","embeddable":true,"href":"https:\/\/roveyayinevi.com.tr\/index.php\/wp-json\/wp\/v2\/product_cat?post=735839"},{"taxonomy":"product_tag","embeddable":true,"href":"https:\/\/roveyayinevi.com.tr\/index.php\/wp-json\/wp\/v2\/product_tag?post=735839"}],"curies":[{"name":"wp","href":"https:\/\/api.w.org\/{rel}","templated":true}]}}