{"id":735837,"date":"2025-08-27T22:56:00","date_gmt":"2025-08-27T19:56:00","guid":{"rendered":"https:\/\/roveyayinevi.com.tr\/index.php\/urun\/molla-nur\/"},"modified":"2026-04-16T02:44:04","modified_gmt":"2026-04-15T23:44:04","slug":"molla-nur","status":"publish","type":"product","link":"https:\/\/roveyayinevi.com.tr\/index.php\/urun\/molla-nur\/","title":{"rendered":"Molla Nur"},"content":{"rendered":"<p>\u201cPerverdig\u00e2r, Y\u00fcce Tanr\u0131, h\u00e2limiz peri\u015fan! Hayat kayna\u011f\u0131m\u0131z bulutlar! Semavi s\u00fct\u00fc yery\u00fcz\u00fcne indirin, topra\u011f\u0131n yaralar\u0131n\u0131 sar\u0131n, kurakl\u0131\u011f\u0131 yok edin. Oklar\u0131n\u0131z\u0131 g\u00fcnahk\u00e2rlara saplay\u0131n, g\u00fcnahs\u0131zlar\u0131 da sevindirin&#8230; Zira yery\u00fcz\u00fcndeki herkes g\u00fcnahk\u00e2r olmad\u0131\u011f\u0131 gibi g\u00f6\u011fs\u00fcn\u00fczde yatan sadece \u015fim\u015fekler de\u011fildir. Hayat verici ya\u011fmurlar\u0131n\u0131z da vard\u0131r. Sadece korku de\u011fil, ayn\u0131 zamanda umut da vard\u0131r.\u201d T\u00fcrk\u00e7eye ilk kez \u00e7evrilen Molla Nur ger\u00e7ek bir hik\u00e2yeye dayan\u0131r ve Da\u011f\u0131stan\u2019da k\u00fc\u00e7\u00fck bir grubun susuzlu\u011fa \u00e7are aramak i\u00e7in \u015eahda\u011f\u2019a yapt\u0131klar\u0131 zorlu t\u0131rman\u0131\u015fla ba\u015flar. Y\u00fcksek da\u011flar\u0131n yama\u00e7lar\u0131ndan, Molla Nur himayesindeki e\u015fk\u0131yalar\u0131n pusular\u0131na uzanan bu yolculu\u011fun \u00f6d\u00fcl\u00fcyse asl\u0131nda herkes i\u00e7in ba\u015fkad\u0131r: \u0130skender Bey sevdi\u011fine kavu\u015fmay\u0131, Fethali Bey itibar kazanmay\u0131 ve her biri Molla Nur gibi \u00f6zg\u00fcr olmay\u0131 istemektedir. Molla Nur, onlara bu \u00f6zg\u00fcrl\u00fc\u011f\u00fcn bedelini hat\u0131rlatacakt\u0131r. 1825 y\u0131l\u0131nda St.Petersburg\u2019taki Dekabrist ayaklanmas\u0131na kat\u0131ld\u0131\u011f\u0131 gerek\u00e7esiyle \u00f6nce Sibirya\u2019ya, ard\u0131ndan Kafkaslara s\u00fcr\u00fclen Aleksandr Bestujev-Marlinski\u2019nin s\u00fcrg\u00fcn d\u00f6nemi eserlerinden olan Molla Nur, 1800\u2019lerde Da\u011f\u0131stan b\u00f6lgesindeki politik yap\u0131lanmay\u0131, toplumun ya\u015fam tarz\u0131n\u0131, geleneklerini, ahlaki ve manevi de\u011ferlerini g\u00f6zler \u00f6n\u00fcne seriyor. <\/p>\n","protected":false},"excerpt":{"rendered":"<p>\u201cPerverdig\u00e2r, Y\u00fcce Tanr\u0131, h\u00e2limiz peri\u015fan! Hayat kayna\u011f\u0131m\u0131z bulutlar! Semavi s\u00fct\u00fc yery\u00fcz\u00fcne indirin, topra\u011f\u0131n yaralar\u0131n\u0131 sar\u0131n, kurakl\u0131\u011f\u0131 yok edin. Oklar\u0131n\u0131z\u0131 g\u00fcnahk\u00e2rlara saplay\u0131n, g\u00fcnahs\u0131zlar\u0131 da sevindirin&#8230; Zira yery\u00fcz\u00fcndeki<span class=\"excerpt-hellip\"> [\u2026]<\/span><\/p>\n","protected":false},"featured_media":0,"template":"","meta":{"_monsterinsights_skip_tracking":false,"_monsterinsights_sitenote_active":false,"_monsterinsights_sitenote_note":"","_monsterinsights_sitenote_category":0},"product_brand":[],"product_cat":[12291,12711],"product_tag":[],"class_list":{"0":"post-735837","1":"product","2":"type-product","3":"status-publish","5":"product_cat-edebiyat","6":"product_cat-roman-oyku","7":"pa_cilt-ciltsiz","8":"pa_tur-kitap","9":"pa_yayinevi-vakifbank-kultur-yayinlari","10":"pa_yazar-aleksandr-bestujev-marlinski","12":"first","13":"instock","14":"sale","15":"shipping-taxable","16":"purchasable","17":"product-type-simple"},"_links":{"self":[{"href":"https:\/\/roveyayinevi.com.tr\/index.php\/wp-json\/wp\/v2\/product\/735837","targetHints":{"allow":["GET"]}}],"collection":[{"href":"https:\/\/roveyayinevi.com.tr\/index.php\/wp-json\/wp\/v2\/product"}],"about":[{"href":"https:\/\/roveyayinevi.com.tr\/index.php\/wp-json\/wp\/v2\/types\/product"}],"wp:attachment":[{"href":"https:\/\/roveyayinevi.com.tr\/index.php\/wp-json\/wp\/v2\/media?parent=735837"}],"wp:term":[{"taxonomy":"product_brand","embeddable":true,"href":"https:\/\/roveyayinevi.com.tr\/index.php\/wp-json\/wp\/v2\/product_brand?post=735837"},{"taxonomy":"product_cat","embeddable":true,"href":"https:\/\/roveyayinevi.com.tr\/index.php\/wp-json\/wp\/v2\/product_cat?post=735837"},{"taxonomy":"product_tag","embeddable":true,"href":"https:\/\/roveyayinevi.com.tr\/index.php\/wp-json\/wp\/v2\/product_tag?post=735837"}],"curies":[{"name":"wp","href":"https:\/\/api.w.org\/{rel}","templated":true}]}}