{"id":735836,"date":"2025-08-27T22:56:00","date_gmt":"2025-08-27T19:56:00","guid":{"rendered":"https:\/\/roveyayinevi.com.tr\/index.php\/urun\/sihirli-flut\/"},"modified":"2026-04-16T02:44:04","modified_gmt":"2026-04-15T23:44:04","slug":"sihirli-flut","status":"publish","type":"product","link":"https:\/\/roveyayinevi.com.tr\/index.php\/urun\/sihirli-flut\/","title":{"rendered":"Sihirli Fl\u00fct"},"content":{"rendered":"<p>\u201c\u2026bu delikanl\u0131, gecenin pe\u00e7esini y\u0131rtmak ve tap\u0131naktaki b\u00fcy\u00fck kutsal \u0131\u015f\u0131\u011fa bakmak istiyor. \u2026Tamino kendisini bekleyen zor imtihanlarda muvaffak olabilecek mi? \u2026 Ya i\u00e7ine bataca\u011f\u0131 ac\u0131lardan ruhu onu terk eder ve zorlu m\u00fccadeleleri b\u0131rak\u0131rsa. O bir prens! \u2026 Daha fazlas\u0131. O bir insan!\u201d Kutsal \u0131\u015f\u0131\u011fa bakmay\u0131 istemenin bedelini insan\u0131n g\u00fc\u00e7l\u00fc ve zay\u0131f yanlar\u0131n\u0131 tan\u0131yaca\u011f\u0131 imtihanlarla \u00f6deyen Tamino\u2019nun yolculu\u011funu anlatan Sihirli Fl\u00fct operas\u0131, okuru insan olman\u0131n anlam\u0131 \u00fczerine bir kez daha d\u00fc\u015f\u00fcnmeye davet ediyor. Sevgi, dostluk ve erdem kadar, nefret, kin ve intikam duygular\u0131n\u0131n da insana \u00f6zg\u00fc oldu\u011funu anlatan eser, insan\u0131n hakikatin muhaf\u0131z\u0131 olma sorumlulu\u011fu ile s\u00f6z konusu duygular\u0131 y\u00f6netebilece\u011fine dair bir umudu payla\u015f\u0131yor. Vak\u0131fBank K\u00fclt\u00fcr Yay\u0131nlar\u0131 M\u00fczik Klasikleri\u2019nin ilk kitab\u0131 olan Sihirli Fl\u00fct, 1791 y\u0131l\u0131nda Almanya\u2019da yap\u0131lan ilk temsilinden itibaren b\u00fcy\u00fck yank\u0131 uyand\u0131rm\u0131\u015ft\u0131r. Emanuel Schikaneder taraf\u0131ndan \u015fark\u0131l\u0131 oyun (Singspiel) olarak kaleme al\u0131nan Sihirli Fl\u00fct operas\u0131, Goethe\u2019yi ikinci b\u00f6l\u00fcm\u00fcn\u00fc yazmay\u0131 d\u00fc\u015f\u00fcnd\u00fcrecek kadar etkilemi\u015f, ilk temsilinden bir ay sonra hayata g\u00f6zlerini yuman Mozart\u2019\u0131n notalar\u0131 ile \u00f6l\u00fcms\u00fczle\u015fmi\u015ftir. <\/p>\n","protected":false},"excerpt":{"rendered":"<p>\u201c\u2026bu delikanl\u0131, gecenin pe\u00e7esini y\u0131rtmak ve tap\u0131naktaki b\u00fcy\u00fck kutsal \u0131\u015f\u0131\u011fa bakmak istiyor. \u2026Tamino kendisini bekleyen zor imtihanlarda muvaffak olabilecek mi? \u2026 Ya i\u00e7ine bataca\u011f\u0131 ac\u0131lardan ruhu<span class=\"excerpt-hellip\"> [\u2026]<\/span><\/p>\n","protected":false},"featured_media":0,"template":"","meta":{"_monsterinsights_skip_tracking":false,"_monsterinsights_sitenote_active":false,"_monsterinsights_sitenote_note":"","_monsterinsights_sitenote_category":0},"product_brand":[],"product_cat":[13021,12408],"product_tag":[],"class_list":{"0":"post-735836","1":"product","2":"type-product","3":"status-publish","5":"product_cat-sahne-sanatlari","6":"product_cat-sanat","7":"pa_cilt-ciltsiz","8":"pa_tur-kitap","9":"pa_yayinevi-vakifbank-kultur-yayinlari","10":"pa_yazar-wolfgang-amadeus-mozart","12":"first","13":"instock","14":"sale","15":"shipping-taxable","16":"purchasable","17":"product-type-simple"},"_links":{"self":[{"href":"https:\/\/roveyayinevi.com.tr\/index.php\/wp-json\/wp\/v2\/product\/735836","targetHints":{"allow":["GET"]}}],"collection":[{"href":"https:\/\/roveyayinevi.com.tr\/index.php\/wp-json\/wp\/v2\/product"}],"about":[{"href":"https:\/\/roveyayinevi.com.tr\/index.php\/wp-json\/wp\/v2\/types\/product"}],"wp:attachment":[{"href":"https:\/\/roveyayinevi.com.tr\/index.php\/wp-json\/wp\/v2\/media?parent=735836"}],"wp:term":[{"taxonomy":"product_brand","embeddable":true,"href":"https:\/\/roveyayinevi.com.tr\/index.php\/wp-json\/wp\/v2\/product_brand?post=735836"},{"taxonomy":"product_cat","embeddable":true,"href":"https:\/\/roveyayinevi.com.tr\/index.php\/wp-json\/wp\/v2\/product_cat?post=735836"},{"taxonomy":"product_tag","embeddable":true,"href":"https:\/\/roveyayinevi.com.tr\/index.php\/wp-json\/wp\/v2\/product_tag?post=735836"}],"curies":[{"name":"wp","href":"https:\/\/api.w.org\/{rel}","templated":true}]}}