{"id":735835,"date":"2025-08-27T22:55:59","date_gmt":"2025-08-27T19:55:59","guid":{"rendered":"https:\/\/roveyayinevi.com.tr\/index.php\/urun\/zenginligin-anahtari\/"},"modified":"2026-02-23T11:52:15","modified_gmt":"2026-02-23T08:52:15","slug":"zenginligin-anahtari","status":"publish","type":"product","link":"https:\/\/roveyayinevi.com.tr\/index.php\/urun\/zenginligin-anahtari\/","title":{"rendered":"Zenginli\u011fin Anahtar\u0131"},"content":{"rendered":"<p>Ki\u015fi bir \u015feye haz\u0131r oldu\u011funda o \u015feyin ortaya \u00e7\u0131kaca\u011f\u0131 kesindir!Zenginli\u011fin Anahtar\u0131, ona sahip olanlar\u0131n t\u00fcm sorunlar\u0131n\u0131n \u00e7\u00f6z\u00fcm\u00fcne giden kap\u0131y\u0131 a\u00e7abilecekleri usta bir anahtard\u0131r. Sa\u011fl\u0131\u011f\u0131n kap\u0131s\u0131n\u0131 a\u00e7ar; a\u015fk ve romantizmin kap\u0131s\u0131n\u0131 a\u00e7ar; kal\u0131c\u0131 arkada\u015flar edinen ki\u015filik ve karakter \u00f6zelliklerini ortaya \u00e7\u0131kararak dostlu\u011fun kap\u0131s\u0131n\u0131 a\u00e7ar\u2026Ya\u015fam\u0131n on iki zenginli\u011fine (olumlu bir zihinsel tutum, sa\u011flam fiziksel sa\u011fl\u0131k, insan ili\u015fkilerinde uyum, korkudan kurtulmak, ba\u015far\u0131 umudu, inan\u00e7 kapasitesi, ki\u015finin iyi dileklerini payla\u015fma iste\u011fi, severek yap\u0131lan i\u015f, t\u00fcm konularda a\u00e7\u0131k fikirli olma, \u00f6z-disiplin, insanlar\u0131 anlama kapasitesi ve ekonomik g\u00fcvenlik) sahipseniz, zenginsiniz; zenginli\u011fin anahtar\u0131na sahipsiniz.T\u00fcm zamanlar\u0131n en \u00e7ok satan klasi\u011fi D\u00fc\u015f\u00fcn ve Zengin Ol\u2019un yazar\u0131 Napoleon Hill\u2019den yine harika bir eser!PEN \u00f6d\u00fcll\u00fc yazar Mitch Horowitz\u2019in edit\u00f6rl\u00fc\u011f\u00fcn\u00fc ve \u00f6zetleme g\u00f6revini \u00fcstlendi\u011fi K\u0131salt\u0131lm\u0131\u015f Klasikler Serisi, \u00e7a\u011f\u0131m\u0131za damgas\u0131n\u0131 vuran ve milyonlar\u0131 etkileyen \u00e7ok de\u011ferli kitaplar\u0131n \u00f6z h\u00e2le getirilmi\u015f versiyonlar\u0131ndan olu\u015fmaktad\u0131r. Bilginin b\u00fcy\u00fck bir h\u0131zla yay\u0131ld\u0131\u011f\u0131 modern \u00e7a\u011fda, vakti s\u0131n\u0131rl\u0131 olmas\u0131na ra\u011fmen kendini geli\u015ftirmek isteyen okurlar d\u00fc\u015f\u00fcn\u00fclerek haz\u0131rlanm\u0131\u015ft\u0131r.<\/p>\n","protected":false},"excerpt":{"rendered":"<p>Ki\u015fi bir \u015feye haz\u0131r oldu\u011funda o \u015feyin ortaya \u00e7\u0131kaca\u011f\u0131 kesindir!Zenginli\u011fin Anahtar\u0131, ona sahip olanlar\u0131n t\u00fcm sorunlar\u0131n\u0131n \u00e7\u00f6z\u00fcm\u00fcne giden kap\u0131y\u0131 a\u00e7abilecekleri usta bir anahtard\u0131r. Sa\u011fl\u0131\u011f\u0131n kap\u0131s\u0131n\u0131 a\u00e7ar;<span class=\"excerpt-hellip\"> [\u2026]<\/span><\/p>\n","protected":false},"featured_media":0,"template":"","meta":{"_monsterinsights_skip_tracking":false,"_monsterinsights_sitenote_active":false,"_monsterinsights_sitenote_note":"","_monsterinsights_sitenote_category":0},"product_brand":[],"product_cat":[12364,12376],"product_tag":[],"class_list":{"0":"post-735835","1":"product","2":"type-product","3":"status-publish","5":"product_cat-genel-konular","6":"product_cat-kisisel-gelisim","7":"pa_cilt-ciltsiz","8":"pa_tur-kitap","9":"pa_yayinevi-sola-unitas","10":"pa_yazar-napoleon-hill","12":"first","13":"instock","14":"sale","15":"shipping-taxable","16":"purchasable","17":"product-type-simple"},"_links":{"self":[{"href":"https:\/\/roveyayinevi.com.tr\/index.php\/wp-json\/wp\/v2\/product\/735835","targetHints":{"allow":["GET"]}}],"collection":[{"href":"https:\/\/roveyayinevi.com.tr\/index.php\/wp-json\/wp\/v2\/product"}],"about":[{"href":"https:\/\/roveyayinevi.com.tr\/index.php\/wp-json\/wp\/v2\/types\/product"}],"wp:attachment":[{"href":"https:\/\/roveyayinevi.com.tr\/index.php\/wp-json\/wp\/v2\/media?parent=735835"}],"wp:term":[{"taxonomy":"product_brand","embeddable":true,"href":"https:\/\/roveyayinevi.com.tr\/index.php\/wp-json\/wp\/v2\/product_brand?post=735835"},{"taxonomy":"product_cat","embeddable":true,"href":"https:\/\/roveyayinevi.com.tr\/index.php\/wp-json\/wp\/v2\/product_cat?post=735835"},{"taxonomy":"product_tag","embeddable":true,"href":"https:\/\/roveyayinevi.com.tr\/index.php\/wp-json\/wp\/v2\/product_tag?post=735835"}],"curies":[{"name":"wp","href":"https:\/\/api.w.org\/{rel}","templated":true}]}}