{"id":735833,"date":"2025-08-27T22:55:57","date_gmt":"2025-08-27T19:55:57","guid":{"rendered":"https:\/\/roveyayinevi.com.tr\/index.php\/urun\/uzun-lafin-kisasi\/"},"modified":"2026-04-16T02:44:03","modified_gmt":"2026-04-15T23:44:03","slug":"uzun-lafin-kisasi","status":"publish","type":"product","link":"https:\/\/roveyayinevi.com.tr\/index.php\/urun\/uzun-lafin-kisasi\/","title":{"rendered":"Uzun Laf\u0131n K\u0131sas\u0131"},"content":{"rendered":"<p>Y\u0131llar boyu \u00fclkemde ve yurt d\u0131\u015f\u0131nda bir\u00e7ok sava\u015f ve operasyonlar\u0131 izledim, tarihi olaylara tan\u0131k oldum. Y\u0131llarca sahada bulundum. Y\u00f6neticilik yapt\u0131\u011f\u0131m y\u0131llarda, hep sahay\u0131 \u00f6zledim. Masa ba\u015f\u0131nda de\u011fil, sahada insan\u0131 anlamaya \u00e7al\u0131\u015farak gazetecilik yapmaya \u00e7al\u0131\u015ft\u0131m. Hem cumhurba\u015fkanlar\u0131yla, ba\u015fbakanlarla, bakanlarla, komutanlarla dost oldum hem de en garibanlarla\u2026 Dostlar\u0131m\u0131n nazik istekleriyle dizi yaz\u0131lar\u0131m\u0131n bir k\u0131sm\u0131n\u0131, Uzun Laf\u0131n K\u0131sas\u0131 ad\u0131yla kitap haline getirdim.Bu kitab\u0131 haz\u0131rlamakta maksad\u0131m, 30 y\u0131l\u0131 a\u015fan tan\u0131kl\u0131\u011f\u0131m\u0131z\u0131 yeni nesillere aktarmakt\u0131r. Rahmetli babam s\u0131k s\u0131k \u2018kul olmak, en b\u00fcy\u00fck payedir\u2019 derdi. En b\u00fcy\u00fck \u015f\u00f6hretimizin, kulluk olsun temennisiyle\u2026 Yusuf Sancak <\/p>\n","protected":false},"excerpt":{"rendered":"<p>Y\u0131llar boyu \u00fclkemde ve yurt d\u0131\u015f\u0131nda bir\u00e7ok sava\u015f ve operasyonlar\u0131 izledim, tarihi olaylara tan\u0131k oldum. Y\u0131llarca sahada bulundum. Y\u00f6neticilik yapt\u0131\u011f\u0131m y\u0131llarda, hep sahay\u0131 \u00f6zledim. Masa ba\u015f\u0131nda<span class=\"excerpt-hellip\"> [\u2026]<\/span><\/p>\n","protected":false},"featured_media":0,"template":"","meta":{"_monsterinsights_skip_tracking":false,"_monsterinsights_sitenote_active":false,"_monsterinsights_sitenote_note":"","_monsterinsights_sitenote_category":0},"product_brand":[],"product_cat":[13059,12337],"product_tag":[],"class_list":{"0":"post-735833","1":"product","2":"type-product","3":"status-publish","5":"product_cat-diger-politika-siyaset","6":"product_cat-politika-siyaset","7":"pa_cilt-ciltsiz","8":"pa_tur-kitap","9":"pa_yayinevi-biyografi-net-yayincilik","10":"pa_yazar-yusuf-sancak","12":"first","13":"instock","14":"sale","15":"shipping-taxable","16":"purchasable","17":"product-type-simple"},"_links":{"self":[{"href":"https:\/\/roveyayinevi.com.tr\/index.php\/wp-json\/wp\/v2\/product\/735833","targetHints":{"allow":["GET"]}}],"collection":[{"href":"https:\/\/roveyayinevi.com.tr\/index.php\/wp-json\/wp\/v2\/product"}],"about":[{"href":"https:\/\/roveyayinevi.com.tr\/index.php\/wp-json\/wp\/v2\/types\/product"}],"wp:attachment":[{"href":"https:\/\/roveyayinevi.com.tr\/index.php\/wp-json\/wp\/v2\/media?parent=735833"}],"wp:term":[{"taxonomy":"product_brand","embeddable":true,"href":"https:\/\/roveyayinevi.com.tr\/index.php\/wp-json\/wp\/v2\/product_brand?post=735833"},{"taxonomy":"product_cat","embeddable":true,"href":"https:\/\/roveyayinevi.com.tr\/index.php\/wp-json\/wp\/v2\/product_cat?post=735833"},{"taxonomy":"product_tag","embeddable":true,"href":"https:\/\/roveyayinevi.com.tr\/index.php\/wp-json\/wp\/v2\/product_tag?post=735833"}],"curies":[{"name":"wp","href":"https:\/\/api.w.org\/{rel}","templated":true}]}}