{"id":735832,"date":"2025-08-27T22:55:56","date_gmt":"2025-08-27T19:55:56","guid":{"rendered":"https:\/\/roveyayinevi.com.tr\/index.php\/urun\/gaspirali-ismail-bey\/"},"modified":"2026-04-16T02:44:03","modified_gmt":"2026-04-15T23:44:03","slug":"gaspirali-ismail-bey","status":"publish","type":"product","link":"https:\/\/roveyayinevi.com.tr\/index.php\/urun\/gaspirali-ismail-bey\/","title":{"rendered":"Gasp\u0131ral\u0131 \u0130smail Bey"},"content":{"rendered":"<p>Gasp\u0131ral\u0131 \u0130smail Bey b\u00fct\u00fcn hayat\u0131n\u0131 T\u00fcrkl\u00fc\u011fe vakfederek tarihte pek az insana nasip olacak kadar m\u00fcspet bir i\u015f g\u00f6rm\u00fc\u015ft\u00fcr\u2026 \u0130smail Bey hakk\u0131nda T\u00fcrk d\u00fcnyas\u0131nda pek \u00e7ok makaleler ne\u015fredildiyse de, \u015fimdiye kadar hayat\u0131, fikirleri ve i\u015fleri hakk\u0131nda, k\u0131sa da olsa, bir kitap yaz\u0131lamad\u0131.  T\u00fcrk \u00e2lemine bu eseri takdime cesaret ederken, bunun bir tecr\u00fcbe telakki edilmesini rica ederim. Bu tarihi, hatta kuts\u00ee mevzuyu de\u011ferli T\u00fcrk evlatlar\u0131n\u0131n daha esasl\u0131 i\u015flemelerini temenni ederiz.  Bu eser \u0130smail Bey&#8217;i, bihakk\u0131n tan\u0131tmaya muvaffak olmasa bile, rahmetle and\u0131rmaya ve T\u00fcrk gen\u00e7lerine sevdirmeye yarar \u00fcmidindeyiz.  Biz bu niyetten kuvvet ve cesaret ald\u0131k ve bu maksad\u0131m\u0131z\u0131n kusurlar\u0131m\u0131z\u0131 ba\u011f\u0131\u015flataca\u011f\u0131na inanarak, T\u00fcrk millet\u00e7ilerine bu kitab\u0131 takdime kalk\u0131\u015ft\u0131k. CAFER SEYDAMET KIRIMER <\/p>\n","protected":false},"excerpt":{"rendered":"<p>Gasp\u0131ral\u0131 \u0130smail Bey b\u00fct\u00fcn hayat\u0131n\u0131 T\u00fcrkl\u00fc\u011fe vakfederek tarihte pek az insana nasip olacak kadar m\u00fcspet bir i\u015f g\u00f6rm\u00fc\u015ft\u00fcr\u2026 \u0130smail Bey hakk\u0131nda T\u00fcrk d\u00fcnyas\u0131nda pek \u00e7ok makaleler<span class=\"excerpt-hellip\"> [\u2026]<\/span><\/p>\n","protected":false},"featured_media":0,"template":"","meta":{"_monsterinsights_skip_tracking":false,"_monsterinsights_sitenote_active":false,"_monsterinsights_sitenote_note":"","_monsterinsights_sitenote_category":0},"product_brand":[],"product_cat":[14009,12291],"product_tag":[],"class_list":{"0":"post-735832","1":"product","2":"type-product","3":"status-publish","5":"product_cat-biyografi-otobiyografi-edebiyat","6":"product_cat-edebiyat","7":"pa_cilt-ciltsiz","8":"pa_tur-kitap","9":"pa_yayinevi-biyografi-net-yayincilik","10":"pa_yazar-cafer-seydahmet-kirimer","12":"first","13":"instock","14":"sale","15":"shipping-taxable","16":"purchasable","17":"product-type-simple"},"_links":{"self":[{"href":"https:\/\/roveyayinevi.com.tr\/index.php\/wp-json\/wp\/v2\/product\/735832","targetHints":{"allow":["GET"]}}],"collection":[{"href":"https:\/\/roveyayinevi.com.tr\/index.php\/wp-json\/wp\/v2\/product"}],"about":[{"href":"https:\/\/roveyayinevi.com.tr\/index.php\/wp-json\/wp\/v2\/types\/product"}],"wp:attachment":[{"href":"https:\/\/roveyayinevi.com.tr\/index.php\/wp-json\/wp\/v2\/media?parent=735832"}],"wp:term":[{"taxonomy":"product_brand","embeddable":true,"href":"https:\/\/roveyayinevi.com.tr\/index.php\/wp-json\/wp\/v2\/product_brand?post=735832"},{"taxonomy":"product_cat","embeddable":true,"href":"https:\/\/roveyayinevi.com.tr\/index.php\/wp-json\/wp\/v2\/product_cat?post=735832"},{"taxonomy":"product_tag","embeddable":true,"href":"https:\/\/roveyayinevi.com.tr\/index.php\/wp-json\/wp\/v2\/product_tag?post=735832"}],"curies":[{"name":"wp","href":"https:\/\/api.w.org\/{rel}","templated":true}]}}