{"id":735830,"date":"2025-08-27T22:55:53","date_gmt":"2025-08-27T19:55:53","guid":{"rendered":"https:\/\/roveyayinevi.com.tr\/index.php\/urun\/kolay-piyano-albumu-1\/"},"modified":"2025-09-24T13:55:07","modified_gmt":"2025-09-24T10:55:07","slug":"kolay-piyano-albumu-1","status":"publish","type":"product","link":"https:\/\/roveyayinevi.com.tr\/index.php\/urun\/kolay-piyano-albumu-1\/","title":{"rendered":"Kolay Piyano Alb\u00fcm\u00fc 1"},"content":{"rendered":"<p>Bu Piyano Alb\u00fcm\u00fc 8 ya\u015f ve \u00fczeri olan t\u00fcm \u00f6\u011frenciler i\u00e7in haz\u0131rlanm\u0131\u015ft\u0131r.   Piyanoya yeni ba\u015flayan \u00e7ocuklar ve di\u011fer ya\u015ftaki bireyler ilk \u00f6\u011frenim a\u015famas\u0131ndan itibaren kula\u011fa ho\u015f gelen t\u00fcrk\u00fcler, \u015fark\u0131lar (k\u00fclt\u00fcr\u00fcm\u00fcze ait m\u00fczikler) \u00e7almay\u0131 arzu ederler. Bu Piyano Alb\u00fcm\u00fc, piyano e\u011fitimine yeni ba\u015flam\u0131\u015f bir \u00f6\u011frencinin ek kaynak olarak kullanabilece\u011fi kolay seviyede eserlerden olu\u015fmu\u015ftur. Kitaptaki eserler \u00f6\u011frencinin piyano teknik seviyesini geli\u015ftirmeye y\u00f6nelik olarak \u00f6zenle d\u00fczenlenmi\u015ftir. Ba\u015flang\u0131\u00e7 a\u015famas\u0131ndaki nota okuma ve nota takip becerisi d\u00fc\u015f\u00fcn\u00fclerek, eserler okumas\u0131 kolay bir d\u00fczende ve b\u00fcy\u00fckl\u00fckte yaz\u0131lm\u0131\u015ft\u0131r. Bu Alb\u00fcm\u00fc, her ya\u015f grubunda piyanoya ba\u015flayanlara ek olarak, \u00fcniversitelerinin m\u00fczik \u00f6\u011fretmenli\u011fi b\u00f6l\u00fcmleri, m\u00fczikoloji ve teknoloji b\u00f6l\u00fcmleri, devlet konservatuvarlar\u0131 (T\u00fcrk M\u00fczi\u011fi devlet konservatuvar\u0131), g\u00fczel sanatlar liseleri ve t\u00fcm \u00f6zel kurs merkezlerindeki piyanoya yeni ba\u015flayan \u00f6\u011frenciler en temel seviyeden itibaren kullanabilirler. \u201cPiyano Alb\u00fcm\u00fc 1\u201d den sonra yay\u0131nlanacak olan \u201cPiyano Alb\u00fcm\u00fc 2\u201d ayn\u0131 seviye d\u00fczeni i\u00e7erisinde tamamen farkl\u0131 eserler ile olu\u015fturulacakt\u0131r.<\/p>\n","protected":false},"excerpt":{"rendered":"<p>Bu Piyano Alb\u00fcm\u00fc 8 ya\u015f ve \u00fczeri olan t\u00fcm \u00f6\u011frenciler i\u00e7in haz\u0131rlanm\u0131\u015ft\u0131r. Piyanoya yeni ba\u015flayan \u00e7ocuklar ve di\u011fer ya\u015ftaki bireyler ilk \u00f6\u011frenim a\u015famas\u0131ndan itibaren kula\u011fa ho\u015f<span class=\"excerpt-hellip\"> [\u2026]<\/span><\/p>\n","protected":false},"featured_media":0,"template":"","meta":{"_monsterinsights_skip_tracking":false,"_monsterinsights_sitenote_active":false,"_monsterinsights_sitenote_note":"","_monsterinsights_sitenote_category":0},"product_brand":[],"product_cat":[14556,20810],"product_tag":[],"class_list":{"0":"post-735830","1":"product","2":"type-product","3":"status-publish","5":"product_cat-muzik","6":"product_cat-ogrenim-kitaplari","7":"pa_cilt-ciltsiz","8":"pa_tur-kitap","9":"pa_yayinevi-kitapol-yayinlari","10":"pa_yazar-baris-toptas","12":"first","13":"instock","14":"sale","15":"shipping-taxable","16":"purchasable","17":"product-type-simple"},"_links":{"self":[{"href":"https:\/\/roveyayinevi.com.tr\/index.php\/wp-json\/wp\/v2\/product\/735830","targetHints":{"allow":["GET"]}}],"collection":[{"href":"https:\/\/roveyayinevi.com.tr\/index.php\/wp-json\/wp\/v2\/product"}],"about":[{"href":"https:\/\/roveyayinevi.com.tr\/index.php\/wp-json\/wp\/v2\/types\/product"}],"wp:attachment":[{"href":"https:\/\/roveyayinevi.com.tr\/index.php\/wp-json\/wp\/v2\/media?parent=735830"}],"wp:term":[{"taxonomy":"product_brand","embeddable":true,"href":"https:\/\/roveyayinevi.com.tr\/index.php\/wp-json\/wp\/v2\/product_brand?post=735830"},{"taxonomy":"product_cat","embeddable":true,"href":"https:\/\/roveyayinevi.com.tr\/index.php\/wp-json\/wp\/v2\/product_cat?post=735830"},{"taxonomy":"product_tag","embeddable":true,"href":"https:\/\/roveyayinevi.com.tr\/index.php\/wp-json\/wp\/v2\/product_tag?post=735830"}],"curies":[{"name":"wp","href":"https:\/\/api.w.org\/{rel}","templated":true}]}}