{"id":735829,"date":"2025-08-27T22:54:57","date_gmt":"2025-08-27T19:54:57","guid":{"rendered":"https:\/\/roveyayinevi.com.tr\/index.php\/urun\/kucuk-buzul-cagi\/"},"modified":"2026-04-16T02:44:03","modified_gmt":"2026-04-15T23:44:03","slug":"kucuk-buzul-cagi","status":"publish","type":"product","link":"https:\/\/roveyayinevi.com.tr\/index.php\/urun\/kucuk-buzul-cagi\/","title":{"rendered":"K\u00fc\u00e7\u00fck Buzul \u00c7a\u011f\u0131"},"content":{"rendered":"<p>\u0130klimbilimciler bilimsel ve teknolojik geli\u015fmelerin yard\u0131m\u0131yla son on y\u0131l i\u00e7inde, iklim ko\u015fullar\u0131n\u0131n yakla\u015f\u0131k son bin y\u0131lda ge\u00e7irdi\u011fi de\u011fi\u015fime dair net bir g\u00f6r\u00fcnt\u00fc elde etmeyi ba\u015fard\u0131lar. Bu ke\u015fif, uzun s\u00fcredir duyulan birtak\u0131m ku\u015fkular\u0131 do\u011frular nitelikteydi: Son Buzul \u00c7a\u011f\u0131 yakla\u015f\u0131k 13.000 y\u0131l \u00f6nce sona ermesine kar\u015f\u0131n, MS 1300-1850 y\u0131llar\u0131 aras\u0131nda d\u00fcnya bir so\u011fuma d\u00f6neminden ge\u00e7mi\u015fti. Uzmanlar bu periyoda \u201cK\u00fc\u00e7\u00fck Buzul \u00c7a\u011f\u0131\u201d ad\u0131n\u0131 verdi. Fakat bu tespit bu kez daha b\u00fcy\u00fck ba\u015fka ku\u015fkular do\u011furdu: Bu periyodun sonu neden Sanayi Devrimiyle, yani k\u00fcresel \u0131s\u0131nmaya giden yolun ba\u015flang\u0131c\u0131yla \u00e7ak\u0131\u015f\u0131yordu? Yoksa&#8230; Arkeolog Brian Fagan bu eserinde Vikinglerin \u0130zlanda, Gr\u00f6nland ve Kuzey Amerika\u2019da kurduklar\u0131 ilk kolonilerin kal\u0131nt\u0131lar\u0131 \u00fczerinde yap\u0131lan incelemelerden yola \u00e7\u0131k\u0131p \u00f6zellikle Avrupa tarihindeki b\u00fcy\u00fck olaylara mercek tutarak iklim de\u011fi\u015fiminin tarihin ak\u0131\u015f\u0131 \u00fczerindeki etkisini inceliyor. Fagan, bilim, arkeoloji ve tarih okurlar\u0131n\u0131n ilgisini \u00e7ekmeyi ba\u015far\u0131yor.   \u201cFagan bu harikulade kitab\u0131nda insan toplumunun iklim zikzaklar\u0131 kar\u015f\u0131s\u0131nda ne kadar savunmas\u0131z oldu\u011funu g\u00f6steriyor.\u201d \u2014 New Scientist <\/p>\n","protected":false},"excerpt":{"rendered":"<p>\u0130klimbilimciler bilimsel ve teknolojik geli\u015fmelerin yard\u0131m\u0131yla son on y\u0131l i\u00e7inde, iklim ko\u015fullar\u0131n\u0131n yakla\u015f\u0131k son bin y\u0131lda ge\u00e7irdi\u011fi de\u011fi\u015fime dair net bir g\u00f6r\u00fcnt\u00fc elde etmeyi ba\u015fard\u0131lar. Bu<span class=\"excerpt-hellip\"> [\u2026]<\/span><\/p>\n","protected":false},"featured_media":0,"template":"","meta":{"_monsterinsights_skip_tracking":false,"_monsterinsights_sitenote_active":false,"_monsterinsights_sitenote_note":"","_monsterinsights_sitenote_category":0},"product_brand":[],"product_cat":[12370,12304],"product_tag":[],"class_list":{"0":"post-735829","1":"product","2":"type-product","3":"status-publish","5":"product_cat-arastirma-inceleme","6":"product_cat-tarih","7":"pa_cilt-ciltsiz","8":"pa_tur-kitap","9":"pa_yayinevi-say-yayinlari","10":"pa_yazar-brian-fagan","12":"first","13":"instock","14":"sale","15":"shipping-taxable","16":"purchasable","17":"product-type-simple"},"_links":{"self":[{"href":"https:\/\/roveyayinevi.com.tr\/index.php\/wp-json\/wp\/v2\/product\/735829","targetHints":{"allow":["GET"]}}],"collection":[{"href":"https:\/\/roveyayinevi.com.tr\/index.php\/wp-json\/wp\/v2\/product"}],"about":[{"href":"https:\/\/roveyayinevi.com.tr\/index.php\/wp-json\/wp\/v2\/types\/product"}],"wp:attachment":[{"href":"https:\/\/roveyayinevi.com.tr\/index.php\/wp-json\/wp\/v2\/media?parent=735829"}],"wp:term":[{"taxonomy":"product_brand","embeddable":true,"href":"https:\/\/roveyayinevi.com.tr\/index.php\/wp-json\/wp\/v2\/product_brand?post=735829"},{"taxonomy":"product_cat","embeddable":true,"href":"https:\/\/roveyayinevi.com.tr\/index.php\/wp-json\/wp\/v2\/product_cat?post=735829"},{"taxonomy":"product_tag","embeddable":true,"href":"https:\/\/roveyayinevi.com.tr\/index.php\/wp-json\/wp\/v2\/product_tag?post=735829"}],"curies":[{"name":"wp","href":"https:\/\/api.w.org\/{rel}","templated":true}]}}