{"id":735828,"date":"2025-08-27T22:54:56","date_gmt":"2025-08-27T19:54:56","guid":{"rendered":"https:\/\/roveyayinevi.com.tr\/index.php\/urun\/cumhuriyetci-olmak\/"},"modified":"2026-04-16T02:44:03","modified_gmt":"2026-04-15T23:44:03","slug":"cumhuriyetci-olmak","status":"publish","type":"product","link":"https:\/\/roveyayinevi.com.tr\/index.php\/urun\/cumhuriyetci-olmak\/","title":{"rendered":"Cumhuriyet\u00e7i Olmak"},"content":{"rendered":"<p>Atat\u00fcrk\u2019\u00fcn en b\u00fcy\u00fck kurumu olan Cumhuriyet, t\u00fcm kar\u015f\u0131devrimci ataklara kar\u015f\u0131n 100. y\u0131l\u0131na varm\u0131\u015ft\u0131r.Atat\u00fcrk ile bir avu\u00e7 ayd\u0131n\u0131n yaratt\u0131\u011f\u0131 devrim ise \u00e7ok b\u00fcy\u00fck bir tarihsel d\u00f6neme\u00e7tir ve d\u00fcnyan\u0131n o g\u00fcne dek ya\u015fad\u0131\u011f\u0131 at\u0131l\u0131mlar\u0131n hemen hemen hepsini i\u00e7erir.Usta gazeteci I\u015f\u0131k Kansu, T\u00fcrkiye Cumhuriyeti&#8217;nin i\u00e7ine d\u00fc\u015f\u00fcr\u00fcld\u00fc\u011f\u00fc a\u00e7maz\u0131n \u00e7\u0131k\u0131\u015f yollar\u0131n\u0131 g\u00f6steriyor, Cumhuriyet\u00e7ilerin temel \u00f6zelliklerinin umudu yitirmemek oldu\u011funu vurguluyor ve \u015f\u00f6yle sesleniyor:\u201cCumhuriyet\u00e7ilere teneff\u00fcs yok. Soluk almadan \u00e7al\u0131\u015faca\u011f\u0131z. Cumhuriyet i\u00e7in, Cumhuriyet devriminin sonsuzlu\u011fu i\u00e7in&#8230;&#8221;<\/p>\n","protected":false},"excerpt":{"rendered":"<p>Atat\u00fcrk\u2019\u00fcn en b\u00fcy\u00fck kurumu olan Cumhuriyet, t\u00fcm kar\u015f\u0131devrimci ataklara kar\u015f\u0131n 100. y\u0131l\u0131na varm\u0131\u015ft\u0131r.Atat\u00fcrk ile bir avu\u00e7 ayd\u0131n\u0131n yaratt\u0131\u011f\u0131 devrim ise \u00e7ok b\u00fcy\u00fck bir tarihsel d\u00f6neme\u00e7tir ve<span class=\"excerpt-hellip\"> [\u2026]<\/span><\/p>\n","protected":false},"featured_media":0,"template":"","meta":{"_monsterinsights_skip_tracking":false,"_monsterinsights_sitenote_active":false,"_monsterinsights_sitenote_note":"","_monsterinsights_sitenote_category":0},"product_brand":[],"product_cat":[12370,12304],"product_tag":[],"class_list":{"0":"post-735828","1":"product","2":"type-product","3":"status-publish","5":"product_cat-arastirma-inceleme","6":"product_cat-tarih","7":"pa_cilt-ciltsiz","8":"pa_tur-kitap","9":"pa_yayinevi-cumhuriyet-kitaplari","10":"pa_yazar-isik-kansu","12":"first","13":"instock","14":"sale","15":"shipping-taxable","16":"purchasable","17":"product-type-simple"},"_links":{"self":[{"href":"https:\/\/roveyayinevi.com.tr\/index.php\/wp-json\/wp\/v2\/product\/735828","targetHints":{"allow":["GET"]}}],"collection":[{"href":"https:\/\/roveyayinevi.com.tr\/index.php\/wp-json\/wp\/v2\/product"}],"about":[{"href":"https:\/\/roveyayinevi.com.tr\/index.php\/wp-json\/wp\/v2\/types\/product"}],"wp:attachment":[{"href":"https:\/\/roveyayinevi.com.tr\/index.php\/wp-json\/wp\/v2\/media?parent=735828"}],"wp:term":[{"taxonomy":"product_brand","embeddable":true,"href":"https:\/\/roveyayinevi.com.tr\/index.php\/wp-json\/wp\/v2\/product_brand?post=735828"},{"taxonomy":"product_cat","embeddable":true,"href":"https:\/\/roveyayinevi.com.tr\/index.php\/wp-json\/wp\/v2\/product_cat?post=735828"},{"taxonomy":"product_tag","embeddable":true,"href":"https:\/\/roveyayinevi.com.tr\/index.php\/wp-json\/wp\/v2\/product_tag?post=735828"}],"curies":[{"name":"wp","href":"https:\/\/api.w.org\/{rel}","templated":true}]}}